{"id":109814,"date":"2025-05-29T11:14:53","date_gmt":"2025-05-29T09:14:53","guid":{"rendered":"https:\/\/abinox-chr-clim.com\/index.php\/product\/pichet-a-pompe-double-paroi-nisbets-essentials-19l\/"},"modified":"2026-04-24T11:25:18","modified_gmt":"2026-04-24T09:25:18","slug":"pichet-a-pompe-double-paroi-nisbets-essentials-19l","status":"publish","type":"product","link":"https:\/\/abinox-chr-clim.com\/index.php\/product\/pichet-a-pompe-double-paroi-nisbets-essentials-19l\/","title":{"rendered":"Pichet \u00e0 pompe double paroi Nisbets Essentials 1,9L"},"content":{"rendered":"<p>Con\u00e7u pour une excellente r\u00e9tention de la chaleur, ce pichet en acier inoxydable pr\u00e9sente une conception \u00e0 double paroi pour garder les boissons chaudes ou froides \u00e0 la temp\u00e9rature de service id\u00e9ale plus longtemps. Avec poign\u00e9e de transport pour un transport facile.<\/p>\n<p>\u2022 Le corps en acier inoxydable \u00e0 double paroi offre une excellente r\u00e9tention de la chaleur<br \/>\u2022 Excellente isolation garde le liquide au chaud jusqu&rsquo;\u00e0 4 heures<br \/>\u2022 Le mat\u00e9riau en acier inoxydable offre une excellente durabilit\u00e9<br \/>\u2022 La poign\u00e9e de transport permet un transport facile et confortable<br \/>\u2022 Pompe \u00e0 levier pour une distribution facile et contr\u00f4l\u00e9e<br \/>\u2022 Loquet de verrouillage ouverture\/fermeture sur le levier pour \u00e9viter une distribution accidentelle<br \/>\u2022 Capacit\u00e9 1,9L<\/p>\n<p><b><u>Caract\u00e9ristiques du produit :<\/u><\/b><br \/>\u2022 Dim. : 335(H) x 130(\u00d8)mm<br \/>\u2022 Mati\u00e8re : Inox<br \/>\u2022 Poids : 1,11 kg<br \/>\u2022 Couleur : Argent.<\/p>\n","protected":false},"excerpt":{"rendered":"<p>Capacit\u00e9 : 1,9L<\/p>\n","protected":false},"featured_media":106716,"comment_status":"open","ping_status":"closed","template":"","meta":[],"product_brand":[],"product_cat":[1023,1297,1059,1051],"product_tag":[],"class_list":{"0":"post-109814","1":"product","2":"type-product","3":"status-publish","4":"has-post-thumbnail","6":"product_cat-art-de-la-table","7":"product_cat-non-palettisable","8":"product_cat-pichets-et-carafes","9":"product_cat-verrerie","10":"product_shipping_class-free-shipping","12":"first","13":"outofstock","14":"featured","15":"taxable","16":"shipping-taxable","17":"purchasable","18":"product-type-simple"},"_links":{"self":[{"href":"https:\/\/abinox-chr-clim.com\/index.php\/wp-json\/wp\/v2\/product\/109814","targetHints":{"allow":["GET"]}}],"collection":[{"href":"https:\/\/abinox-chr-clim.com\/index.php\/wp-json\/wp\/v2\/product"}],"about":[{"href":"https:\/\/abinox-chr-clim.com\/index.php\/wp-json\/wp\/v2\/types\/product"}],"replies":[{"embeddable":true,"href":"https:\/\/abinox-chr-clim.com\/index.php\/wp-json\/wp\/v2\/comments?post=109814"}],"wp:featuredmedia":[{"embeddable":true,"href":"https:\/\/abinox-chr-clim.com\/index.php\/wp-json\/wp\/v2\/media\/106716"}],"wp:attachment":[{"href":"https:\/\/abinox-chr-clim.com\/index.php\/wp-json\/wp\/v2\/media?parent=109814"}],"wp:term":[{"taxonomy":"product_brand","embeddable":true,"href":"https:\/\/abinox-chr-clim.com\/index.php\/wp-json\/wp\/v2\/product_brand?post=109814"},{"taxonomy":"product_cat","embeddable":true,"href":"https:\/\/abinox-chr-clim.com\/index.php\/wp-json\/wp\/v2\/product_cat?post=109814"},{"taxonomy":"product_tag","embeddable":true,"href":"https:\/\/abinox-chr-clim.com\/index.php\/wp-json\/wp\/v2\/product_tag?post=109814"}],"curies":[{"name":"wp","href":"https:\/\/api.w.org\/{rel}","templated":true}]}}