{"id":109784,"date":"2025-05-29T11:13:53","date_gmt":"2025-05-29T09:13:53","guid":{"rendered":"https:\/\/abinox-chr-clim.com\/index.php\/product\/chariot-de-service-compact-en-polypropylene-nisbets-essentials\/"},"modified":"2026-03-16T12:03:07","modified_gmt":"2026-03-16T11:03:07","slug":"chariot-de-service-compact-en-polypropylene-nisbets-essentials","status":"publish","type":"product","link":"https:\/\/abinox-chr-clim.com\/index.php\/product\/chariot-de-service-compact-en-polypropylene-nisbets-essentials\/","title":{"rendered":"Chariot de service compact en polypropyl\u00e8ne Nisbets Essentials"},"content":{"rendered":"<p>Chariot robuste polyvalent en polypropyl\u00e8ne avec roulettes. Poubelle et bac \u00e0 couverts vendus s\u00e9par\u00e9ment. Charge maximum 60kg.<\/p>\n<p>\u2022 Cadre robuste et r\u00e9sistant<br \/>\u2022 Id\u00e9al pour transporter des assiettes, du mat\u00e9riel ou des plateaux de service<br \/>\u2022 Charge maximum : 60kg<br \/>\u2022 R\u00e9f\u00e9rence soumise \u00e0 une Eco-participation de 1.89\u20ac par unit\u00e9 vendue applicable en France uniquement\u00a0<br \/>\u2022 Compatible avec la poubelle \u00e0 suspendre (J691) et le bac \u00e0 couverts (J702)<\/p>\n<p><b><u>Caract\u00e9ristiques du produit :<\/u><\/b><br \/>\u2022 Capacit\u00e9 : 60 kg<br \/>\u2022 Dim. : 902(H) x 820(L) x 412(P) mm<br \/>\u2022 Mati\u00e8re : Polypropyl\u00e8ne<br \/>\u2022 Poids : 10 kg<br \/>\u2022 Couleur : Gris.<\/p>\n","protected":false},"excerpt":{"rendered":"<p>Dimensions: 965(H) x 800(L) x 420(P) mm. Capacit\u00e9 : 60kg<\/p>\n","protected":false},"featured_media":106100,"comment_status":"open","ping_status":"closed","template":"","meta":[],"product_brand":[],"product_cat":[1148,1147,1146,1297],"product_tag":[],"class_list":{"0":"post-109784","1":"product","2":"type-product","3":"status-publish","4":"has-post-thumbnail","6":"product_cat-chariots-de-service","7":"product_cat-chariots-et-rayonnages","8":"product_cat-mobilier-de-cuisine-chariots-et-echelles","9":"product_cat-non-palettisable","10":"product_shipping_class-free-shipping","12":"first","13":"outofstock","14":"featured","15":"taxable","16":"shipping-taxable","17":"purchasable","18":"product-type-simple"},"_links":{"self":[{"href":"https:\/\/abinox-chr-clim.com\/index.php\/wp-json\/wp\/v2\/product\/109784","targetHints":{"allow":["GET"]}}],"collection":[{"href":"https:\/\/abinox-chr-clim.com\/index.php\/wp-json\/wp\/v2\/product"}],"about":[{"href":"https:\/\/abinox-chr-clim.com\/index.php\/wp-json\/wp\/v2\/types\/product"}],"replies":[{"embeddable":true,"href":"https:\/\/abinox-chr-clim.com\/index.php\/wp-json\/wp\/v2\/comments?post=109784"}],"wp:featuredmedia":[{"embeddable":true,"href":"https:\/\/abinox-chr-clim.com\/index.php\/wp-json\/wp\/v2\/media\/106100"}],"wp:attachment":[{"href":"https:\/\/abinox-chr-clim.com\/index.php\/wp-json\/wp\/v2\/media?parent=109784"}],"wp:term":[{"taxonomy":"product_brand","embeddable":true,"href":"https:\/\/abinox-chr-clim.com\/index.php\/wp-json\/wp\/v2\/product_brand?post=109784"},{"taxonomy":"product_cat","embeddable":true,"href":"https:\/\/abinox-chr-clim.com\/index.php\/wp-json\/wp\/v2\/product_cat?post=109784"},{"taxonomy":"product_tag","embeddable":true,"href":"https:\/\/abinox-chr-clim.com\/index.php\/wp-json\/wp\/v2\/product_tag?post=109784"}],"curies":[{"name":"wp","href":"https:\/\/api.w.org\/{rel}","templated":true}]}}