{"id":109783,"date":"2025-05-29T11:13:52","date_gmt":"2025-05-29T09:13:52","guid":{"rendered":"https:\/\/abinox-chr-clim.com\/index.php\/product\/table-inox-nisbets-essentials-120-x-60-cm\/"},"modified":"2026-04-02T09:45:04","modified_gmt":"2026-04-02T07:45:04","slug":"table-inox-nisbets-essentials-120-x-60-cm","status":"publish","type":"product","link":"https:\/\/abinox-chr-clim.com\/index.php\/product\/table-inox-nisbets-essentials-120-x-60-cm\/","title":{"rendered":"Table inox Nisbets Essentials 120 x 60 cm"},"content":{"rendered":"<p>Plan de travail durable et pieds en acier inoxydable, et \u00e9tag\u00e8re inf\u00e9rieure r\u00e9glable en hauteur en acier galvanis\u00e9.<\/p>\n<p>\u2022 Plan de travail en acier inoxydable poli parfait pour la pr\u00e9paration des aliments<br \/>\u2022 \u00c9tag\u00e8re en acier galvanis\u00e9 offrant un espace de rangement suppl\u00e9mentaire<br \/>\u2022 La hauteur de l&rsquo;\u00e9tag\u00e8re est facilement r\u00e9glable pour s&rsquo;adapter \u00e0 diff\u00e9rents \u00e9quipements.<br \/>\u2022 R\u00e9f\u00e9rence soumise \u00e0 une Eco-participation de 0.88\u20ac par unit\u00e9 vendue applicable en France uniquement\u00a0<br \/>\u2022 Incroyablement solide et robuste &#8211; Id\u00e9ale pour une utilisation dans une cuisine professionnelle affair\u00e9e<br \/>\u2022 La construction en acier inoxydable rend la table facile \u00e0 nettoyer.<br \/>\u2022 Peut \u00eatre \u00e9quip\u00e9e de roulettes pour une man\u0153uvrabilit\u00e9 facile (vendues s\u00e9par\u00e9ment &#8211; HC847)<\/p>\n<p><b><u>Caract\u00e9ristiques du produit :<\/u><\/b><br \/>\u2022 Dim. : 900(H) x 1200(L) x 600(P) mm<br \/>\u2022 Mati\u00e8re : Inox\/ acier galvanis\u00e9<br \/>\u2022 Poids : 25 kg<br \/>\u2022 Couleur : Argent.<\/p>\n","protected":false},"excerpt":{"rendered":"<p>Dimensions (mm): 900(H) x 1200(L) x 600(P). Colis plat, \u00e0 assembler.<\/p>\n","protected":false},"featured_media":107500,"comment_status":"open","ping_status":"closed","template":"","meta":[],"product_brand":[],"product_cat":[1146,1296,1159,1155],"product_tag":[],"class_list":{"0":"post-109783","1":"product","2":"type-product","3":"status-publish","4":"has-post-thumbnail","6":"product_cat-mobilier-de-cuisine-chariots-et-echelles","7":"product_cat-palettisable","8":"product_cat-tables-de-preparation","9":"product_cat-tables-et-plonges","10":"product_shipping_class-free-shipping","12":"first","13":"outofstock","14":"featured","15":"taxable","16":"shipping-taxable","17":"purchasable","18":"product-type-simple"},"_links":{"self":[{"href":"https:\/\/abinox-chr-clim.com\/index.php\/wp-json\/wp\/v2\/product\/109783","targetHints":{"allow":["GET"]}}],"collection":[{"href":"https:\/\/abinox-chr-clim.com\/index.php\/wp-json\/wp\/v2\/product"}],"about":[{"href":"https:\/\/abinox-chr-clim.com\/index.php\/wp-json\/wp\/v2\/types\/product"}],"replies":[{"embeddable":true,"href":"https:\/\/abinox-chr-clim.com\/index.php\/wp-json\/wp\/v2\/comments?post=109783"}],"wp:featuredmedia":[{"embeddable":true,"href":"https:\/\/abinox-chr-clim.com\/index.php\/wp-json\/wp\/v2\/media\/107500"}],"wp:attachment":[{"href":"https:\/\/abinox-chr-clim.com\/index.php\/wp-json\/wp\/v2\/media?parent=109783"}],"wp:term":[{"taxonomy":"product_brand","embeddable":true,"href":"https:\/\/abinox-chr-clim.com\/index.php\/wp-json\/wp\/v2\/product_brand?post=109783"},{"taxonomy":"product_cat","embeddable":true,"href":"https:\/\/abinox-chr-clim.com\/index.php\/wp-json\/wp\/v2\/product_cat?post=109783"},{"taxonomy":"product_tag","embeddable":true,"href":"https:\/\/abinox-chr-clim.com\/index.php\/wp-json\/wp\/v2\/product_tag?post=109783"}],"curies":[{"name":"wp","href":"https:\/\/api.w.org\/{rel}","templated":true}]}}