{"id":109782,"date":"2025-05-29T11:13:50","date_gmt":"2025-05-29T09:13:50","guid":{"rendered":"https:\/\/abinox-chr-clim.com\/index.php\/product\/mini-thermometre-infrarouge-nisbets-essentials\/"},"modified":"2026-04-02T09:49:01","modified_gmt":"2026-04-02T07:49:01","slug":"mini-thermometre-infrarouge-nisbets-essentials","status":"publish","type":"product","link":"https:\/\/abinox-chr-clim.com\/index.php\/product\/mini-thermometre-infrarouge-nisbets-essentials\/","title":{"rendered":"Mini thermom\u00e8tre infrarouge Nisbets Essentials"},"content":{"rendered":"<p>Infrarouge pour une mesure rapide et efficace de la temp\u00e9rature des surfaces. Lecture sans contact. -50 \u00b0C \u00e0 520 \u00b0C, interchangeable en Fahrenheit.<\/p>\n<p>\u2022 Les relev\u00e9s de temp\u00e9rature sans contact r\u00e9duisent le risque de contamination crois\u00e9e<br \/>\u2022 Le rapport distance\/spot de 12:1 vous maintient \u00e0 une distance s\u00fbre des aliments chauds<br \/>\u2022 Large plage de temp\u00e9rature de -50\u00b0C \u00e0 520\u00b0C pour une utilisation avec des aliments chauds ou froids<br \/>\u2022 Passez facilement de \u00b0C \u00e0 \u00b0F par simple pression sur un bouton<br \/>\u2022 Temps de r\u00e9ponse d&rsquo;une seconde pour des r\u00e9sultats et des relev\u00e9s rapides<br \/>\u2022 R\u00e9solution de la temp\u00e9rature de 0,1\u00b0C pour des mesures pr\u00e9cises.<br \/>\u2022 Veuillez noter que ce thermom\u00e8tre alimentaire n&rsquo;est pas certifi\u00e9 pour un usage m\u00e9dical<\/p>\n<p><b><u>Caract\u00e9ristiques du produit :<\/u><\/b><br \/>\u2022 Dim. : 170(H) x 70(L) x 40(P) mm<br \/>\u2022 Mati\u00e8re : Plastique<br \/>\u2022 Temp\u00e9rature : -50 \u00b0C \u00e0 520 \u00b0C<br \/>\u2022 Temps de r\u00e9ponse : 1sec<br \/>\u2022 Poids : 146 g<br \/>\u2022 Couleur : Blanc.<\/p>\n","protected":false},"excerpt":{"rendered":"<p>Gamme : -50C \u00e0\u00a0 520C. Lecture de la temp\u00e9rature sans contact<\/p>\n","protected":false},"featured_media":108417,"comment_status":"open","ping_status":"closed","template":"","meta":[],"product_brand":[],"product_cat":[1064,1297,1103,1098],"product_tag":[],"class_list":{"0":"post-109782","1":"product","2":"type-product","3":"status-publish","4":"has-post-thumbnail","6":"product_cat-cuisine","7":"product_cat-non-palettisable","8":"product_cat-thermometres","9":"product_cat-ustensiles-cuisine","10":"product_shipping_class-free-shipping","12":"first","13":"outofstock","14":"featured","15":"taxable","16":"shipping-taxable","17":"purchasable","18":"product-type-simple"},"_links":{"self":[{"href":"https:\/\/abinox-chr-clim.com\/index.php\/wp-json\/wp\/v2\/product\/109782","targetHints":{"allow":["GET"]}}],"collection":[{"href":"https:\/\/abinox-chr-clim.com\/index.php\/wp-json\/wp\/v2\/product"}],"about":[{"href":"https:\/\/abinox-chr-clim.com\/index.php\/wp-json\/wp\/v2\/types\/product"}],"replies":[{"embeddable":true,"href":"https:\/\/abinox-chr-clim.com\/index.php\/wp-json\/wp\/v2\/comments?post=109782"}],"wp:featuredmedia":[{"embeddable":true,"href":"https:\/\/abinox-chr-clim.com\/index.php\/wp-json\/wp\/v2\/media\/108417"}],"wp:attachment":[{"href":"https:\/\/abinox-chr-clim.com\/index.php\/wp-json\/wp\/v2\/media?parent=109782"}],"wp:term":[{"taxonomy":"product_brand","embeddable":true,"href":"https:\/\/abinox-chr-clim.com\/index.php\/wp-json\/wp\/v2\/product_brand?post=109782"},{"taxonomy":"product_cat","embeddable":true,"href":"https:\/\/abinox-chr-clim.com\/index.php\/wp-json\/wp\/v2\/product_cat?post=109782"},{"taxonomy":"product_tag","embeddable":true,"href":"https:\/\/abinox-chr-clim.com\/index.php\/wp-json\/wp\/v2\/product_tag?post=109782"}],"curies":[{"name":"wp","href":"https:\/\/api.w.org\/{rel}","templated":true}]}}