{"id":109776,"date":"2025-05-29T11:13:39","date_gmt":"2025-05-29T09:13:39","guid":{"rendered":"https:\/\/abinox-chr-clim.com\/index.php\/product\/chauffe-eau-a-remplissage-automatique-nisbets-essentials-8l\/"},"modified":"2026-04-13T08:33:50","modified_gmt":"2026-04-13T06:33:50","slug":"chauffe-eau-a-remplissage-automatique-nisbets-essentials-8l","status":"publish","type":"product","link":"https:\/\/abinox-chr-clim.com\/index.php\/product\/chauffe-eau-a-remplissage-automatique-nisbets-essentials-8l\/","title":{"rendered":"Chauffe-eau \u00e0 remplissage automatique Nisbets Essentials 8L"},"content":{"rendered":"<p>Chauffe-eau de 8 litres de grande qualit\u00e9, parfait pour pr\u00e9parer des boissons chaudes \u00e0 la demande. Un encombrement r\u00e9duit lui permet de s&rsquo;int\u00e9grer dans de petits espaces sans prendre trop de place. Permet d&rsquo;obtenir 23 litres d&rsquo;eau chaude par heure.<\/p>\n<p>\u2022 Construction en acier inoxydable facile \u00e0 nettoyer et gain de temps<br \/>\u2022 Temp\u00e9rature fixe non modifiable \u00e0 95\u00b0C<br \/>\u2022 Capacit\u00e9 interne g\u00e9n\u00e9reuse de 8 litres avec un d\u00e9bit de 23 litres\/h<br \/>\u2022 R\u00e9f\u00e9rence soumise \u00e0 une Eco-participation de 0.26\u20ac par unit\u00e9 vendue applicable en France uniquement\u00a0<br \/>\u2022 Hauteur du robinet : 150 mm &#8211; convient aux tasses et mugs plus grands<br \/>\u2022 Tirage imm\u00e9diat de 3 litres &#8211; id\u00e9al pour les cafeti\u00e8res<br \/>\u2022 Conception \u00e9troite &#8211; prend moins d&rsquo;espace sur le comptoir<br \/>\u2022 Affichage num\u00e9rique de la temp\u00e9rature facile \u00e0 lire<br \/>\u2022 Bac d&rsquo;\u00e9gouttage amovible pour un nettoyage facile<br \/>\u2022 Attention &#8211; pas de filtration<br \/>\u2022 Raccordement \u00e0 &lsquo;eau 3\/4&Prime;<\/p>\n<p><b><u>Caract\u00e9ristiques du produit :<\/u><\/b><br \/>\u2022 Dim. : 540(H) x 185(L) x 340(P) mm<br \/>\u2022 Isolation : 20 mm<br \/>\u2022 Mati\u00e8re : Inox<br \/>\u2022 Temp\u00e9rature : 0 \u00b0C \u00e0 95 \u00b0C<br \/>\u2022 Voltage : 230V<br \/>\u2022 Poids : 7 kg<br \/>\u2022 Couleur : Argent.<\/p>\n","protected":false},"excerpt":{"rendered":"<p>2,5kW. D\u00e9bit : jusqu&rsquo;\u00e0 23L\/h<\/p>\n","protected":false},"featured_media":105641,"comment_status":"open","ping_status":"closed","template":"","meta":[],"product_brand":[],"product_cat":[1164,1166,1160,1297],"product_tag":[],"class_list":{"0":"post-109776","1":"product","2":"type-product","3":"status-publish","4":"has-post-thumbnail","6":"product_cat-cafeterie","7":"product_cat-chauffe-eau","8":"product_cat-materiel-electrique-et-de-cuisson","9":"product_cat-non-palettisable","10":"product_shipping_class-free-shipping","12":"first","13":"instock","14":"featured","15":"taxable","16":"shipping-taxable","17":"purchasable","18":"product-type-simple"},"_links":{"self":[{"href":"https:\/\/abinox-chr-clim.com\/index.php\/wp-json\/wp\/v2\/product\/109776","targetHints":{"allow":["GET"]}}],"collection":[{"href":"https:\/\/abinox-chr-clim.com\/index.php\/wp-json\/wp\/v2\/product"}],"about":[{"href":"https:\/\/abinox-chr-clim.com\/index.php\/wp-json\/wp\/v2\/types\/product"}],"replies":[{"embeddable":true,"href":"https:\/\/abinox-chr-clim.com\/index.php\/wp-json\/wp\/v2\/comments?post=109776"}],"wp:featuredmedia":[{"embeddable":true,"href":"https:\/\/abinox-chr-clim.com\/index.php\/wp-json\/wp\/v2\/media\/105641"}],"wp:attachment":[{"href":"https:\/\/abinox-chr-clim.com\/index.php\/wp-json\/wp\/v2\/media?parent=109776"}],"wp:term":[{"taxonomy":"product_brand","embeddable":true,"href":"https:\/\/abinox-chr-clim.com\/index.php\/wp-json\/wp\/v2\/product_brand?post=109776"},{"taxonomy":"product_cat","embeddable":true,"href":"https:\/\/abinox-chr-clim.com\/index.php\/wp-json\/wp\/v2\/product_cat?post=109776"},{"taxonomy":"product_tag","embeddable":true,"href":"https:\/\/abinox-chr-clim.com\/index.php\/wp-json\/wp\/v2\/product_tag?post=109776"}],"curies":[{"name":"wp","href":"https:\/\/api.w.org\/{rel}","templated":true}]}}