{"id":109760,"date":"2025-05-29T11:13:07","date_gmt":"2025-05-29T09:13:07","guid":{"rendered":"https:\/\/abinox-chr-clim.com\/index.php\/product\/spatule-en-bois-nisbets-essentials-30cm\/"},"modified":"2026-04-15T09:58:22","modified_gmt":"2026-04-15T07:58:22","slug":"spatule-en-bois-nisbets-essentials-30cm","status":"publish","type":"product","link":"https:\/\/abinox-chr-clim.com\/index.php\/product\/spatule-en-bois-nisbets-essentials-30cm\/","title":{"rendered":"Spatule en bois Nisbets Essentials 30cm"},"content":{"rendered":"<p>Parfaite pour les batteries de cuisine antiadh\u00e9sives.<\/p>\n<p>\u2022 Le bois est durable<br \/>\u2022 Essuyable pour un nettoyage facile<br \/>\u2022 La spatule est polyvalente et peut \u00eatre utilis\u00e9e pour de nombreuses t\u00e2ches culinaires<br \/>\u2022 Elle ne conduit pas la chaleur, ce qui r\u00e9duit le risque de br\u00fblures accidentelles<br \/>\u2022 Le trou dans le manche permet de suspendre la spatule<br \/>\u2022 La finition rustique ajoute du style<\/p>\n<p><b><u>Caract\u00e9ristiques du produit :<\/u><\/b><br \/>\u2022 Dim. : 300(L) mm<br \/>\u2022 Mati\u00e8re : Bois<br \/>\u2022 Poids : 320 g<br \/>\u2022 Couleur : Marron.<\/p>\n","protected":false},"excerpt":{"rendered":"<p>Longueur 300mm<\/p>\n","protected":false},"featured_media":108409,"comment_status":"open","ping_status":"closed","template":"","meta":[],"product_brand":[],"product_cat":[1064,1297,1098,1104],"product_tag":[],"class_list":{"0":"post-109760","1":"product","2":"type-product","3":"status-publish","4":"has-post-thumbnail","6":"product_cat-cuisine","7":"product_cat-non-palettisable","8":"product_cat-ustensiles-cuisine","9":"product_cat-ustensiles-de-cuisine","10":"product_shipping_class-free-shipping","12":"first","13":"instock","14":"featured","15":"taxable","16":"shipping-taxable","17":"purchasable","18":"product-type-simple"},"_links":{"self":[{"href":"https:\/\/abinox-chr-clim.com\/index.php\/wp-json\/wp\/v2\/product\/109760","targetHints":{"allow":["GET"]}}],"collection":[{"href":"https:\/\/abinox-chr-clim.com\/index.php\/wp-json\/wp\/v2\/product"}],"about":[{"href":"https:\/\/abinox-chr-clim.com\/index.php\/wp-json\/wp\/v2\/types\/product"}],"replies":[{"embeddable":true,"href":"https:\/\/abinox-chr-clim.com\/index.php\/wp-json\/wp\/v2\/comments?post=109760"}],"wp:featuredmedia":[{"embeddable":true,"href":"https:\/\/abinox-chr-clim.com\/index.php\/wp-json\/wp\/v2\/media\/108409"}],"wp:attachment":[{"href":"https:\/\/abinox-chr-clim.com\/index.php\/wp-json\/wp\/v2\/media?parent=109760"}],"wp:term":[{"taxonomy":"product_brand","embeddable":true,"href":"https:\/\/abinox-chr-clim.com\/index.php\/wp-json\/wp\/v2\/product_brand?post=109760"},{"taxonomy":"product_cat","embeddable":true,"href":"https:\/\/abinox-chr-clim.com\/index.php\/wp-json\/wp\/v2\/product_cat?post=109760"},{"taxonomy":"product_tag","embeddable":true,"href":"https:\/\/abinox-chr-clim.com\/index.php\/wp-json\/wp\/v2\/product_tag?post=109760"}],"curies":[{"name":"wp","href":"https:\/\/api.w.org\/{rel}","templated":true}]}}