{"id":109739,"date":"2025-05-29T11:12:24","date_gmt":"2025-05-29T09:12:24","guid":{"rendered":"https:\/\/abinox-chr-clim.com\/index.php\/product\/plaque-induction-simple-nisbets-essentials-27kw\/"},"modified":"2026-04-15T11:04:15","modified_gmt":"2026-04-15T09:04:15","slug":"plaque-induction-simple-nisbets-essentials-27kw","status":"publish","type":"product","link":"https:\/\/abinox-chr-clim.com\/index.php\/product\/plaque-induction-simple-nisbets-essentials-27kw\/","title":{"rendered":"Plaque induction simple Nisbets Essentials 2,7kW"},"content":{"rendered":"<p>Plaque de cuisson en acier inoxydable \u00e9co\u00e9nerg\u00e9tique avec commandes num\u00e9riques. L\u00e9g\u00e8re, il est transportable et facile \u00e0 nettoyer.<\/p>\n<p>\u2022 S\u00fbr et facile \u00e0 utiliser &#8211; pas de flammes ni d&rsquo;\u00e9l\u00e9ments chauds<br \/>\u2022 Tailles de po\u00eales compatibles : 120 mm &#8211; 280 mm<br \/>\u2022 R\u00e9f\u00e9rence soumise \u00e0 une Eco-participation de 0.27\u20ac par unit\u00e9 vendue applicable en France uniquement\u00a0<br \/>\u2022 L\u00e9ger et portable &#8211; rapide et facile \u00e0 installer<br \/>\u2022 Commandes num\u00e9riques simples et pr\u00e9cises avec minuterie<br \/>\u2022 Arr\u00eat automatique de l&rsquo;appareil lorsque la po\u00eale est retir\u00e9e &#8211; \u00e9conomise de l&rsquo;\u00e9nergie et \u00e9vite l&rsquo;usure de la plaque de cuisson<br \/>\u2022 Tr\u00e8s efficace &#8211; l&rsquo;\u00e9nergie est transf\u00e9r\u00e9e directement au r\u00e9cipient de cuisson<br \/>\u2022 \u00c9conomies d&rsquo;\u00e9nergie &#8211; co\u00fbts de fonctionnement consid\u00e9rablement r\u00e9duits par rapport aux tables de cuisson traditionnelles<br \/>\u2022 Conception facile \u00e0 nettoyer qui permet de gagner du temps<br \/>\u2022 Tr\u00e8s efficace &#8211; l&rsquo;\u00e9nergie est transf\u00e9r\u00e9e directement au r\u00e9cipient de cuisson<\/p>\n<p><b><u>Caract\u00e9ristiques du produit :<\/u><\/b><br \/>\u2022 Couleur : Argent.<\/p>\n","protected":false},"excerpt":{"rendered":"<p>2,7kW. Mod\u00e8le simple. Commande num\u00e9rique<\/p>\n","protected":false},"featured_media":108401,"comment_status":"open","ping_status":"closed","template":"","meta":[],"product_brand":[],"product_cat":[1180,1160,1297,1179],"product_tag":[],"class_list":{"0":"post-109739","1":"product","2":"type-product","3":"status-publish","4":"has-post-thumbnail","6":"product_cat-chauffe-aliments","7":"product_cat-materiel-electrique-et-de-cuisson","8":"product_cat-non-palettisable","9":"product_cat-petit-materiel","10":"product_shipping_class-free-shipping","12":"first","13":"instock","14":"featured","15":"taxable","16":"shipping-taxable","17":"purchasable","18":"product-type-simple"},"_links":{"self":[{"href":"https:\/\/abinox-chr-clim.com\/index.php\/wp-json\/wp\/v2\/product\/109739","targetHints":{"allow":["GET"]}}],"collection":[{"href":"https:\/\/abinox-chr-clim.com\/index.php\/wp-json\/wp\/v2\/product"}],"about":[{"href":"https:\/\/abinox-chr-clim.com\/index.php\/wp-json\/wp\/v2\/types\/product"}],"replies":[{"embeddable":true,"href":"https:\/\/abinox-chr-clim.com\/index.php\/wp-json\/wp\/v2\/comments?post=109739"}],"wp:featuredmedia":[{"embeddable":true,"href":"https:\/\/abinox-chr-clim.com\/index.php\/wp-json\/wp\/v2\/media\/108401"}],"wp:attachment":[{"href":"https:\/\/abinox-chr-clim.com\/index.php\/wp-json\/wp\/v2\/media?parent=109739"}],"wp:term":[{"taxonomy":"product_brand","embeddable":true,"href":"https:\/\/abinox-chr-clim.com\/index.php\/wp-json\/wp\/v2\/product_brand?post=109739"},{"taxonomy":"product_cat","embeddable":true,"href":"https:\/\/abinox-chr-clim.com\/index.php\/wp-json\/wp\/v2\/product_cat?post=109739"},{"taxonomy":"product_tag","embeddable":true,"href":"https:\/\/abinox-chr-clim.com\/index.php\/wp-json\/wp\/v2\/product_tag?post=109739"}],"curies":[{"name":"wp","href":"https:\/\/api.w.org\/{rel}","templated":true}]}}