{"id":109735,"date":"2025-05-29T11:12:17","date_gmt":"2025-05-29T09:12:17","guid":{"rendered":"https:\/\/abinox-chr-clim.com\/index.php\/product\/plaque-de-cuisson-electrique-acier-nisbets-essentials\/"},"modified":"2026-04-13T07:30:48","modified_gmt":"2026-04-13T05:30:48","slug":"plaque-de-cuisson-electrique-acier-nisbets-essentials","status":"publish","type":"product","link":"https:\/\/abinox-chr-clim.com\/index.php\/product\/plaque-de-cuisson-electrique-acier-nisbets-essentials\/","title":{"rendered":"Plaque de cuisson \u00e9lectrique acier Nisbets Essentials"},"content":{"rendered":"<p>Plaque de cuisson en acier inoxydable simple \u00e0 utiliser et rapide \u00e0 nettoyer avec thermostat r\u00e9glable, protection anti-\u00e9claboussures et bac de r\u00e9cup\u00e9ration int\u00e9gr\u00e9.<\/p>\n<p>\u2022 Plaque de grill en acier lisse facile \u00e0 nettoyer<br \/>\u2022 Plateau d&rsquo;\u00e9gouttement amovible<br \/>\u2022 Commande simple avec cadran de temp\u00e9rature<br \/>\u2022 R\u00e9f\u00e9rence soumise \u00e0 une Eco-participation de 1.35\u20ac par unit\u00e9 vendue applicable en France uniquement\u00a0<br \/>\u2022 Construction robuste en acier inoxydable.<br \/>\u2022 Pieds antid\u00e9rapants<\/p>\n<p><b><u>Caract\u00e9ristiques du produit :<\/u><\/b><br \/>\u2022 Dim. : 230(H) x 550(L) x 430(P) mm<br \/>\u2022 Mati\u00e8re : Inox<br \/>\u2022 Puissance : 3000 W<br \/>\u2022 Voltage : 230V<br \/>\u2022 Poids : 20 kg<br \/>\u2022 Couleur : Argent.<\/p>\n","protected":false},"excerpt":{"rendered":"<p>3kW. Zone de cuisson : 480 x 310mm<\/p>\n","protected":false},"featured_media":108399,"comment_status":"open","ping_status":"closed","template":"","meta":[],"product_brand":[],"product_cat":[1185,1160,1297,1179],"product_tag":[],"class_list":{"0":"post-109735","1":"product","2":"type-product","3":"status-publish","4":"has-post-thumbnail","6":"product_cat-grils-et-plaques-de-cuisson","7":"product_cat-materiel-electrique-et-de-cuisson","8":"product_cat-non-palettisable","9":"product_cat-petit-materiel","10":"product_shipping_class-free-shipping","12":"first","13":"instock","14":"featured","15":"taxable","16":"shipping-taxable","17":"purchasable","18":"product-type-simple"},"_links":{"self":[{"href":"https:\/\/abinox-chr-clim.com\/index.php\/wp-json\/wp\/v2\/product\/109735","targetHints":{"allow":["GET"]}}],"collection":[{"href":"https:\/\/abinox-chr-clim.com\/index.php\/wp-json\/wp\/v2\/product"}],"about":[{"href":"https:\/\/abinox-chr-clim.com\/index.php\/wp-json\/wp\/v2\/types\/product"}],"replies":[{"embeddable":true,"href":"https:\/\/abinox-chr-clim.com\/index.php\/wp-json\/wp\/v2\/comments?post=109735"}],"wp:featuredmedia":[{"embeddable":true,"href":"https:\/\/abinox-chr-clim.com\/index.php\/wp-json\/wp\/v2\/media\/108399"}],"wp:attachment":[{"href":"https:\/\/abinox-chr-clim.com\/index.php\/wp-json\/wp\/v2\/media?parent=109735"}],"wp:term":[{"taxonomy":"product_brand","embeddable":true,"href":"https:\/\/abinox-chr-clim.com\/index.php\/wp-json\/wp\/v2\/product_brand?post=109735"},{"taxonomy":"product_cat","embeddable":true,"href":"https:\/\/abinox-chr-clim.com\/index.php\/wp-json\/wp\/v2\/product_cat?post=109735"},{"taxonomy":"product_tag","embeddable":true,"href":"https:\/\/abinox-chr-clim.com\/index.php\/wp-json\/wp\/v2\/product_tag?post=109735"}],"curies":[{"name":"wp","href":"https:\/\/api.w.org\/{rel}","templated":true}]}}