{"id":109731,"date":"2025-05-29T11:12:09","date_gmt":"2025-05-29T09:12:09","guid":{"rendered":"https:\/\/abinox-chr-clim.com\/index.php\/product\/rape-4-faces-nisbets-essentials-23cm\/"},"modified":"2026-04-02T09:44:52","modified_gmt":"2026-04-02T07:44:52","slug":"rape-4-faces-nisbets-essentials-23cm","status":"publish","type":"product","link":"https:\/\/abinox-chr-clim.com\/index.php\/product\/rape-4-faces-nisbets-essentials-23cm\/","title":{"rendered":"R\u00e2pe 4 faces Nisbets Essentials 23cm"},"content":{"rendered":"<p>Acier inoxydable.<\/p>\n<p>\u2022 Conception solide en acier inoxydable &#8211; convient aux cuisines domestiques et professionnelles<br \/>\u2022 Design facile \u00e0 nettoyer pour gagner du temps &#8211; va au lave-vaisselle<br \/>\u2022 Poign\u00e9e int\u00e9gr\u00e9e pour une prise en main ferme et s\u00fbre<br \/>\u2022 Bo\u00eete \u00e0 quatre faces, chacune avec des consistances de r\u00e2page diff\u00e9rentes<\/p>\n<p><b><u>Caract\u00e9ristiques du produit :<\/u><\/b><br \/>\u2022 Mati\u00e8re : Inox et plastique<br \/>\u2022 Poids : 140 g<br \/>\u2022 Couleur : Noir.<\/p>\n","protected":false},"excerpt":{"rendered":"<p>23 cm<\/p>\n","protected":false},"featured_media":106093,"comment_status":"open","ping_status":"closed","template":"","meta":[],"product_brand":[],"product_cat":[1064,1297,1098,1104],"product_tag":[],"class_list":{"0":"post-109731","1":"product","2":"type-product","3":"status-publish","4":"has-post-thumbnail","6":"product_cat-cuisine","7":"product_cat-non-palettisable","8":"product_cat-ustensiles-cuisine","9":"product_cat-ustensiles-de-cuisine","10":"product_shipping_class-free-shipping","12":"first","13":"instock","14":"featured","15":"taxable","16":"shipping-taxable","17":"purchasable","18":"product-type-simple"},"_links":{"self":[{"href":"https:\/\/abinox-chr-clim.com\/index.php\/wp-json\/wp\/v2\/product\/109731","targetHints":{"allow":["GET"]}}],"collection":[{"href":"https:\/\/abinox-chr-clim.com\/index.php\/wp-json\/wp\/v2\/product"}],"about":[{"href":"https:\/\/abinox-chr-clim.com\/index.php\/wp-json\/wp\/v2\/types\/product"}],"replies":[{"embeddable":true,"href":"https:\/\/abinox-chr-clim.com\/index.php\/wp-json\/wp\/v2\/comments?post=109731"}],"wp:featuredmedia":[{"embeddable":true,"href":"https:\/\/abinox-chr-clim.com\/index.php\/wp-json\/wp\/v2\/media\/106093"}],"wp:attachment":[{"href":"https:\/\/abinox-chr-clim.com\/index.php\/wp-json\/wp\/v2\/media?parent=109731"}],"wp:term":[{"taxonomy":"product_brand","embeddable":true,"href":"https:\/\/abinox-chr-clim.com\/index.php\/wp-json\/wp\/v2\/product_brand?post=109731"},{"taxonomy":"product_cat","embeddable":true,"href":"https:\/\/abinox-chr-clim.com\/index.php\/wp-json\/wp\/v2\/product_cat?post=109731"},{"taxonomy":"product_tag","embeddable":true,"href":"https:\/\/abinox-chr-clim.com\/index.php\/wp-json\/wp\/v2\/product_tag?post=109731"}],"curies":[{"name":"wp","href":"https:\/\/api.w.org\/{rel}","templated":true}]}}