{"id":109730,"date":"2025-05-29T11:12:07","date_gmt":"2025-05-29T09:12:07","guid":{"rendered":"https:\/\/abinox-chr-clim.com\/index.php\/product\/planche-a-decouper-en-polypropylene-blanche-nisbets-essentials\/"},"modified":"2026-04-02T09:44:50","modified_gmt":"2026-04-02T07:44:50","slug":"planche-a-decouper-en-polypropylene-blanche-nisbets-essentials","status":"publish","type":"product","link":"https:\/\/abinox-chr-clim.com\/index.php\/product\/planche-a-decouper-en-polypropylene-blanche-nisbets-essentials\/","title":{"rendered":"Planche \u00e0 d\u00e9couper en polypropyl\u00e8ne blanche Nisbets Essentials"},"content":{"rendered":"<p>Planche \u00e0 d\u00e9couper en polypropyl\u00e8ne avec poign\u00e9e. Lavable au lave-vaisselle. Dimensions (mm): 7(H) x 340(L) x 255(P).<\/p>\n<p>\u2022 Couleur blanche pour les produits laitiers<br \/>\u2022 Fabriqu\u00e9 en polypropyl\u00e8ne<br \/>\u2022 Dimensions &#8211; 340x255x7mm<br \/>\u2022 Facile \u00e0 nettoyer<br \/>\u2022 Poids &#8211; 500g<br \/>\u2022 Le propyl\u00e8ne est facile \u00e0 nettoyer<br \/>\u2022 Lavable au lave-vaisselle pour plus d&rsquo;efficacit\u00e9<br \/>\u2022 Durable pour une utilisation commerciale<\/p>\n<p><b><u>Caract\u00e9ristiques du produit :<\/u><\/b><br \/>\u2022 Dim. : 7(H) x 340(L) x 255(P) mm<br \/>\u2022 Mati\u00e8re : Poly\u00e9thyl\u00e8ne basse densit\u00e9<br \/>\u2022 Poids : 500 g<br \/>\u2022 Couleur : Blanc.<\/p>\n","protected":false},"excerpt":{"rendered":"<p>340x255x7mm<\/p>\n","protected":false},"featured_media":106546,"comment_status":"open","ping_status":"closed","template":"","meta":[],"product_brand":[],"product_cat":[1064,1297,1102,1098],"product_tag":[],"class_list":{"0":"post-109730","1":"product","2":"type-product","3":"status-publish","4":"has-post-thumbnail","6":"product_cat-cuisine","7":"product_cat-non-palettisable","8":"product_cat-planches-a-decouper","9":"product_cat-ustensiles-cuisine","10":"product_shipping_class-free-shipping","12":"first","13":"instock","14":"featured","15":"taxable","16":"shipping-taxable","17":"purchasable","18":"product-type-simple"},"_links":{"self":[{"href":"https:\/\/abinox-chr-clim.com\/index.php\/wp-json\/wp\/v2\/product\/109730","targetHints":{"allow":["GET"]}}],"collection":[{"href":"https:\/\/abinox-chr-clim.com\/index.php\/wp-json\/wp\/v2\/product"}],"about":[{"href":"https:\/\/abinox-chr-clim.com\/index.php\/wp-json\/wp\/v2\/types\/product"}],"replies":[{"embeddable":true,"href":"https:\/\/abinox-chr-clim.com\/index.php\/wp-json\/wp\/v2\/comments?post=109730"}],"wp:featuredmedia":[{"embeddable":true,"href":"https:\/\/abinox-chr-clim.com\/index.php\/wp-json\/wp\/v2\/media\/106546"}],"wp:attachment":[{"href":"https:\/\/abinox-chr-clim.com\/index.php\/wp-json\/wp\/v2\/media?parent=109730"}],"wp:term":[{"taxonomy":"product_brand","embeddable":true,"href":"https:\/\/abinox-chr-clim.com\/index.php\/wp-json\/wp\/v2\/product_brand?post=109730"},{"taxonomy":"product_cat","embeddable":true,"href":"https:\/\/abinox-chr-clim.com\/index.php\/wp-json\/wp\/v2\/product_cat?post=109730"},{"taxonomy":"product_tag","embeddable":true,"href":"https:\/\/abinox-chr-clim.com\/index.php\/wp-json\/wp\/v2\/product_tag?post=109730"}],"curies":[{"name":"wp","href":"https:\/\/api.w.org\/{rel}","templated":true}]}}