{"id":109703,"date":"2025-05-29T11:11:16","date_gmt":"2025-05-29T09:11:16","guid":{"rendered":"https:\/\/abinox-chr-clim.com\/index.php\/product\/coupes-utopia-raffles-vintage-160-ml-lot-de-6\/"},"modified":"2026-04-02T10:31:15","modified_gmt":"2026-04-02T08:31:15","slug":"coupes-utopia-raffles-vintage-160-ml-lot-de-6","status":"publish","type":"product","link":"https:\/\/abinox-chr-clim.com\/index.php\/product\/coupes-utopia-raffles-vintage-160-ml-lot-de-6\/","title":{"rendered":"Coupes Utopia Raffles Vintage 160 ml (lot de 6)"},"content":{"rendered":"<p>Avec Raffles, la d\u00e9cadence n&rsquo;a jamais eu l&rsquo;air aussi raffin\u00e9e. Disponible en quatre options, cette collection en cristal finement taill\u00e9 est d&rsquo;un chic d\u00e9contract\u00e9 et \u00e9voque le plaisir, la frivolit\u00e9 et la passion pour la vie des Ann\u00e9es Folles.<\/p>\n<p>\u2022 Verre en cristal fait \u00e0 la main et coup\u00e9 \u00e0 la main.<br \/>\u2022 Avec trois designs et un mod\u00e8le uni, il est facile de cr\u00e9er une ambiance vintage \u00e0 m\u00e9langer et \u00e0 assortir.<br \/>\u2022 Parfait pour les bars \u00e0 cocktails et les restaurants.<\/p>\n<p><b><u>Caract\u00e9ristiques du produit :<\/u><\/b><br \/>\u2022 Lot : 6.0<br \/>\u2022 Capacit\u00e9 : 16 cl<br \/>\u2022 Dim. : 120(H) mm<br \/>\u2022 Mati\u00e8re : Verre en cristal<br \/>\u2022 Poids : 116,66 g.<\/p>\n","protected":false},"excerpt":{"rendered":"<p>Quantit\u00e9 par paquet\u00a0: 6<\/p>\n","protected":false},"featured_media":108387,"comment_status":"open","ping_status":"closed","template":"","meta":[],"product_brand":[],"product_cat":[1023,1054,1297,1051],"product_tag":[],"class_list":{"0":"post-109703","1":"product","2":"type-product","3":"status-publish","4":"has-post-thumbnail","6":"product_cat-art-de-la-table","7":"product_cat-champagne","8":"product_cat-non-palettisable","9":"product_cat-verrerie","10":"product_shipping_class-free-shipping","12":"first","13":"outofstock","14":"featured","15":"taxable","16":"shipping-taxable","17":"purchasable","18":"product-type-simple"},"_links":{"self":[{"href":"https:\/\/abinox-chr-clim.com\/index.php\/wp-json\/wp\/v2\/product\/109703","targetHints":{"allow":["GET"]}}],"collection":[{"href":"https:\/\/abinox-chr-clim.com\/index.php\/wp-json\/wp\/v2\/product"}],"about":[{"href":"https:\/\/abinox-chr-clim.com\/index.php\/wp-json\/wp\/v2\/types\/product"}],"replies":[{"embeddable":true,"href":"https:\/\/abinox-chr-clim.com\/index.php\/wp-json\/wp\/v2\/comments?post=109703"}],"wp:featuredmedia":[{"embeddable":true,"href":"https:\/\/abinox-chr-clim.com\/index.php\/wp-json\/wp\/v2\/media\/108387"}],"wp:attachment":[{"href":"https:\/\/abinox-chr-clim.com\/index.php\/wp-json\/wp\/v2\/media?parent=109703"}],"wp:term":[{"taxonomy":"product_brand","embeddable":true,"href":"https:\/\/abinox-chr-clim.com\/index.php\/wp-json\/wp\/v2\/product_brand?post=109703"},{"taxonomy":"product_cat","embeddable":true,"href":"https:\/\/abinox-chr-clim.com\/index.php\/wp-json\/wp\/v2\/product_cat?post=109703"},{"taxonomy":"product_tag","embeddable":true,"href":"https:\/\/abinox-chr-clim.com\/index.php\/wp-json\/wp\/v2\/product_tag?post=109703"}],"curies":[{"name":"wp","href":"https:\/\/api.w.org\/{rel}","templated":true}]}}