{"id":109685,"date":"2025-05-29T11:10:40","date_gmt":"2025-05-29T09:10:40","guid":{"rendered":"https:\/\/abinox-chr-clim.com\/index.php\/product\/coupes-hayworth-utopia-160-ml-lot-de-6\/"},"modified":"2026-04-02T10:31:01","modified_gmt":"2026-04-02T08:31:01","slug":"coupes-hayworth-utopia-160-ml-lot-de-6","status":"publish","type":"product","link":"https:\/\/abinox-chr-clim.com\/index.php\/product\/coupes-hayworth-utopia-160-ml-lot-de-6\/","title":{"rendered":"Coupes Hayworth Utopia 160 ml (lot de 6)"},"content":{"rendered":"<p>La collection Hayworth est incroyablement glamour et cette collection de cocktails compl\u00e8te est l&rsquo;\u00e9l\u00e9ment phare id\u00e9al au bar.<\/p>\n<p>\u2022 Verre fait main<br \/>\u2022 Les bols pr\u00e9sentent un effet optique pour ajouter de la texture et de l&rsquo;int\u00e9r\u00eat<br \/>\u2022 Parfait pour les bars \u00e0 cocktails et les restaurants.<\/p>\n<p><b><u>Caract\u00e9ristiques du produit :<\/u><\/b><br \/>\u2022 Lot : 6.0<br \/>\u2022 Capacit\u00e9 : 16 cl<br \/>\u2022 Dim. : 120(H) mm<br \/>\u2022 Mati\u00e8re : Verre<br \/>\u2022 Poids : 166,66 g.<\/p>\n","protected":false},"excerpt":{"rendered":"<p>Lot de 6<\/p>\n","protected":false},"featured_media":107038,"comment_status":"open","ping_status":"closed","template":"","meta":[],"product_brand":[],"product_cat":[1023,1054,1297,1051],"product_tag":[],"class_list":{"0":"post-109685","1":"product","2":"type-product","3":"status-publish","4":"has-post-thumbnail","6":"product_cat-art-de-la-table","7":"product_cat-champagne","8":"product_cat-non-palettisable","9":"product_cat-verrerie","10":"product_shipping_class-free-shipping","12":"first","13":"outofstock","14":"featured","15":"taxable","16":"shipping-taxable","17":"purchasable","18":"product-type-simple"},"_links":{"self":[{"href":"https:\/\/abinox-chr-clim.com\/index.php\/wp-json\/wp\/v2\/product\/109685","targetHints":{"allow":["GET"]}}],"collection":[{"href":"https:\/\/abinox-chr-clim.com\/index.php\/wp-json\/wp\/v2\/product"}],"about":[{"href":"https:\/\/abinox-chr-clim.com\/index.php\/wp-json\/wp\/v2\/types\/product"}],"replies":[{"embeddable":true,"href":"https:\/\/abinox-chr-clim.com\/index.php\/wp-json\/wp\/v2\/comments?post=109685"}],"wp:featuredmedia":[{"embeddable":true,"href":"https:\/\/abinox-chr-clim.com\/index.php\/wp-json\/wp\/v2\/media\/107038"}],"wp:attachment":[{"href":"https:\/\/abinox-chr-clim.com\/index.php\/wp-json\/wp\/v2\/media?parent=109685"}],"wp:term":[{"taxonomy":"product_brand","embeddable":true,"href":"https:\/\/abinox-chr-clim.com\/index.php\/wp-json\/wp\/v2\/product_brand?post=109685"},{"taxonomy":"product_cat","embeddable":true,"href":"https:\/\/abinox-chr-clim.com\/index.php\/wp-json\/wp\/v2\/product_cat?post=109685"},{"taxonomy":"product_tag","embeddable":true,"href":"https:\/\/abinox-chr-clim.com\/index.php\/wp-json\/wp\/v2\/product_tag?post=109685"}],"curies":[{"name":"wp","href":"https:\/\/api.w.org\/{rel}","templated":true}]}}