{"id":109680,"date":"2025-05-29T11:10:31","date_gmt":"2025-05-29T09:10:31","guid":{"rendered":"https:\/\/abinox-chr-clim.com\/index.php\/product\/verres-a-vin-olympia-serena-600-ml-lot-de-6\/"},"modified":"2026-02-18T10:36:46","modified_gmt":"2026-02-18T09:36:46","slug":"verres-a-vin-olympia-serena-600-ml-lot-de-6","status":"publish","type":"product","link":"https:\/\/abinox-chr-clim.com\/index.php\/product\/verres-a-vin-olympia-serena-600-ml-lot-de-6\/","title":{"rendered":"Verres \u00e0 vin Olympia Serena 600 ml (lot de 6)"},"content":{"rendered":"<p>Compl\u00e9tez votre ensemble de verrerie avec un \u00e9l\u00e9ment pratique et \u00e9l\u00e9gant de la collection Serena Olympia. Compatible lave-verres.<br \/>\u2022 Bordure finement d\u00e9coup\u00e9e pour une sensation \u00e9l\u00e9gante<br \/>\u2022 Conception lavable au lave-verres pour un traitement rapide de la verrerie<br \/>\u2022 Ce produit n&rsquo;est pas marqu\u00e9 CE<\/p>\n<p><b><u>Caract\u00e9ristiques du produit :<\/u><\/b><br \/>\u2022 Lot : 6.0<br \/>\u2022 Capacit\u00e9 : 60 cl<br \/>\u2022 Dim. : 224(H) mm<br \/>\u2022 Mati\u00e8re : Verre<br \/>\u2022 Poids : 199,99 g<br \/>\u2022 Couleur : Transparent.<\/p>\n","protected":false},"excerpt":{"rendered":"<p>600 ml. Quantit\u00e9 par paquet\u00a0: 6<\/p>\n","protected":false},"featured_media":107484,"comment_status":"open","ping_status":"closed","template":"","meta":[],"product_brand":[],"product_cat":[1023,1297,1051,1063],"product_tag":[],"class_list":{"0":"post-109680","1":"product","2":"type-product","3":"status-publish","4":"has-post-thumbnail","6":"product_cat-art-de-la-table","7":"product_cat-non-palettisable","8":"product_cat-verrerie","9":"product_cat-vin","10":"product_shipping_class-free-shipping","12":"first","13":"outofstock","14":"featured","15":"taxable","16":"shipping-taxable","17":"purchasable","18":"product-type-simple"},"_links":{"self":[{"href":"https:\/\/abinox-chr-clim.com\/index.php\/wp-json\/wp\/v2\/product\/109680","targetHints":{"allow":["GET"]}}],"collection":[{"href":"https:\/\/abinox-chr-clim.com\/index.php\/wp-json\/wp\/v2\/product"}],"about":[{"href":"https:\/\/abinox-chr-clim.com\/index.php\/wp-json\/wp\/v2\/types\/product"}],"replies":[{"embeddable":true,"href":"https:\/\/abinox-chr-clim.com\/index.php\/wp-json\/wp\/v2\/comments?post=109680"}],"wp:featuredmedia":[{"embeddable":true,"href":"https:\/\/abinox-chr-clim.com\/index.php\/wp-json\/wp\/v2\/media\/107484"}],"wp:attachment":[{"href":"https:\/\/abinox-chr-clim.com\/index.php\/wp-json\/wp\/v2\/media?parent=109680"}],"wp:term":[{"taxonomy":"product_brand","embeddable":true,"href":"https:\/\/abinox-chr-clim.com\/index.php\/wp-json\/wp\/v2\/product_brand?post=109680"},{"taxonomy":"product_cat","embeddable":true,"href":"https:\/\/abinox-chr-clim.com\/index.php\/wp-json\/wp\/v2\/product_cat?post=109680"},{"taxonomy":"product_tag","embeddable":true,"href":"https:\/\/abinox-chr-clim.com\/index.php\/wp-json\/wp\/v2\/product_tag?post=109680"}],"curies":[{"name":"wp","href":"https:\/\/api.w.org\/{rel}","templated":true}]}}