{"id":109658,"date":"2025-05-29T11:09:50","date_gmt":"2025-05-29T09:09:50","guid":{"rendered":"https:\/\/abinox-chr-clim.com\/index.php\/product\/comptoir-de-preparation-1-porte-true-12-bacs-gn-1-6-tssu-27-12m-c-hc\/"},"modified":"2026-04-14T10:57:40","modified_gmt":"2026-04-14T08:57:40","slug":"comptoir-de-preparation-1-porte-true-12-bacs-gn-1-6-tssu-27-12m-c-hc","status":"publish","type":"product","link":"https:\/\/abinox-chr-clim.com\/index.php\/product\/comptoir-de-preparation-1-porte-true-12-bacs-gn-1-6-tssu-27-12m-c-hc\/","title":{"rendered":"Comptoir de pr\u00e9paration 1 porte True 12 bacs GN 1\/6 TSSU-27-12M-C-HC"},"content":{"rendered":"<p>Unit\u00e9s r\u00e9frig\u00e9rantes con\u00e7ues pour la durabilit\u00e9 et une longue dur\u00e9e de vie. Cong\u00e9lateurs id\u00e9aux pour les aliments surgel\u00e9s et la cr\u00e8me glac\u00e9e, et r\u00e9frig\u00e9rateurs assurant une s\u00e9curit\u00e9 alimentaire exceptionnelle. Co\u00fbts d&rsquo;utilisation faibles et excellent rapport qualit\u00e9-prix. \u00c9clairage int\u00e9rieur. Des options de charni\u00e8res alternatives sont disponibles. Le compresseur est garanti cinq ans pour les pi\u00e8ces et la main-d&rsquo;\u0153uvre. Livr\u00e9 avec roulettes pour un positionnement facile. Remarque : Les roulettes doivent \u00eatre viss\u00e9es ; service d&rsquo;installation disponible. Livraison en bord de trottoir uniquement.<\/p>\n<p>\u2022 Garantie compl\u00e8te de 5 ans sur les pi\u00e8ces et la main d&rsquo;\u0153uvre, leader du secteur<br \/>\u2022 Les syst\u00e8mes de circulation d&rsquo;air brevet\u00e9s maintiennent une temp\u00e9rature constante et uniforme de 0,5 \u00b0C \u00e0 5 \u00b0C dans TOUTES les casseroles, garantissant ainsi que les ingr\u00e9dients de haute qualit\u00e9 restent frais et s\u00fbrs \u00e0 consommer.<br \/>\u2022 Fourni avec planche \u00e0 d\u00e9couper pleine longueur et bacs GN en polycarbonate<br \/>\u2022 Compatible avec d&rsquo;autres tailles et dispositions de casseroles GN<br \/>\u2022 Syst\u00e8me d&rsquo;hydrocarbures de pointe, v\u00e9ritable \u00ab\u00a0HC\u00a0\u00bb pour la meilleure conservation des aliments<br \/>\u2022 Le capot et le couvercle isol\u00e9s r\u00e9duisent la consommation d&rsquo;\u00e9nergie lorsqu&rsquo;ils sont ferm\u00e9s ou peuvent \u00eatre facilement retir\u00e9s pour construire l&rsquo;unit\u00e9 dans un cadre fabriqu\u00e9.<br \/>\u2022 Conception \u00e0 respiration frontale, ne n\u00e9cessitant aucun d\u00e9gagement sur les c\u00f4t\u00e9s de l&rsquo;unit\u00e9<br \/>\u2022 Livr\u00e9 avec roulettes 158 mm<br \/>\u2022 \u00c9tag\u00e8res r\u00e9glables et r\u00e9sistantes avec rev\u00eatement en PVC<\/p>\n<p><b><u>Caract\u00e9ristiques du produit :<\/u><\/b><br \/>\u2022 Dim. : 1185(H) x 702(L) x 867(P) mm<br \/>\u2022 Mati\u00e8re : Inox et aluminium<br \/>\u2022 Poids : 92 kg<br \/>\u2022 Couleur : Argent.<\/p>\n","protected":false},"excerpt":{"rendered":"<p>12 bacs GN 1\/6, 1 porte battante pleine<\/p>\n","protected":false},"featured_media":108370,"comment_status":"open","ping_status":"closed","template":"","meta":[],"product_brand":[],"product_cat":[1249,1296,1255],"product_tag":[],"class_list":{"0":"post-109658","1":"product","2":"type-product","3":"status-publish","4":"has-post-thumbnail","6":"product_cat-froid","7":"product_cat-palettisable","8":"product_cat-tables-refrigerees","9":"product_shipping_class-free-shipping","11":"first","12":"outofstock","13":"featured","14":"taxable","15":"shipping-taxable","16":"purchasable","17":"product-type-simple"},"_links":{"self":[{"href":"https:\/\/abinox-chr-clim.com\/index.php\/wp-json\/wp\/v2\/product\/109658","targetHints":{"allow":["GET"]}}],"collection":[{"href":"https:\/\/abinox-chr-clim.com\/index.php\/wp-json\/wp\/v2\/product"}],"about":[{"href":"https:\/\/abinox-chr-clim.com\/index.php\/wp-json\/wp\/v2\/types\/product"}],"replies":[{"embeddable":true,"href":"https:\/\/abinox-chr-clim.com\/index.php\/wp-json\/wp\/v2\/comments?post=109658"}],"wp:featuredmedia":[{"embeddable":true,"href":"https:\/\/abinox-chr-clim.com\/index.php\/wp-json\/wp\/v2\/media\/108370"}],"wp:attachment":[{"href":"https:\/\/abinox-chr-clim.com\/index.php\/wp-json\/wp\/v2\/media?parent=109658"}],"wp:term":[{"taxonomy":"product_brand","embeddable":true,"href":"https:\/\/abinox-chr-clim.com\/index.php\/wp-json\/wp\/v2\/product_brand?post=109658"},{"taxonomy":"product_cat","embeddable":true,"href":"https:\/\/abinox-chr-clim.com\/index.php\/wp-json\/wp\/v2\/product_cat?post=109658"},{"taxonomy":"product_tag","embeddable":true,"href":"https:\/\/abinox-chr-clim.com\/index.php\/wp-json\/wp\/v2\/product_tag?post=109658"}],"curies":[{"name":"wp","href":"https:\/\/api.w.org\/{rel}","templated":true}]}}