{"id":109625,"date":"2025-05-29T11:08:46","date_gmt":"2025-05-29T09:08:46","guid":{"rendered":"https:\/\/abinox-chr-clim.com\/index.php\/product\/assiettes-rondes-churchill-stonecast-raw-evolve-grey-220mm-lot-de-12\/"},"modified":"2026-04-02T10:15:34","modified_gmt":"2026-04-02T08:15:34","slug":"assiettes-rondes-churchill-stonecast-raw-evolve-grey-220mm-lot-de-12","status":"publish","type":"product","link":"https:\/\/abinox-chr-clim.com\/index.php\/product\/assiettes-rondes-churchill-stonecast-raw-evolve-grey-220mm-lot-de-12\/","title":{"rendered":"Assiettes rondes Churchill Stonecast Raw Evolve Grey 220mm (Lot de 12)"},"content":{"rendered":"<p>Les formes et les couleurs naturelles de la gamme Stonecast cr\u00e9ent la toile de fond parfaite pour les aliments frais. Articles disponibles sous 5 \u00e0 7 jours. Passe au four, au micro-ondes et au lave-vaisselle.<\/p>\n<p>\u2022 Dispose d&rsquo;un bord rustique appliqu\u00e9e \u00e0 la main et d&rsquo;un vernis semi-mat durable.<br \/>\u2022 Le corps vitrifi\u00e9 n&rsquo;absorbe pas l&rsquo;humidit\u00e9 et est durable<br \/>\u2022 La base enti\u00e8rement vitrifi\u00e9e emp\u00eache les rayures sur les tables et lorsqu&rsquo;elles sont empil\u00e9es<br \/>\u2022 Passe au micro-ondes et au lave-vaisselle<\/p>\n<p><b><u>Caract\u00e9ristiques du produit :<\/u><\/b><br \/>\u2022 Lot : 12.0<br \/>\u2022 Dim. : 220(\u00d8)mm<br \/>\u2022 Mati\u00e8re : Porcelaine<br \/>\u2022 Poids : 535 g<br \/>\u2022 Couleur : Gris.<\/p>\n","protected":false},"excerpt":{"rendered":"<p>220(\u00d8)mm. Quantit\u00e9 par paquet : 12<\/p>\n","protected":false},"featured_media":107477,"comment_status":"open","ping_status":"closed","template":"","meta":[],"product_brand":[],"product_cat":[1023,1045,1297,1043],"product_tag":[],"class_list":{"0":"post-109625","1":"product","2":"type-product","3":"status-publish","4":"has-post-thumbnail","6":"product_cat-art-de-la-table","7":"product_cat-divers-vaisselle","8":"product_cat-non-palettisable","9":"product_cat-vaisselle","10":"product_shipping_class-free-shipping","12":"first","13":"outofstock","14":"featured","15":"taxable","16":"shipping-taxable","17":"purchasable","18":"product-type-simple"},"_links":{"self":[{"href":"https:\/\/abinox-chr-clim.com\/index.php\/wp-json\/wp\/v2\/product\/109625","targetHints":{"allow":["GET"]}}],"collection":[{"href":"https:\/\/abinox-chr-clim.com\/index.php\/wp-json\/wp\/v2\/product"}],"about":[{"href":"https:\/\/abinox-chr-clim.com\/index.php\/wp-json\/wp\/v2\/types\/product"}],"replies":[{"embeddable":true,"href":"https:\/\/abinox-chr-clim.com\/index.php\/wp-json\/wp\/v2\/comments?post=109625"}],"wp:featuredmedia":[{"embeddable":true,"href":"https:\/\/abinox-chr-clim.com\/index.php\/wp-json\/wp\/v2\/media\/107477"}],"wp:attachment":[{"href":"https:\/\/abinox-chr-clim.com\/index.php\/wp-json\/wp\/v2\/media?parent=109625"}],"wp:term":[{"taxonomy":"product_brand","embeddable":true,"href":"https:\/\/abinox-chr-clim.com\/index.php\/wp-json\/wp\/v2\/product_brand?post=109625"},{"taxonomy":"product_cat","embeddable":true,"href":"https:\/\/abinox-chr-clim.com\/index.php\/wp-json\/wp\/v2\/product_cat?post=109625"},{"taxonomy":"product_tag","embeddable":true,"href":"https:\/\/abinox-chr-clim.com\/index.php\/wp-json\/wp\/v2\/product_tag?post=109625"}],"curies":[{"name":"wp","href":"https:\/\/api.w.org\/{rel}","templated":true}]}}