{"id":109596,"date":"2025-05-29T11:07:51","date_gmt":"2025-05-29T09:07:51","guid":{"rendered":"https:\/\/abinox-chr-clim.com\/index.php\/product\/pots-a-sauce-en-papier-fiesta-recyclable-59ml-lot-de-250\/"},"modified":"2026-04-21T10:26:35","modified_gmt":"2026-04-21T08:26:35","slug":"pots-a-sauce-en-papier-fiesta-recyclable-59ml-lot-de-250","status":"publish","type":"product","link":"https:\/\/abinox-chr-clim.com\/index.php\/product\/pots-a-sauce-en-papier-fiesta-recyclable-59ml-lot-de-250\/","title":{"rendered":"Pots \u00e0 sauce en papier Fiesta Recyclable 59ml (lot de 250)"},"content":{"rendered":"<p>Fabriqu\u00e9s en papier cir\u00e9. La taille de 59 ml rend ces pots parfaits pour servir des portions contr\u00f4l\u00e9es de condiments, sauces et dips.<\/p>\n<p>\u2022 Le papier cir\u00e9 renouvelable est plus respectueux de la plan\u00e8te que le plastique<br \/>\u2022 Peut \u00eatre recycl\u00e9 s&rsquo;il est exempt de fortes salissures &#8211; \u00e9vitant ainsi les d\u00e9chets de la mise en d\u00e9charge<br \/>\u2022 Le mat\u00e9riau cir\u00e9 signifie que les pots peuvent contenir des sauces pendant de longues p\u00e9riodes sans fuite<br \/>\u2022 Aide \u00e0 contr\u00f4ler la taille des portions et \u00e0 r\u00e9duire le gaspillage alimentaire<br \/>\u2022 La conception jetable permet de gagner du temps lors du nettoyage apr\u00e8s les services<br \/>\u2022 Les bords roul\u00e9s donnent aux pots une r\u00e9sistance suppl\u00e9mentaire<br \/>\u2022 Convient pour des temp\u00e9ratures jusqu&rsquo;\u00e0 100\u00b0C<br \/>\u2022 Peut \u00eatre utilis\u00e9 au cong\u00e9lateur pour une plus grande flexibilit\u00e9 de pr\u00e9paration<br \/>\u2022 Les pots peuvent m\u00eame \u00eatre utilis\u00e9s pour servir de petits \u00e9chantillons<br \/>\u2022 Id\u00e9al pour les mariages, les fast-foods, les buffets et les stands de nourriture<br \/>\u2022 Ces pots peuvent m\u00eame \u00eatre utilis\u00e9s pour servir de petits \u00e9chantillons<\/p>\n<p><b><u>Caract\u00e9ristiques du produit :<\/u><\/b><br \/>\u2022 Lot : 250.0<br \/>\u2022 Capacit\u00e9 : 59ml<br \/>\u2022 Mati\u00e8re : Papier<br \/>\u2022 Poids : 80 g<br \/>\u2022 Couleur : Blanc.<\/p>\n","protected":false},"excerpt":{"rendered":"<p>59 ml. Lot de 250<\/p>\n","protected":false},"featured_media":109285,"comment_status":"open","ping_status":"closed","template":"","meta":[],"product_brand":[],"product_cat":[1239,1297,1238,1216],"product_tag":[],"class_list":{"0":"post-109596","1":"product","2":"type-product","3":"status-publish","4":"has-post-thumbnail","6":"product_cat-divers-produits-a-usage-unique","7":"product_cat-non-palettisable","8":"product_cat-produits-a-usage-unique","9":"product_cat-usage-unique-et-entretien","10":"product_shipping_class-free-shipping","12":"first","13":"instock","14":"featured","15":"taxable","16":"shipping-taxable","17":"purchasable","18":"product-type-simple"},"_links":{"self":[{"href":"https:\/\/abinox-chr-clim.com\/index.php\/wp-json\/wp\/v2\/product\/109596","targetHints":{"allow":["GET"]}}],"collection":[{"href":"https:\/\/abinox-chr-clim.com\/index.php\/wp-json\/wp\/v2\/product"}],"about":[{"href":"https:\/\/abinox-chr-clim.com\/index.php\/wp-json\/wp\/v2\/types\/product"}],"replies":[{"embeddable":true,"href":"https:\/\/abinox-chr-clim.com\/index.php\/wp-json\/wp\/v2\/comments?post=109596"}],"wp:featuredmedia":[{"embeddable":true,"href":"https:\/\/abinox-chr-clim.com\/index.php\/wp-json\/wp\/v2\/media\/109285"}],"wp:attachment":[{"href":"https:\/\/abinox-chr-clim.com\/index.php\/wp-json\/wp\/v2\/media?parent=109596"}],"wp:term":[{"taxonomy":"product_brand","embeddable":true,"href":"https:\/\/abinox-chr-clim.com\/index.php\/wp-json\/wp\/v2\/product_brand?post=109596"},{"taxonomy":"product_cat","embeddable":true,"href":"https:\/\/abinox-chr-clim.com\/index.php\/wp-json\/wp\/v2\/product_cat?post=109596"},{"taxonomy":"product_tag","embeddable":true,"href":"https:\/\/abinox-chr-clim.com\/index.php\/wp-json\/wp\/v2\/product_tag?post=109596"}],"curies":[{"name":"wp","href":"https:\/\/api.w.org\/{rel}","templated":true}]}}