{"id":109595,"date":"2025-05-29T11:07:49","date_gmt":"2025-05-29T09:07:49","guid":{"rendered":"https:\/\/abinox-chr-clim.com\/index.php\/product\/bierglas-executif-26cl\/"},"modified":"2026-04-02T10:40:22","modified_gmt":"2026-04-02T08:40:22","slug":"bierglas-executif-26cl","status":"publish","type":"product","link":"https:\/\/abinox-chr-clim.com\/index.php\/product\/bierglas-executif-26cl\/","title":{"rendered":"Bierglas Ex\u00e9cutif 26cl"},"content":{"rendered":"<p>\u2022 Ce verre fait partie de la collection Executive, qui comprend une gamme articul\u00e9e de verres \u00e9vas\u00e9s id\u00e9aux pour rehausser les ar\u00f4mes des bi\u00e8res aromatiques, avec une mousse onctueuse, comme l&rsquo;abbaye belge.<br \/>\u2022 Comme les autres produits de la collection, ce verre pr\u00e9sente une forme de tulipe, qui facilite la formation de bulles, emp\u00eache un d\u00e9bordement trop abondant et favorise la perception olfactive du parfum.<br \/>\u2022 Ce format de 26 cl est le plus petit de toute la collection.<\/p>\n<p><b><u>Caract\u00e9ristiques du produit :<\/u><\/b><br \/>\u2022 Lot : 6.0<br \/>\u2022 Dim. : 50(\u00d8) mm<br \/>\u2022 Mati\u00e8re : Verre<br \/>\u2022 Poids : 1,12 kg.<\/p>\n","protected":false},"excerpt":{"rendered":"<p>verre \u00e0 bi\u00e8re ex\u00e9cutif 26cl<\/p>\n","protected":false},"featured_media":106084,"comment_status":"open","ping_status":"closed","template":"","meta":[],"product_brand":[],"product_cat":[1023,1052,1297,1051],"product_tag":[],"class_list":{"0":"post-109595","1":"product","2":"type-product","3":"status-publish","4":"has-post-thumbnail","6":"product_cat-art-de-la-table","7":"product_cat-biere","8":"product_cat-non-palettisable","9":"product_cat-verrerie","10":"product_shipping_class-free-shipping","12":"first","13":"outofstock","14":"featured","15":"taxable","16":"shipping-taxable","17":"purchasable","18":"product-type-simple"},"_links":{"self":[{"href":"https:\/\/abinox-chr-clim.com\/index.php\/wp-json\/wp\/v2\/product\/109595","targetHints":{"allow":["GET"]}}],"collection":[{"href":"https:\/\/abinox-chr-clim.com\/index.php\/wp-json\/wp\/v2\/product"}],"about":[{"href":"https:\/\/abinox-chr-clim.com\/index.php\/wp-json\/wp\/v2\/types\/product"}],"replies":[{"embeddable":true,"href":"https:\/\/abinox-chr-clim.com\/index.php\/wp-json\/wp\/v2\/comments?post=109595"}],"wp:featuredmedia":[{"embeddable":true,"href":"https:\/\/abinox-chr-clim.com\/index.php\/wp-json\/wp\/v2\/media\/106084"}],"wp:attachment":[{"href":"https:\/\/abinox-chr-clim.com\/index.php\/wp-json\/wp\/v2\/media?parent=109595"}],"wp:term":[{"taxonomy":"product_brand","embeddable":true,"href":"https:\/\/abinox-chr-clim.com\/index.php\/wp-json\/wp\/v2\/product_brand?post=109595"},{"taxonomy":"product_cat","embeddable":true,"href":"https:\/\/abinox-chr-clim.com\/index.php\/wp-json\/wp\/v2\/product_cat?post=109595"},{"taxonomy":"product_tag","embeddable":true,"href":"https:\/\/abinox-chr-clim.com\/index.php\/wp-json\/wp\/v2\/product_tag?post=109595"}],"curies":[{"name":"wp","href":"https:\/\/api.w.org\/{rel}","templated":true}]}}