{"id":109593,"date":"2025-05-29T11:07:45","date_gmt":"2025-05-29T09:07:45","guid":{"rendered":"https:\/\/abinox-chr-clim.com\/index.php\/product\/verres-a-biere-will-becher-arcoroc-330ml-lot-de-12\/"},"modified":"2026-04-02T10:06:49","modified_gmt":"2026-04-02T08:06:49","slug":"verres-a-biere-will-becher-arcoroc-330ml-lot-de-12","status":"publish","type":"product","link":"https:\/\/abinox-chr-clim.com\/index.php\/product\/verres-a-biere-will-becher-arcoroc-330ml-lot-de-12\/","title":{"rendered":"Verres \u00e0 bi\u00e8re Will Becher Arcoroc 330ml (lot de 12)"},"content":{"rendered":"<p>\u2022 Ce verre Will Becher est tr\u00e8s populaire dans les bars et pubs<br \/>\u2022 La forme particuli\u00e8rement ergonomique les rend faciles \u00e0 tenir et donc s\u00fbrs \u00e0 remplir \u00e0 la pompe<br \/>\u2022 Capacit\u00e9 id\u00e9ale pour servir avec un joli col de mousse<\/p>\n<p><b><u>Caract\u00e9ristiques du produit :<\/u><\/b><br \/>\u2022 Lot : 12.0<br \/>\u2022 Mati\u00e8re : Verre<br \/>\u2022 Poids : 2,65 kg.<\/p>\n","protected":false},"excerpt":{"rendered":"<p>330ml<\/p>\n","protected":false},"featured_media":107472,"comment_status":"open","ping_status":"closed","template":"","meta":[],"product_brand":[],"product_cat":[1023,1052,1297,1051],"product_tag":[],"class_list":{"0":"post-109593","1":"product","2":"type-product","3":"status-publish","4":"has-post-thumbnail","6":"product_cat-art-de-la-table","7":"product_cat-biere","8":"product_cat-non-palettisable","9":"product_cat-verrerie","10":"product_shipping_class-free-shipping","12":"first","13":"outofstock","14":"featured","15":"taxable","16":"shipping-taxable","17":"purchasable","18":"product-type-simple"},"_links":{"self":[{"href":"https:\/\/abinox-chr-clim.com\/index.php\/wp-json\/wp\/v2\/product\/109593","targetHints":{"allow":["GET"]}}],"collection":[{"href":"https:\/\/abinox-chr-clim.com\/index.php\/wp-json\/wp\/v2\/product"}],"about":[{"href":"https:\/\/abinox-chr-clim.com\/index.php\/wp-json\/wp\/v2\/types\/product"}],"replies":[{"embeddable":true,"href":"https:\/\/abinox-chr-clim.com\/index.php\/wp-json\/wp\/v2\/comments?post=109593"}],"wp:featuredmedia":[{"embeddable":true,"href":"https:\/\/abinox-chr-clim.com\/index.php\/wp-json\/wp\/v2\/media\/107472"}],"wp:attachment":[{"href":"https:\/\/abinox-chr-clim.com\/index.php\/wp-json\/wp\/v2\/media?parent=109593"}],"wp:term":[{"taxonomy":"product_brand","embeddable":true,"href":"https:\/\/abinox-chr-clim.com\/index.php\/wp-json\/wp\/v2\/product_brand?post=109593"},{"taxonomy":"product_cat","embeddable":true,"href":"https:\/\/abinox-chr-clim.com\/index.php\/wp-json\/wp\/v2\/product_cat?post=109593"},{"taxonomy":"product_tag","embeddable":true,"href":"https:\/\/abinox-chr-clim.com\/index.php\/wp-json\/wp\/v2\/product_tag?post=109593"}],"curies":[{"name":"wp","href":"https:\/\/api.w.org\/{rel}","templated":true}]}}