{"id":109591,"date":"2025-05-29T11:07:42","date_gmt":"2025-05-29T09:07:42","guid":{"rendered":"https:\/\/abinox-chr-clim.com\/index.php\/product\/assiette-a-pizza-decoree-30-cm-recette-margarita\/"},"modified":"2026-04-02T10:52:08","modified_gmt":"2026-04-02T08:52:08","slug":"assiette-a-pizza-decoree-30-cm-recette-margarita","status":"publish","type":"product","link":"https:\/\/abinox-chr-clim.com\/index.php\/product\/assiette-a-pizza-decoree-30-cm-recette-margarita\/","title":{"rendered":"Assiette \u00e0 pizza d\u00e9cor\u00e9e 30 cm recette Margarita"},"content":{"rendered":"<p><b><u>Caract\u00e9ristiques du produit :<\/u><\/b><br \/>\u2022 Lot : 6.0.<\/p>\n","protected":false},"excerpt":{"rendered":"<p>recette de margarita<\/p>\n","protected":false},"featured_media":106080,"comment_status":"open","ping_status":"closed","template":"","meta":[],"product_brand":[],"product_cat":[1023,1045,1297,1043],"product_tag":[],"class_list":{"0":"post-109591","1":"product","2":"type-product","3":"status-publish","4":"has-post-thumbnail","6":"product_cat-art-de-la-table","7":"product_cat-divers-vaisselle","8":"product_cat-non-palettisable","9":"product_cat-vaisselle","10":"product_shipping_class-free-shipping","12":"first","13":"outofstock","14":"featured","15":"taxable","16":"shipping-taxable","17":"purchasable","18":"product-type-simple"},"_links":{"self":[{"href":"https:\/\/abinox-chr-clim.com\/index.php\/wp-json\/wp\/v2\/product\/109591","targetHints":{"allow":["GET"]}}],"collection":[{"href":"https:\/\/abinox-chr-clim.com\/index.php\/wp-json\/wp\/v2\/product"}],"about":[{"href":"https:\/\/abinox-chr-clim.com\/index.php\/wp-json\/wp\/v2\/types\/product"}],"replies":[{"embeddable":true,"href":"https:\/\/abinox-chr-clim.com\/index.php\/wp-json\/wp\/v2\/comments?post=109591"}],"wp:featuredmedia":[{"embeddable":true,"href":"https:\/\/abinox-chr-clim.com\/index.php\/wp-json\/wp\/v2\/media\/106080"}],"wp:attachment":[{"href":"https:\/\/abinox-chr-clim.com\/index.php\/wp-json\/wp\/v2\/media?parent=109591"}],"wp:term":[{"taxonomy":"product_brand","embeddable":true,"href":"https:\/\/abinox-chr-clim.com\/index.php\/wp-json\/wp\/v2\/product_brand?post=109591"},{"taxonomy":"product_cat","embeddable":true,"href":"https:\/\/abinox-chr-clim.com\/index.php\/wp-json\/wp\/v2\/product_cat?post=109591"},{"taxonomy":"product_tag","embeddable":true,"href":"https:\/\/abinox-chr-clim.com\/index.php\/wp-json\/wp\/v2\/product_tag?post=109591"}],"curies":[{"name":"wp","href":"https:\/\/api.w.org\/{rel}","templated":true}]}}