{"id":109584,"date":"2025-05-29T11:07:29","date_gmt":"2025-05-29T09:07:29","guid":{"rendered":"https:\/\/abinox-chr-clim.com\/index.php\/product\/plancha-electrique-en-fonte-buffalo-28kw\/"},"modified":"2026-04-13T08:14:35","modified_gmt":"2026-04-13T06:14:35","slug":"plancha-electrique-en-fonte-buffalo-28kw","status":"publish","type":"product","link":"https:\/\/abinox-chr-clim.com\/index.php\/product\/plancha-electrique-en-fonte-buffalo-28kw\/","title":{"rendered":"Plancha \u00e9lectrique en fonte Buffalo 2,8kW"},"content":{"rendered":"<p>Plancha \u00e9lectrique de comptoir avec plaque de cuisson lisse en fonte. Durable et facile \u00e0 nettoyer, elle est dot\u00e9e d&rsquo;un bac de r\u00e9cup\u00e9ration facile d&rsquo;acc\u00e8s, mont\u00e9 \u00e0 l&rsquo;avant, et d&rsquo;un coupe-circuit thermique pour la s\u00e9curit\u00e9.<\/p>\n<p>\u2022 Surface de cuisson en fonte lisse et robuste<br \/>\u2022 R\u00e9sistance de qualit\u00e9 commerciale durable et de longue dur\u00e9e<br \/>\u2022 Pieds en caoutchouc antid\u00e9rapants pour plus de stabilit\u00e9<br \/>\u2022 Bac \u00e0 graisse amovible cach\u00e9 pour un nettoyage facile<br \/>\u2022 Dispositif de coupure thermique pour une utilisation s\u00fbre<br \/>\u2022 Temp\u00e9rature r\u00e9glable jusqu&rsquo;\u00e0 300\u00b0C<\/p>\n<p><b><u>Caract\u00e9ristiques du produit :<\/u><\/b><br \/>\u2022 Dim. : 203(H) x 430(L) x 445(P) mm<br \/>\u2022 Mati\u00e8re : Inox<br \/>\u2022 Voltage : 230V<br \/>\u2022 Poids : 22,8 kg<br \/>\u2022 Couleur : Argent.<\/p>\n","protected":false},"excerpt":{"rendered":"<p>2,8kW. Surface de cuisson : 372 x 367mm<\/p>\n","protected":false},"featured_media":107471,"comment_status":"open","ping_status":"closed","template":"","meta":[],"product_brand":[],"product_cat":[1185,1160,1296,1179],"product_tag":[],"class_list":{"0":"post-109584","1":"product","2":"type-product","3":"status-publish","4":"has-post-thumbnail","6":"product_cat-grils-et-plaques-de-cuisson","7":"product_cat-materiel-electrique-et-de-cuisson","8":"product_cat-palettisable","9":"product_cat-petit-materiel","10":"product_shipping_class-free-shipping","12":"first","13":"instock","14":"featured","15":"taxable","16":"shipping-taxable","17":"purchasable","18":"product-type-simple"},"_links":{"self":[{"href":"https:\/\/abinox-chr-clim.com\/index.php\/wp-json\/wp\/v2\/product\/109584","targetHints":{"allow":["GET"]}}],"collection":[{"href":"https:\/\/abinox-chr-clim.com\/index.php\/wp-json\/wp\/v2\/product"}],"about":[{"href":"https:\/\/abinox-chr-clim.com\/index.php\/wp-json\/wp\/v2\/types\/product"}],"replies":[{"embeddable":true,"href":"https:\/\/abinox-chr-clim.com\/index.php\/wp-json\/wp\/v2\/comments?post=109584"}],"wp:featuredmedia":[{"embeddable":true,"href":"https:\/\/abinox-chr-clim.com\/index.php\/wp-json\/wp\/v2\/media\/107471"}],"wp:attachment":[{"href":"https:\/\/abinox-chr-clim.com\/index.php\/wp-json\/wp\/v2\/media?parent=109584"}],"wp:term":[{"taxonomy":"product_brand","embeddable":true,"href":"https:\/\/abinox-chr-clim.com\/index.php\/wp-json\/wp\/v2\/product_brand?post=109584"},{"taxonomy":"product_cat","embeddable":true,"href":"https:\/\/abinox-chr-clim.com\/index.php\/wp-json\/wp\/v2\/product_cat?post=109584"},{"taxonomy":"product_tag","embeddable":true,"href":"https:\/\/abinox-chr-clim.com\/index.php\/wp-json\/wp\/v2\/product_tag?post=109584"}],"curies":[{"name":"wp","href":"https:\/\/api.w.org\/{rel}","templated":true}]}}