{"id":109583,"date":"2025-05-29T11:07:27","date_gmt":"2025-05-29T09:07:27","guid":{"rendered":"https:\/\/abinox-chr-clim.com\/index.php\/product\/plancha-electrique-en-fonte-buffalo-18kw\/"},"modified":"2026-04-13T08:14:34","modified_gmt":"2026-04-13T06:14:34","slug":"plancha-electrique-en-fonte-buffalo-18kw","status":"publish","type":"product","link":"https:\/\/abinox-chr-clim.com\/index.php\/product\/plancha-electrique-en-fonte-buffalo-18kw\/","title":{"rendered":"Plancha \u00e9lectrique en fonte Buffalo 1,8kW"},"content":{"rendered":"<p>Plancha \u00e9lectrique de comptoir avec plaque de cuisson lisse en fonte. Durable et facile \u00e0 nettoyer, elle est dot\u00e9e d&rsquo;un bac de r\u00e9cup\u00e9ration facile d&rsquo;acc\u00e8s, mont\u00e9 \u00e0 l&rsquo;avant, et d&rsquo;un coupe-circuit thermique pour la s\u00e9curit\u00e9.<\/p>\n<p>\u2022 Plaque de cuisson lisse robuste en fonte<br \/>\u2022 Thermostat convivial<br \/>\u2022 Bac d&rsquo;\u00e9gouttement amovible dissimul\u00e9 pour un nettoyage facile<br \/>\u2022 R\u00e9f\u00e9rence soumise \u00e0 une Eco-participation de 0.6\u20ac par unit\u00e9 vendue applicable en France uniquement\u00a0<br \/>\u2022 R\u00e9sistance de qualit\u00e9 commerciale robuste<br \/>\u2022 Pieds en caoutchouc antid\u00e9rapants pour plus de stabilit\u00e9<br \/>\u2022 Bac de r\u00e9cup\u00e9ration amovible int\u00e9gr\u00e9<br \/>\u2022 Dispositif de coupure thermique pour un fonctionnement s\u00fbr<br \/>\u2022 Temp\u00e9rature r\u00e9glable jusqu&rsquo;\u00e0 300\u00b0C<br \/>\u2022 Contr\u00f4le convivial de la temp\u00e9rature par cadran<br \/>\u2022 &#8211;<\/p>\n<p><b><u>Caract\u00e9ristiques du produit :<\/u><\/b><br \/>\u2022 Dim. : 203(H) x 430(L) x 320(P) mm<br \/>\u2022 Mati\u00e8re : Inox<br \/>\u2022 Puissance : 1.8 kW<br \/>\u2022 Temp\u00e9rature : 50 \u00b0C \u00e0 300 \u00b0C<br \/>\u2022 Voltage : 230V<br \/>\u2022 Poids : 17,5 kg<br \/>\u2022 Type : Electrique<br \/>\u2022 Couleur : Argent.<\/p>\n","protected":false},"excerpt":{"rendered":"<p>1,8kW. Zone de cuisson : 385x280mm<\/p>\n","protected":false},"featured_media":108344,"comment_status":"open","ping_status":"closed","template":"","meta":[],"product_brand":[],"product_cat":[1185,1160,1296,1179],"product_tag":[],"class_list":{"0":"post-109583","1":"product","2":"type-product","3":"status-publish","4":"has-post-thumbnail","6":"product_cat-grils-et-plaques-de-cuisson","7":"product_cat-materiel-electrique-et-de-cuisson","8":"product_cat-palettisable","9":"product_cat-petit-materiel","10":"product_shipping_class-free-shipping","12":"first","13":"instock","14":"featured","15":"taxable","16":"shipping-taxable","17":"purchasable","18":"product-type-simple"},"_links":{"self":[{"href":"https:\/\/abinox-chr-clim.com\/index.php\/wp-json\/wp\/v2\/product\/109583","targetHints":{"allow":["GET"]}}],"collection":[{"href":"https:\/\/abinox-chr-clim.com\/index.php\/wp-json\/wp\/v2\/product"}],"about":[{"href":"https:\/\/abinox-chr-clim.com\/index.php\/wp-json\/wp\/v2\/types\/product"}],"replies":[{"embeddable":true,"href":"https:\/\/abinox-chr-clim.com\/index.php\/wp-json\/wp\/v2\/comments?post=109583"}],"wp:featuredmedia":[{"embeddable":true,"href":"https:\/\/abinox-chr-clim.com\/index.php\/wp-json\/wp\/v2\/media\/108344"}],"wp:attachment":[{"href":"https:\/\/abinox-chr-clim.com\/index.php\/wp-json\/wp\/v2\/media?parent=109583"}],"wp:term":[{"taxonomy":"product_brand","embeddable":true,"href":"https:\/\/abinox-chr-clim.com\/index.php\/wp-json\/wp\/v2\/product_brand?post=109583"},{"taxonomy":"product_cat","embeddable":true,"href":"https:\/\/abinox-chr-clim.com\/index.php\/wp-json\/wp\/v2\/product_cat?post=109583"},{"taxonomy":"product_tag","embeddable":true,"href":"https:\/\/abinox-chr-clim.com\/index.php\/wp-json\/wp\/v2\/product_tag?post=109583"}],"curies":[{"name":"wp","href":"https:\/\/api.w.org\/{rel}","templated":true}]}}