{"id":109581,"date":"2025-05-29T11:07:24","date_gmt":"2025-05-29T09:07:24","guid":{"rendered":"https:\/\/abinox-chr-clim.com\/index.php\/product\/four-a-convection-avec-humidificateur-buffalo-5x-gn-1-1-triphase\/"},"modified":"2026-04-02T10:40:34","modified_gmt":"2026-04-02T08:40:34","slug":"four-a-convection-avec-humidificateur-buffalo-5x-gn-1-1-triphase","status":"publish","type":"product","link":"https:\/\/abinox-chr-clim.com\/index.php\/product\/four-a-convection-avec-humidificateur-buffalo-5x-gn-1-1-triphase\/","title":{"rendered":"Four \u00e0 convection  avec humidificateur Buffalo 5x GN 1\/1 triphas\u00e9"},"content":{"rendered":"<p>Four \u00e0 convection professionnel puissant et polyvalent avec fonction d&rsquo;humidification \u00e0 bouton-poussoir pour un meilleur contr\u00f4le de la cuisson. Conception grande capacit\u00e9 avec compatibilit\u00e9 avec les plaques GN 1\/1.<\/p>\n<p>\u2022 Ventilateur bidirectionnel \u00e0 2 vitesses pour une cuisson uniforme et un meilleur contr\u00f4le<br \/>\u2022 Commandes manuelles \u00e0 cadran faciles \u00e0 utiliser<br \/>\u2022 Minuteur de 0 \u00e0 120 minutes et mode continu<br \/>\u2022 La fonction d&rsquo;humidification \u00e0 bouton-poussoir aide \u00e0 maintenir la qualit\u00e9 des aliments (raccord \u00e0 l&rsquo;eau n\u00e9cessaire)<br \/>\u2022 Ouverture lat\u00e9rale avec poign\u00e9e<br \/>\u2022 Plage de temp\u00e9rature 50-250\u00b0C<br \/>\u2022 Dimensions : 750(H) x 660(L) x 780(P)mm<\/p>\n<p><b><u>Caract\u00e9ristiques du produit :<\/u><\/b><br \/>\u2022 Dim. : 750(H) x 660(L) x 780(P) mm<br \/>\u2022 Mati\u00e8re : Inox<br \/>\u2022 Voltage : 400V<br \/>\u2022 Poids : 65 kg<br \/>\u2022 Couleur : Argent.<\/p>\n","protected":false},"excerpt":{"rendered":"<p>9,2kW, 400V.<\/p>\n","protected":false},"featured_media":105631,"comment_status":"open","ping_status":"closed","template":"","meta":[],"product_brand":[],"product_cat":[1176,1160,1175,1297],"product_tag":[],"class_list":{"0":"post-109581","1":"product","2":"type-product","3":"status-publish","4":"has-post-thumbnail","6":"product_cat-fours-a-convection","7":"product_cat-materiel-electrique-et-de-cuisson","8":"product_cat-micro-ondes-et-fours","9":"product_cat-non-palettisable","10":"product_shipping_class-free-shipping","12":"first","13":"instock","14":"featured","15":"taxable","16":"shipping-taxable","17":"purchasable","18":"product-type-simple"},"_links":{"self":[{"href":"https:\/\/abinox-chr-clim.com\/index.php\/wp-json\/wp\/v2\/product\/109581","targetHints":{"allow":["GET"]}}],"collection":[{"href":"https:\/\/abinox-chr-clim.com\/index.php\/wp-json\/wp\/v2\/product"}],"about":[{"href":"https:\/\/abinox-chr-clim.com\/index.php\/wp-json\/wp\/v2\/types\/product"}],"replies":[{"embeddable":true,"href":"https:\/\/abinox-chr-clim.com\/index.php\/wp-json\/wp\/v2\/comments?post=109581"}],"wp:featuredmedia":[{"embeddable":true,"href":"https:\/\/abinox-chr-clim.com\/index.php\/wp-json\/wp\/v2\/media\/105631"}],"wp:attachment":[{"href":"https:\/\/abinox-chr-clim.com\/index.php\/wp-json\/wp\/v2\/media?parent=109581"}],"wp:term":[{"taxonomy":"product_brand","embeddable":true,"href":"https:\/\/abinox-chr-clim.com\/index.php\/wp-json\/wp\/v2\/product_brand?post=109581"},{"taxonomy":"product_cat","embeddable":true,"href":"https:\/\/abinox-chr-clim.com\/index.php\/wp-json\/wp\/v2\/product_cat?post=109581"},{"taxonomy":"product_tag","embeddable":true,"href":"https:\/\/abinox-chr-clim.com\/index.php\/wp-json\/wp\/v2\/product_tag?post=109581"}],"curies":[{"name":"wp","href":"https:\/\/api.w.org\/{rel}","templated":true}]}}