{"id":109580,"date":"2025-05-29T11:07:22","date_gmt":"2025-05-29T09:07:22","guid":{"rendered":"https:\/\/abinox-chr-clim.com\/index.php\/product\/chauffe-eau-remplissage-manuel-nisbets-essentials-20l\/"},"modified":"2026-04-13T08:33:45","modified_gmt":"2026-04-13T06:33:45","slug":"chauffe-eau-remplissage-manuel-nisbets-essentials-20l","status":"publish","type":"product","link":"https:\/\/abinox-chr-clim.com\/index.php\/product\/chauffe-eau-remplissage-manuel-nisbets-essentials-20l\/","title":{"rendered":"Chauffe-eau remplissage manuel Nisbets Essentials 20L"},"content":{"rendered":"<p>Chauffe-eau portable de 20 litres, id\u00e9al pour servir des boissons chaudes \u00e0 la demande.<\/p>\n<p>\u2022 La cuve \u00e0 remplissage manuel est id\u00e9ale pour les sites avec un acc\u00e8s limit\u00e9 \u00e0 l&rsquo;eau<br \/>\u2022 R\u00e9f\u00e9rence soumise \u00e0 une Eco-participation de 0.18\u20ac par unit\u00e9 vendue applicable en France uniquement\u00a0<br \/>\u2022 Cadran de commande en fa\u00e7ade avant pour un contr\u00f4le facile de la temp\u00e9rature<br \/>\u2022 Le robinet anti-goutte am\u00e9liore la s\u00e9curit\u00e9<br \/>\u2022 L&rsquo;acier inoxydable est facile \u00e0 nettoyer et \u00e0 entretenir<br \/>\u2022 R\u00e9sistances int\u00e9gr\u00e9es pour un nettoyage et un d\u00e9tartrage faciles<br \/>\u2022 Plage de temp\u00e9rature\u00a0: 30\u00b0C \u00e0 100\u00b0C<br \/>\u2022 Les poign\u00e9es ergonomiques permettent un transport facile<br \/>\u2022 Hauteur du robinet\u00a0: 120\u00a0mm<\/p>\n<p><b><u>Caract\u00e9ristiques du produit :<\/u><\/b><br \/>\u2022 Capacit\u00e9 : 20 L<br \/>\u2022 Dim. : 535(H) x 380(L) mm<br \/>\u2022 Mati\u00e8re : Inox<br \/>\u2022 Temp\u00e9rature : 30 \u00b0C \u00e0 100 \u00b0C<br \/>\u2022 Voltage : 230-240V<br \/>\u2022 Poids : 3,82 kg<br \/>\u2022 Couleur : Argent.<\/p>\n","protected":false},"excerpt":{"rendered":"<p>2,7kW Capacit\u00e9 : 20L Hauteur : 535mm<\/p>\n","protected":false},"featured_media":107024,"comment_status":"open","ping_status":"closed","template":"","meta":[],"product_brand":[],"product_cat":[1164,1166,1160,1297],"product_tag":[],"class_list":{"0":"post-109580","1":"product","2":"type-product","3":"status-publish","4":"has-post-thumbnail","6":"product_cat-cafeterie","7":"product_cat-chauffe-eau","8":"product_cat-materiel-electrique-et-de-cuisson","9":"product_cat-non-palettisable","10":"product_shipping_class-free-shipping","12":"first","13":"instock","14":"featured","15":"taxable","16":"shipping-taxable","17":"purchasable","18":"product-type-simple"},"_links":{"self":[{"href":"https:\/\/abinox-chr-clim.com\/index.php\/wp-json\/wp\/v2\/product\/109580","targetHints":{"allow":["GET"]}}],"collection":[{"href":"https:\/\/abinox-chr-clim.com\/index.php\/wp-json\/wp\/v2\/product"}],"about":[{"href":"https:\/\/abinox-chr-clim.com\/index.php\/wp-json\/wp\/v2\/types\/product"}],"replies":[{"embeddable":true,"href":"https:\/\/abinox-chr-clim.com\/index.php\/wp-json\/wp\/v2\/comments?post=109580"}],"wp:featuredmedia":[{"embeddable":true,"href":"https:\/\/abinox-chr-clim.com\/index.php\/wp-json\/wp\/v2\/media\/107024"}],"wp:attachment":[{"href":"https:\/\/abinox-chr-clim.com\/index.php\/wp-json\/wp\/v2\/media?parent=109580"}],"wp:term":[{"taxonomy":"product_brand","embeddable":true,"href":"https:\/\/abinox-chr-clim.com\/index.php\/wp-json\/wp\/v2\/product_brand?post=109580"},{"taxonomy":"product_cat","embeddable":true,"href":"https:\/\/abinox-chr-clim.com\/index.php\/wp-json\/wp\/v2\/product_cat?post=109580"},{"taxonomy":"product_tag","embeddable":true,"href":"https:\/\/abinox-chr-clim.com\/index.php\/wp-json\/wp\/v2\/product_tag?post=109580"}],"curies":[{"name":"wp","href":"https:\/\/api.w.org\/{rel}","templated":true}]}}