{"id":109575,"date":"2025-05-29T11:07:12","date_gmt":"2025-05-29T09:07:12","guid":{"rendered":"https:\/\/abinox-chr-clim.com\/index.php\/product\/assiettes-rondes-churchill-kintsugi-accents-quartz-black-evolve-260mm-lot-de-12\/"},"modified":"2026-04-02T10:15:14","modified_gmt":"2026-04-02T08:15:14","slug":"assiettes-rondes-churchill-kintsugi-accents-quartz-black-evolve-260mm-lot-de-12","status":"publish","type":"product","link":"https:\/\/abinox-chr-clim.com\/index.php\/product\/assiettes-rondes-churchill-kintsugi-accents-quartz-black-evolve-260mm-lot-de-12\/","title":{"rendered":"Assiettes rondes Churchill Kintsugi Accents Quartz Black Evolve 260mm (Lot de 12)"},"content":{"rendered":"<p>Ajoutez une touche moderne \u00e0 votre table avec les Accents Kintsugi de Churchill. Une interpr\u00e9tation contemporaine du design craquel\u00e9 int\u00e9gral, disponible en Quartz Noir &#8211; ajoutant une tonalit\u00e9 audacieuse et saisissante qui se m\u00e9lange parfaitement avec d&rsquo;autres designs du portfolio de Churchill.Avec une sous-gla\u00e7ure d\u00e9cor\u00e9e, cette gamme de vaisselle Churchill cr\u00e9e une couche protectrice pour une durabilit\u00e9 accrue &#8211; parfaite pour une utilisation dans des environnements commerciaux.<\/p>\n<p>\u2022 Passe au micro-ondes pour une utilisation polyvalente<br \/>\u2022 Passe au lave-vaisselle pour un nettoyage rapide<br \/>\u2022 Le design est d\u00e9cor\u00e9 sous gla\u00e7ure, cr\u00e9ant une couche protectrice pour une durabilit\u00e9 accrue.<br \/>\u2022 Un design craquel\u00e9 complexe avec une texture subtile et r\u00e9active qui rend chaque pi\u00e8ce unique.<\/p>\n<p><b><u>Caract\u00e9ristiques du produit :<\/u><\/b><br \/>\u2022 Lot : 12.0<br \/>\u2022 Couleur : Noir.<\/p>\n","protected":false},"excerpt":{"rendered":"<p>260mm. Bo\u00eete de 12<\/p>\n","protected":false},"featured_media":106380,"comment_status":"open","ping_status":"closed","template":"","meta":[],"product_brand":[],"product_cat":[1023,1045,1297,1043],"product_tag":[],"class_list":{"0":"post-109575","1":"product","2":"type-product","3":"status-publish","4":"has-post-thumbnail","6":"product_cat-art-de-la-table","7":"product_cat-divers-vaisselle","8":"product_cat-non-palettisable","9":"product_cat-vaisselle","10":"product_shipping_class-free-shipping","12":"first","13":"outofstock","14":"featured","15":"taxable","16":"shipping-taxable","17":"purchasable","18":"product-type-simple"},"_links":{"self":[{"href":"https:\/\/abinox-chr-clim.com\/index.php\/wp-json\/wp\/v2\/product\/109575","targetHints":{"allow":["GET"]}}],"collection":[{"href":"https:\/\/abinox-chr-clim.com\/index.php\/wp-json\/wp\/v2\/product"}],"about":[{"href":"https:\/\/abinox-chr-clim.com\/index.php\/wp-json\/wp\/v2\/types\/product"}],"replies":[{"embeddable":true,"href":"https:\/\/abinox-chr-clim.com\/index.php\/wp-json\/wp\/v2\/comments?post=109575"}],"wp:featuredmedia":[{"embeddable":true,"href":"https:\/\/abinox-chr-clim.com\/index.php\/wp-json\/wp\/v2\/media\/106380"}],"wp:attachment":[{"href":"https:\/\/abinox-chr-clim.com\/index.php\/wp-json\/wp\/v2\/media?parent=109575"}],"wp:term":[{"taxonomy":"product_brand","embeddable":true,"href":"https:\/\/abinox-chr-clim.com\/index.php\/wp-json\/wp\/v2\/product_brand?post=109575"},{"taxonomy":"product_cat","embeddable":true,"href":"https:\/\/abinox-chr-clim.com\/index.php\/wp-json\/wp\/v2\/product_cat?post=109575"},{"taxonomy":"product_tag","embeddable":true,"href":"https:\/\/abinox-chr-clim.com\/index.php\/wp-json\/wp\/v2\/product_tag?post=109575"}],"curies":[{"name":"wp","href":"https:\/\/api.w.org\/{rel}","templated":true}]}}