{"id":109572,"date":"2025-05-29T11:07:06","date_gmt":"2025-05-29T09:07:06","guid":{"rendered":"https:\/\/abinox-chr-clim.com\/index.php\/product\/bols-churchill-stonecast-raw-terracotta-184mm-lot-de-12\/"},"modified":"2026-04-02T10:15:12","modified_gmt":"2026-04-02T08:15:12","slug":"bols-churchill-stonecast-raw-terracotta-184mm-lot-de-12","status":"publish","type":"product","link":"https:\/\/abinox-chr-clim.com\/index.php\/product\/bols-churchill-stonecast-raw-terracotta-184mm-lot-de-12\/","title":{"rendered":"Bols Churchill Stonecast Raw Terracotta 184mm (Lot de 12)"},"content":{"rendered":"<p>Ajoutez une touche rustique \u00e0 votre table avec la gamme Stonecast raw de Churchill. Avec une sous-gla\u00e7ure d\u00e9cor\u00e9e, la vaisselle est \u00e0 la fois durable et esth\u00e9tique &#8211; id\u00e9ale pour les environnements commerciaux.Avec un bord appliqu\u00e9 \u00e0 la main, cette gamme Churchill ne s&rsquo;\u00e9br\u00e9chera pas aussi facilement, m\u00eame avec une utilisation intensive.<\/p>\n<p>\u2022 Vernis semi-mat pour la pr\u00e9sentation<br \/>\u2022 Sous gla\u00e7ure d\u00e9cor\u00e9e pour plus de durabilit\u00e9<br \/>\u2022 Bande de chant appliqu\u00e9e \u00e0 la main pour une r\u00e9sistance aux \u00e9clats<br \/>\u2022 Passe au micro-ondes pour une utilisation polyvalente<br \/>\u2022 Passe au lave-vaisselle pour un nettoyage rapide<\/p>\n<p><b><u>Caract\u00e9ristiques du produit :<\/u><\/b><br \/>\u2022 Lot : 12.0<br \/>\u2022 Couleur : Rose.<\/p>\n","protected":false},"excerpt":{"rendered":"<p>184mm. Bo\u00eete 12<\/p>\n","protected":false},"featured_media":108340,"comment_status":"open","ping_status":"closed","template":"","meta":[],"product_brand":[],"product_cat":[1023,1045,1297,1043],"product_tag":[],"class_list":{"0":"post-109572","1":"product","2":"type-product","3":"status-publish","4":"has-post-thumbnail","6":"product_cat-art-de-la-table","7":"product_cat-divers-vaisselle","8":"product_cat-non-palettisable","9":"product_cat-vaisselle","10":"product_shipping_class-free-shipping","12":"first","13":"outofstock","14":"featured","15":"taxable","16":"shipping-taxable","17":"purchasable","18":"product-type-simple"},"_links":{"self":[{"href":"https:\/\/abinox-chr-clim.com\/index.php\/wp-json\/wp\/v2\/product\/109572","targetHints":{"allow":["GET"]}}],"collection":[{"href":"https:\/\/abinox-chr-clim.com\/index.php\/wp-json\/wp\/v2\/product"}],"about":[{"href":"https:\/\/abinox-chr-clim.com\/index.php\/wp-json\/wp\/v2\/types\/product"}],"replies":[{"embeddable":true,"href":"https:\/\/abinox-chr-clim.com\/index.php\/wp-json\/wp\/v2\/comments?post=109572"}],"wp:featuredmedia":[{"embeddable":true,"href":"https:\/\/abinox-chr-clim.com\/index.php\/wp-json\/wp\/v2\/media\/108340"}],"wp:attachment":[{"href":"https:\/\/abinox-chr-clim.com\/index.php\/wp-json\/wp\/v2\/media?parent=109572"}],"wp:term":[{"taxonomy":"product_brand","embeddable":true,"href":"https:\/\/abinox-chr-clim.com\/index.php\/wp-json\/wp\/v2\/product_brand?post=109572"},{"taxonomy":"product_cat","embeddable":true,"href":"https:\/\/abinox-chr-clim.com\/index.php\/wp-json\/wp\/v2\/product_cat?post=109572"},{"taxonomy":"product_tag","embeddable":true,"href":"https:\/\/abinox-chr-clim.com\/index.php\/wp-json\/wp\/v2\/product_tag?post=109572"}],"curies":[{"name":"wp","href":"https:\/\/api.w.org\/{rel}","templated":true}]}}