{"id":109561,"date":"2025-05-29T11:06:46","date_gmt":"2025-05-29T09:06:46","guid":{"rendered":"https:\/\/abinox-chr-clim.com\/index.php\/product\/plancha-electrique-en-acier-poli-buffalo\/"},"modified":"2026-04-13T08:14:34","modified_gmt":"2026-04-13T06:14:34","slug":"plancha-electrique-en-acier-poli-buffalo","status":"publish","type":"product","link":"https:\/\/abinox-chr-clim.com\/index.php\/product\/plancha-electrique-en-acier-poli-buffalo\/","title":{"rendered":"Plancha \u00e9lectrique en acier poli Buffalo"},"content":{"rendered":"<p>Con\u00e7ue pour des performances \u00e9lev\u00e9es avec un nouveau design \u00e9l\u00e9gant et un logo en relief, la plaque de cuisson professionnelle Buffalo peut occuper une place de choix sur votre comptoir. Les doubles r\u00e9sistances puissantes, le thermostat pr\u00e9cis, le coupe-circuit de s\u00e9curit\u00e9 permettent une cuisson plus rapide et plus facile.<\/p>\n<p>\u2022 Conception durable et r\u00e9sistante, con\u00e7ue pour durer<br \/>\u2022 &#8211;<br \/>\u2022 &#8211;<br \/>\u2022 Le bac de r\u00e9cup\u00e9ration amovible r\u00e9duit les d\u00e9g\u00e2ts au minimum<br \/>\u2022 Ext\u00e9rieur en acier inoxydable facile \u00e0 nettoyer<br \/>\u2022 R\u00e9glage de la temp\u00e9rature par cadran, simple et sans souci<br \/>\u2022 Pieds caoutchout\u00e9s antid\u00e9rapants pour plus de stabilit\u00e9 et de s\u00e9curit\u00e9<br \/>\u2022 Interrupteur d&rsquo;alimentation facile d&rsquo;acc\u00e8s avec voyant lumineux &#8211; pour savoir si l&rsquo;appareil est aliment\u00e9 en un clin d&rsquo;\u0153il<br \/>\u2022 Plaque de cuisson en acier A3 de 10 mm d&rsquo;\u00e9paisseur<br \/>\u2022 &#8211;<\/p>\n<p><b><u>Caract\u00e9ristiques du produit :<\/u><\/b><br \/>\u2022 Dim. : 200(H) x 525(L) x 465(P) mm<br \/>\u2022 Mati\u00e8re : Inox 430<br \/>\u2022 Puissance : 2.2 kW<br \/>\u2022 Voltage : 230V<br \/>\u2022 Poids : 20 kg<br \/>\u2022 Couleur : Argent.<\/p>\n","protected":false},"excerpt":{"rendered":"<p>2,2kW. Surface de cuisson : 520 x 330mm<\/p>\n","protected":false},"featured_media":108333,"comment_status":"open","ping_status":"closed","template":"","meta":[],"product_brand":[],"product_cat":[1185,1160,1296,1179],"product_tag":[],"class_list":{"0":"post-109561","1":"product","2":"type-product","3":"status-publish","4":"has-post-thumbnail","6":"product_cat-grils-et-plaques-de-cuisson","7":"product_cat-materiel-electrique-et-de-cuisson","8":"product_cat-palettisable","9":"product_cat-petit-materiel","10":"product_shipping_class-free-shipping","12":"first","13":"instock","14":"featured","15":"taxable","16":"shipping-taxable","17":"purchasable","18":"product-type-simple"},"_links":{"self":[{"href":"https:\/\/abinox-chr-clim.com\/index.php\/wp-json\/wp\/v2\/product\/109561","targetHints":{"allow":["GET"]}}],"collection":[{"href":"https:\/\/abinox-chr-clim.com\/index.php\/wp-json\/wp\/v2\/product"}],"about":[{"href":"https:\/\/abinox-chr-clim.com\/index.php\/wp-json\/wp\/v2\/types\/product"}],"replies":[{"embeddable":true,"href":"https:\/\/abinox-chr-clim.com\/index.php\/wp-json\/wp\/v2\/comments?post=109561"}],"wp:featuredmedia":[{"embeddable":true,"href":"https:\/\/abinox-chr-clim.com\/index.php\/wp-json\/wp\/v2\/media\/108333"}],"wp:attachment":[{"href":"https:\/\/abinox-chr-clim.com\/index.php\/wp-json\/wp\/v2\/media?parent=109561"}],"wp:term":[{"taxonomy":"product_brand","embeddable":true,"href":"https:\/\/abinox-chr-clim.com\/index.php\/wp-json\/wp\/v2\/product_brand?post=109561"},{"taxonomy":"product_cat","embeddable":true,"href":"https:\/\/abinox-chr-clim.com\/index.php\/wp-json\/wp\/v2\/product_cat?post=109561"},{"taxonomy":"product_tag","embeddable":true,"href":"https:\/\/abinox-chr-clim.com\/index.php\/wp-json\/wp\/v2\/product_tag?post=109561"}],"curies":[{"name":"wp","href":"https:\/\/api.w.org\/{rel}","templated":true}]}}