{"id":109560,"date":"2025-05-29T11:06:45","date_gmt":"2025-05-29T09:06:45","guid":{"rendered":"https:\/\/abinox-chr-clim.com\/index.php\/product\/friteuse-electrique-double-avec-minuterie-buffalo-2x5l\/"},"modified":"2026-04-02T10:38:55","modified_gmt":"2026-04-02T08:38:55","slug":"friteuse-electrique-double-avec-minuterie-buffalo-2x5l","status":"publish","type":"product","link":"https:\/\/abinox-chr-clim.com\/index.php\/product\/friteuse-electrique-double-avec-minuterie-buffalo-2x5l\/","title":{"rendered":"Friteuse \u00e9lectrique double avec minuterie Buffalo 2x5L"},"content":{"rendered":"<p>Friteuse de comptoir puissante avec couvercles inox. Poss\u00e8de deux cuves s\u00e9par\u00e9es avec commandes ind\u00e9pendantes pour \u00e9viter toute contamination crois\u00e9e et \u00e9conomiser de l&rsquo;\u00e9nergie pendant les p\u00e9riodes plus calmes.<\/p>\n<p>\u2022 Construction en acier inoxydable robuste et facile \u00e0 nettoyer<br \/>\u2022 Vanne de vidange en fa\u00e7ade pour un nettoyage facile<br \/>\u2022 Contr\u00f4le de temp\u00e9rature simple \u00e0 cadran avec minuterie num\u00e9rique intuitive<br \/>\u2022 Avec deux couvercles pour maintenir la qualit\u00e9 de l&rsquo;huile plus longtemps<br \/>\u2022 Paniers de friture de qualit\u00e9 commerciale<br \/>\u2022 Pieds robustes antid\u00e9rapants<br \/>\u2022 Poign\u00e9es de panier antichaleur<\/p>\n<p><b><u>Caract\u00e9ristiques du produit :<\/u><\/b><br \/>\u2022 Capacit\u00e9 : 10 L<br \/>\u2022 Dim. : 315(H) x 560(L) x 450(P) mm<br \/>\u2022 Mati\u00e8re : Inox<br \/>\u2022 Temp\u00e9rature : 50 \u00b0C \u00e0 190 \u00b0C<br \/>\u2022 Voltage : 220-240V<br \/>\u2022 Poids : 12 kg<br \/>\u2022 Couleur : Argent.<\/p>\n","protected":false},"excerpt":{"rendered":"<p>2&#215;2,8kW. Capacit\u00e9 d&rsquo;huile : 2x5L<\/p>\n","protected":false},"featured_media":107019,"comment_status":"open","ping_status":"closed","template":"","meta":[],"product_brand":[],"product_cat":[1182,1160,1296,1179],"product_tag":[],"class_list":{"0":"post-109560","1":"product","2":"type-product","3":"status-publish","4":"has-post-thumbnail","6":"product_cat-friteuses","7":"product_cat-materiel-electrique-et-de-cuisson","8":"product_cat-palettisable","9":"product_cat-petit-materiel","10":"product_shipping_class-free-shipping","12":"first","13":"instock","14":"featured","15":"taxable","16":"shipping-taxable","17":"purchasable","18":"product-type-simple"},"_links":{"self":[{"href":"https:\/\/abinox-chr-clim.com\/index.php\/wp-json\/wp\/v2\/product\/109560","targetHints":{"allow":["GET"]}}],"collection":[{"href":"https:\/\/abinox-chr-clim.com\/index.php\/wp-json\/wp\/v2\/product"}],"about":[{"href":"https:\/\/abinox-chr-clim.com\/index.php\/wp-json\/wp\/v2\/types\/product"}],"replies":[{"embeddable":true,"href":"https:\/\/abinox-chr-clim.com\/index.php\/wp-json\/wp\/v2\/comments?post=109560"}],"wp:featuredmedia":[{"embeddable":true,"href":"https:\/\/abinox-chr-clim.com\/index.php\/wp-json\/wp\/v2\/media\/107019"}],"wp:attachment":[{"href":"https:\/\/abinox-chr-clim.com\/index.php\/wp-json\/wp\/v2\/media?parent=109560"}],"wp:term":[{"taxonomy":"product_brand","embeddable":true,"href":"https:\/\/abinox-chr-clim.com\/index.php\/wp-json\/wp\/v2\/product_brand?post=109560"},{"taxonomy":"product_cat","embeddable":true,"href":"https:\/\/abinox-chr-clim.com\/index.php\/wp-json\/wp\/v2\/product_cat?post=109560"},{"taxonomy":"product_tag","embeddable":true,"href":"https:\/\/abinox-chr-clim.com\/index.php\/wp-json\/wp\/v2\/product_tag?post=109560"}],"curies":[{"name":"wp","href":"https:\/\/api.w.org\/{rel}","templated":true}]}}