{"id":109558,"date":"2025-05-29T11:06:42","date_gmt":"2025-05-29T09:06:42","guid":{"rendered":"https:\/\/abinox-chr-clim.com\/index.php\/product\/friteuse-electrique-double-avec-minuterie-buffalo-2x8l\/"},"modified":"2026-04-02T10:37:04","modified_gmt":"2026-04-02T08:37:04","slug":"friteuse-electrique-double-avec-minuterie-buffalo-2x8l","status":"publish","type":"product","link":"https:\/\/abinox-chr-clim.com\/index.php\/product\/friteuse-electrique-double-avec-minuterie-buffalo-2x8l\/","title":{"rendered":"Friteuse \u00e9lectrique double avec minuterie Buffalo 2x8L"},"content":{"rendered":"<p>Friteuse de comptoir professionnelle avec couvercles inox. Deux cuves s\u00e9par\u00e9es avec commandes ind\u00e9pendantes pour \u00e9viter toute contamination crois\u00e9e et \u00e9conomiser de l&rsquo;\u00e9nergie dans les moments plus calmes. Coupe circuit thermique de s\u00e9curit\u00e9 pour \u00e9viter \u00e9tincelles et surchauffe.<\/p>\n<p>\u2022 Construction en acier inoxydable robuste facile \u00e0 nettoyer<br \/>\u2022 Robinet de vidange mont\u00e9 \u00e0 l&rsquo;avant pour un nettoyage facile<br \/>\u2022 Contr\u00f4le de temp\u00e9rature \u00e0 cadran simple avec minuteur num\u00e9rique intuitif<br \/>\u2022 Le couvercle maintient la qualit\u00e9 de l&rsquo;huile plus longtemps<br \/>\u2022 Paniers de friture de qualit\u00e9 commerciale<br \/>\u2022 Pieds antid\u00e9rapants solides<br \/>\u2022 Poign\u00e9es de panier antichaleur<\/p>\n<p><b><u>Caract\u00e9ristiques du produit :<\/u><\/b><br \/>\u2022 Capacit\u00e9 : 16 L<br \/>\u2022 Dim. : 410(H) x 560(L) x 505(P) mm<br \/>\u2022 Mati\u00e8re : Inox<br \/>\u2022 Temp\u00e9rature : 50 \u00b0C \u00e0 190 \u00b0C<br \/>\u2022 Voltage : 220-240V<br \/>\u2022 Poids : 16 kg<br \/>\u2022 Couleur : Argent.<\/p>\n","protected":false},"excerpt":{"rendered":"<p>2&#215;2,9kW. Capacit\u00e9 d&rsquo;huile : 2x8L. Rendement de frites : jusqu&rsquo;\u00e0 16kg\/h<\/p>\n","protected":false},"featured_media":107018,"comment_status":"open","ping_status":"closed","template":"","meta":[],"product_brand":[],"product_cat":[1182,1160,1296,1179],"product_tag":[],"class_list":{"0":"post-109558","1":"product","2":"type-product","3":"status-publish","4":"has-post-thumbnail","6":"product_cat-friteuses","7":"product_cat-materiel-electrique-et-de-cuisson","8":"product_cat-palettisable","9":"product_cat-petit-materiel","10":"product_shipping_class-free-shipping","12":"first","13":"instock","14":"featured","15":"taxable","16":"shipping-taxable","17":"purchasable","18":"product-type-simple"},"_links":{"self":[{"href":"https:\/\/abinox-chr-clim.com\/index.php\/wp-json\/wp\/v2\/product\/109558","targetHints":{"allow":["GET"]}}],"collection":[{"href":"https:\/\/abinox-chr-clim.com\/index.php\/wp-json\/wp\/v2\/product"}],"about":[{"href":"https:\/\/abinox-chr-clim.com\/index.php\/wp-json\/wp\/v2\/types\/product"}],"replies":[{"embeddable":true,"href":"https:\/\/abinox-chr-clim.com\/index.php\/wp-json\/wp\/v2\/comments?post=109558"}],"wp:featuredmedia":[{"embeddable":true,"href":"https:\/\/abinox-chr-clim.com\/index.php\/wp-json\/wp\/v2\/media\/107018"}],"wp:attachment":[{"href":"https:\/\/abinox-chr-clim.com\/index.php\/wp-json\/wp\/v2\/media?parent=109558"}],"wp:term":[{"taxonomy":"product_brand","embeddable":true,"href":"https:\/\/abinox-chr-clim.com\/index.php\/wp-json\/wp\/v2\/product_brand?post=109558"},{"taxonomy":"product_cat","embeddable":true,"href":"https:\/\/abinox-chr-clim.com\/index.php\/wp-json\/wp\/v2\/product_cat?post=109558"},{"taxonomy":"product_tag","embeddable":true,"href":"https:\/\/abinox-chr-clim.com\/index.php\/wp-json\/wp\/v2\/product_tag?post=109558"}],"curies":[{"name":"wp","href":"https:\/\/api.w.org\/{rel}","templated":true}]}}