{"id":109557,"date":"2025-05-29T11:06:40","date_gmt":"2025-05-29T09:06:40","guid":{"rendered":"https:\/\/abinox-chr-clim.com\/index.php\/product\/friteuse-electrique-simple-avec-minuterie-buffalo-8l\/"},"modified":"2026-04-02T10:37:03","modified_gmt":"2026-04-02T08:37:03","slug":"friteuse-electrique-simple-avec-minuterie-buffalo-8l","status":"publish","type":"product","link":"https:\/\/abinox-chr-clim.com\/index.php\/product\/friteuse-electrique-simple-avec-minuterie-buffalo-8l\/","title":{"rendered":"Friteuse \u00e9lectrique simple avec minuterie Buffalo 8L"},"content":{"rendered":"<p>Friteuse de comptoir simple pour \u00e9tablissements \u00e0 petit d\u00e9bit, avec cuve amovible pour un nettoyage facile. Angles arrondis et contr\u00f4le de temp\u00e9rature variable.<\/p>\n<p>\u2022 Construction en acier inoxydable facile \u00e0 nettoyer et r\u00e9sistante<br \/>\u2022 Robinet de vidange mont\u00e9 \u00e0 l&rsquo;avant pour un nettoyage facile<br \/>\u2022 Contr\u00f4le de temp\u00e9rature par simple cadran avec minuterie num\u00e9rique intuitive<br \/>\u2022 Le couvercle maintient la qualit\u00e9 de l&rsquo;huile plus longtemps<br \/>\u2022 Panier de friture de qualit\u00e9 commerciale<br \/>\u2022 Pieds antid\u00e9rapants robustes<br \/>\u2022 Poign\u00e9e de panier antichaleur<\/p>\n<p><b><u>Caract\u00e9ristiques du produit :<\/u><\/b><br \/>\u2022 Capacit\u00e9 : 8 L<br \/>\u2022 Dim. : 410(H) x 280(L) x 505(P) mm<br \/>\u2022 Mati\u00e8re : Inox<br \/>\u2022 Temp\u00e9rature : 50 \u00b0C \u00e0 190 \u00b0C<br \/>\u2022 Voltage : 220-240V<br \/>\u2022 Poids : 9 kg<br \/>\u2022 Couleur : Argent.<\/p>\n","protected":false},"excerpt":{"rendered":"<p>2,9kW. Capacit\u00e9 d&rsquo;huile : 8L. Rendement de frites : jusqu&rsquo;\u00e0 8 kg\/h<\/p>\n","protected":false},"featured_media":108332,"comment_status":"open","ping_status":"closed","template":"","meta":[],"product_brand":[],"product_cat":[1182,1160,1296,1179],"product_tag":[],"class_list":{"0":"post-109557","1":"product","2":"type-product","3":"status-publish","4":"has-post-thumbnail","6":"product_cat-friteuses","7":"product_cat-materiel-electrique-et-de-cuisson","8":"product_cat-palettisable","9":"product_cat-petit-materiel","10":"product_shipping_class-free-shipping","12":"first","13":"instock","14":"featured","15":"taxable","16":"shipping-taxable","17":"purchasable","18":"product-type-simple"},"_links":{"self":[{"href":"https:\/\/abinox-chr-clim.com\/index.php\/wp-json\/wp\/v2\/product\/109557","targetHints":{"allow":["GET"]}}],"collection":[{"href":"https:\/\/abinox-chr-clim.com\/index.php\/wp-json\/wp\/v2\/product"}],"about":[{"href":"https:\/\/abinox-chr-clim.com\/index.php\/wp-json\/wp\/v2\/types\/product"}],"replies":[{"embeddable":true,"href":"https:\/\/abinox-chr-clim.com\/index.php\/wp-json\/wp\/v2\/comments?post=109557"}],"wp:featuredmedia":[{"embeddable":true,"href":"https:\/\/abinox-chr-clim.com\/index.php\/wp-json\/wp\/v2\/media\/108332"}],"wp:attachment":[{"href":"https:\/\/abinox-chr-clim.com\/index.php\/wp-json\/wp\/v2\/media?parent=109557"}],"wp:term":[{"taxonomy":"product_brand","embeddable":true,"href":"https:\/\/abinox-chr-clim.com\/index.php\/wp-json\/wp\/v2\/product_brand?post=109557"},{"taxonomy":"product_cat","embeddable":true,"href":"https:\/\/abinox-chr-clim.com\/index.php\/wp-json\/wp\/v2\/product_cat?post=109557"},{"taxonomy":"product_tag","embeddable":true,"href":"https:\/\/abinox-chr-clim.com\/index.php\/wp-json\/wp\/v2\/product_tag?post=109557"}],"curies":[{"name":"wp","href":"https:\/\/api.w.org\/{rel}","templated":true}]}}