{"id":109555,"date":"2025-05-29T11:06:37","date_gmt":"2025-05-29T09:06:37","guid":{"rendered":"https:\/\/abinox-chr-clim.com\/index.php\/product\/friteuse-de-comptoir-simple-avec-panier-buffalo-5l\/"},"modified":"2026-04-02T10:39:04","modified_gmt":"2026-04-02T08:39:04","slug":"friteuse-de-comptoir-simple-avec-panier-buffalo-5l","status":"publish","type":"product","link":"https:\/\/abinox-chr-clim.com\/index.php\/product\/friteuse-de-comptoir-simple-avec-panier-buffalo-5l\/","title":{"rendered":"Friteuse de comptoir simple avec panier Buffalo 5L"},"content":{"rendered":"<p>Friteuse commerciale puissante et grande capacit\u00e9 avec des commandes de temp\u00e9rature \u00e0 cadran simples. Construction solide en acier inoxydable et couvercle en acier inoxydable inclus.<\/p>\n<p>\u2022 Construction en acier inoxydable facile \u00e0 nettoyer et permettant de gagner du temps<br \/>\u2022 Temps de r\u00e9cup\u00e9ration rapide pour am\u00e9liorer la production<br \/>\u2022 Panier et couvercle en acier inoxydable fournis<br \/>\u2022 Comprend un couvercle de s\u00e9rie &#8211; peut aider \u00e0 prolonger la dur\u00e9e de vie de l&rsquo;huile<br \/>\u2022 Contr\u00f4le de la temp\u00e9rature convivial par cadran<br \/>\u2022 Dispositif de coupure thermique pour la s\u00e9curit\u00e9<br \/>\u2022 Pieds antid\u00e9rapants pour la stabilit\u00e9 et la s\u00e9curit\u00e9<br \/>\u2022 L&rsquo;appareil peut \u00eatre facilement d\u00e9mont\u00e9 pour le nettoyage et l&rsquo;entretien<br \/>\u2022 Comprend une plaque \u00e0 p\u00e2te &#8211; prot\u00e8ge les \u00e9l\u00e9ments et r\u00e9duit les d\u00e9bris alimentaires dans l&rsquo;huile<br \/>\u2022 Poign\u00e9es du panier \u00e0 toucher froid am\u00e9liorent la s\u00e9curit\u00e9 de la friteuse<\/p>\n<p><b><u>Caract\u00e9ristiques du produit :<\/u><\/b><br \/>\u2022 Capacit\u00e9 : 5 L<br \/>\u2022 Dim. : 280(H) x 270(L) x 410(P) mm<br \/>\u2022 Mati\u00e8re : Inox<br \/>\u2022 Puissance : 2.8 kW<br \/>\u2022 Temp\u00e9rature : 60 \u00b0C \u00e0 190 \u00b0C<br \/>\u2022 Voltage : 220-240V<br \/>\u2022 Poids : 4,8 kg<br \/>\u2022 Couleur : Argent.<\/p>\n","protected":false},"excerpt":{"rendered":"<p>2,8kW. Capacit\u00e9 en huile : 5Ltr<\/p>\n","protected":false},"featured_media":106077,"comment_status":"open","ping_status":"closed","template":"","meta":[],"product_brand":[],"product_cat":[1182,1160,1296,1179],"product_tag":[],"class_list":{"0":"post-109555","1":"product","2":"type-product","3":"status-publish","4":"has-post-thumbnail","6":"product_cat-friteuses","7":"product_cat-materiel-electrique-et-de-cuisson","8":"product_cat-palettisable","9":"product_cat-petit-materiel","10":"product_shipping_class-free-shipping","12":"first","13":"instock","14":"featured","15":"taxable","16":"shipping-taxable","17":"purchasable","18":"product-type-simple"},"_links":{"self":[{"href":"https:\/\/abinox-chr-clim.com\/index.php\/wp-json\/wp\/v2\/product\/109555","targetHints":{"allow":["GET"]}}],"collection":[{"href":"https:\/\/abinox-chr-clim.com\/index.php\/wp-json\/wp\/v2\/product"}],"about":[{"href":"https:\/\/abinox-chr-clim.com\/index.php\/wp-json\/wp\/v2\/types\/product"}],"replies":[{"embeddable":true,"href":"https:\/\/abinox-chr-clim.com\/index.php\/wp-json\/wp\/v2\/comments?post=109555"}],"wp:featuredmedia":[{"embeddable":true,"href":"https:\/\/abinox-chr-clim.com\/index.php\/wp-json\/wp\/v2\/media\/106077"}],"wp:attachment":[{"href":"https:\/\/abinox-chr-clim.com\/index.php\/wp-json\/wp\/v2\/media?parent=109555"}],"wp:term":[{"taxonomy":"product_brand","embeddable":true,"href":"https:\/\/abinox-chr-clim.com\/index.php\/wp-json\/wp\/v2\/product_brand?post=109555"},{"taxonomy":"product_cat","embeddable":true,"href":"https:\/\/abinox-chr-clim.com\/index.php\/wp-json\/wp\/v2\/product_cat?post=109555"},{"taxonomy":"product_tag","embeddable":true,"href":"https:\/\/abinox-chr-clim.com\/index.php\/wp-json\/wp\/v2\/product_tag?post=109555"}],"curies":[{"name":"wp","href":"https:\/\/api.w.org\/{rel}","templated":true}]}}