{"id":109554,"date":"2025-05-29T11:06:35","date_gmt":"2025-05-29T09:06:35","guid":{"rendered":"https:\/\/abinox-chr-clim.com\/index.php\/product\/friteuse-double-buffalo-2x3l-2\/"},"modified":"2026-04-02T10:30:58","modified_gmt":"2026-04-02T08:30:58","slug":"friteuse-double-buffalo-2x3l-2","status":"publish","type":"product","link":"https:\/\/abinox-chr-clim.com\/index.php\/product\/friteuse-double-buffalo-2x3l-2\/","title":{"rendered":"Friteuse double Buffalo &#8211; 2x3L"},"content":{"rendered":"<p>Friteuse de comptoir puissante. Dispose de deux cuves s\u00e9par\u00e9es avec commandes ind\u00e9pendantes pour \u00e9viter toute contamination crois\u00e9e et \u00e9conomiser de l&rsquo;\u00e9nergie dans les moments plus calmes.<\/p>\n<p>\u2022 Construction en acier inoxydable facile \u00e0 nettoyer, gain de temps<br \/>\u2022 Le temps de r\u00e9cup\u00e9ration rapide am\u00e9liore la production et aide \u00e0 r\u00e9duire les files d&rsquo;attente<br \/>\u2022 Paniers robustes avec poign\u00e9es \u00e0 isolation thermique &#8211; parfaits pour soulever des charges compl\u00e8tes en toute s\u00e9curit\u00e9<br \/>\u2022 Commandes de temp\u00e9rature \u00e0 cadran convivial avec voyant lumineux &#8211; voir d&rsquo;un coup d&rsquo;\u0153il quand la temp\u00e9rature est atteinte<br \/>\u2022 Minuterie num\u00e9rique et alarme &#8211; cuisson pr\u00e9cise \u00e0 chaque fois<br \/>\u2022 S\u00e9curit\u00e9 thermique emp\u00eache la combustion de l&rsquo;huile<br \/>\u2022 Interrupteurs d&rsquo;alimentation faciles d&rsquo;acc\u00e8s avec voyant lumineux &#8211; voir si aliment\u00e9 en un coup d&rsquo;\u0153il<br \/>\u2022 Couvercles en acier inoxydable inclus pour un rangement s\u00fbr et hygi\u00e9nique de la friteuse<br \/>\u2022 R\u00e9f\u00e9rence soumise \u00e0 une Eco-participation de 0.28\u20ac par unit\u00e9 vendue applicable en France uniquement\u00a0<br \/>\u2022 Pieds en caoutchouc antid\u00e9rapants<br \/>\u2022 La plaque de protection des \u00e9l\u00e9ments aide \u00e0 prolonger la dur\u00e9e de vie op\u00e9rationnelle<\/p>\n<p><b><u>Caract\u00e9ristiques du produit :<\/u><\/b><br \/>\u2022 Capacit\u00e9 : 3 L<br \/>\u2022 Dim. : 295(H) x 360(L) x 410(P) mm<br \/>\u2022 Mati\u00e8re : Inox<br \/>\u2022 Puissance : 2 kW<br \/>\u2022 Voltage : 220-240V<br \/>\u2022 Poids : 6,2 kg<br \/>\u2022 Couleur : Argent.<\/p>\n","protected":false},"excerpt":{"rendered":"<p>2 x 2kW. Capacit\u00e9 d&rsquo;huile : 2 x 3L<\/p>\n","protected":false},"featured_media":108330,"comment_status":"open","ping_status":"closed","template":"","meta":[],"product_brand":[],"product_cat":[1182,1160,1296,1179],"product_tag":[],"class_list":{"0":"post-109554","1":"product","2":"type-product","3":"status-publish","4":"has-post-thumbnail","6":"product_cat-friteuses","7":"product_cat-materiel-electrique-et-de-cuisson","8":"product_cat-palettisable","9":"product_cat-petit-materiel","10":"product_shipping_class-free-shipping","12":"first","13":"instock","14":"featured","15":"taxable","16":"shipping-taxable","17":"purchasable","18":"product-type-simple"},"_links":{"self":[{"href":"https:\/\/abinox-chr-clim.com\/index.php\/wp-json\/wp\/v2\/product\/109554","targetHints":{"allow":["GET"]}}],"collection":[{"href":"https:\/\/abinox-chr-clim.com\/index.php\/wp-json\/wp\/v2\/product"}],"about":[{"href":"https:\/\/abinox-chr-clim.com\/index.php\/wp-json\/wp\/v2\/types\/product"}],"replies":[{"embeddable":true,"href":"https:\/\/abinox-chr-clim.com\/index.php\/wp-json\/wp\/v2\/comments?post=109554"}],"wp:featuredmedia":[{"embeddable":true,"href":"https:\/\/abinox-chr-clim.com\/index.php\/wp-json\/wp\/v2\/media\/108330"}],"wp:attachment":[{"href":"https:\/\/abinox-chr-clim.com\/index.php\/wp-json\/wp\/v2\/media?parent=109554"}],"wp:term":[{"taxonomy":"product_brand","embeddable":true,"href":"https:\/\/abinox-chr-clim.com\/index.php\/wp-json\/wp\/v2\/product_brand?post=109554"},{"taxonomy":"product_cat","embeddable":true,"href":"https:\/\/abinox-chr-clim.com\/index.php\/wp-json\/wp\/v2\/product_cat?post=109554"},{"taxonomy":"product_tag","embeddable":true,"href":"https:\/\/abinox-chr-clim.com\/index.php\/wp-json\/wp\/v2\/product_tag?post=109554"}],"curies":[{"name":"wp","href":"https:\/\/api.w.org\/{rel}","templated":true}]}}