{"id":109550,"date":"2025-05-29T11:06:28","date_gmt":"2025-05-29T09:06:28","guid":{"rendered":"https:\/\/abinox-chr-clim.com\/index.php\/product\/gril-de-contact-double-buffalo-plaques-lisse-lisse\/"},"modified":"2026-04-02T10:40:32","modified_gmt":"2026-04-02T08:40:32","slug":"gril-de-contact-double-buffalo-plaques-lisse-lisse","status":"publish","type":"product","link":"https:\/\/abinox-chr-clim.com\/index.php\/product\/gril-de-contact-double-buffalo-plaques-lisse-lisse\/","title":{"rendered":"Gril de contact double Buffalo plaques lisse\/lisse"},"content":{"rendered":"<p>Maximisez votre productivit\u00e9 avec le gril de contact double Buffalo. Dot\u00e9 d&rsquo;une double zone de cuisson, ce gril permet de griller simultan\u00e9ment, ce qui est parfait pour les cuisines occup\u00e9es. Construit pour durer, il offre une distribution uniforme de la chaleur pour des r\u00e9sultats de cuisson constants.<\/p>\n<p>\u2022 Minuteur num\u00e9rique avec 4 r\u00e9glages de programme pour une cuisson uniforme<br \/>\u2022 Plaques de gril en fonte \u00e9maill\u00e9e r\u00e9sistant et durable<br \/>\u2022 Bac de collecte de graisse amovible &#8211; facile \u00e0 nettoyer sans d\u00e9placer le gril<br \/>\u2022 Plaque sup\u00e9rieure \u00e9quilibr\u00e9e &#8211; positionnement facile de la plaque au-dessus des aliments<br \/>\u2022 Plage de temp\u00e9rature 50-300\u00b0C<br \/>\u2022 La fonte \u00e9maill\u00e9e est facile \u00e0 nettoyer et \u00e0 entretenir<br \/>\u2022 Mont\u00e9e en temp\u00e9rature rapide &#8211; cuisinez plus vite avec 2 prises de 13 amp\u00e8res &#8211; puissance totale 3,6kW<\/p>\n<p><b><u>Caract\u00e9ristiques du produit :<\/u><\/b><br \/>\u2022 Dim. : 200(H) x 570(L) x 310(P) mm<br \/>\u2022 Mati\u00e8re : Inox<br \/>\u2022 Voltage : 220-240V<br \/>\u2022 Poids : 25,3 kg<br \/>\u2022 Temp\u00e9rature ambiante MAX : 50 \u00b0C<br \/>\u2022 Couleur : Argent.<\/p>\n","protected":false},"excerpt":{"rendered":"<p>3,6kW. Plaques lisses<\/p>\n","protected":false},"featured_media":105825,"comment_status":"open","ping_status":"closed","template":"","meta":[],"product_brand":[],"product_cat":[1184,1160,1296,1179],"product_tag":[],"class_list":{"0":"post-109550","1":"product","2":"type-product","3":"status-publish","4":"has-post-thumbnail","6":"product_cat-grils-de-contact","7":"product_cat-materiel-electrique-et-de-cuisson","8":"product_cat-palettisable","9":"product_cat-petit-materiel","10":"product_shipping_class-free-shipping","12":"first","13":"instock","14":"featured","15":"taxable","16":"shipping-taxable","17":"purchasable","18":"product-type-simple"},"_links":{"self":[{"href":"https:\/\/abinox-chr-clim.com\/index.php\/wp-json\/wp\/v2\/product\/109550","targetHints":{"allow":["GET"]}}],"collection":[{"href":"https:\/\/abinox-chr-clim.com\/index.php\/wp-json\/wp\/v2\/product"}],"about":[{"href":"https:\/\/abinox-chr-clim.com\/index.php\/wp-json\/wp\/v2\/types\/product"}],"replies":[{"embeddable":true,"href":"https:\/\/abinox-chr-clim.com\/index.php\/wp-json\/wp\/v2\/comments?post=109550"}],"wp:featuredmedia":[{"embeddable":true,"href":"https:\/\/abinox-chr-clim.com\/index.php\/wp-json\/wp\/v2\/media\/105825"}],"wp:attachment":[{"href":"https:\/\/abinox-chr-clim.com\/index.php\/wp-json\/wp\/v2\/media?parent=109550"}],"wp:term":[{"taxonomy":"product_brand","embeddable":true,"href":"https:\/\/abinox-chr-clim.com\/index.php\/wp-json\/wp\/v2\/product_brand?post=109550"},{"taxonomy":"product_cat","embeddable":true,"href":"https:\/\/abinox-chr-clim.com\/index.php\/wp-json\/wp\/v2\/product_cat?post=109550"},{"taxonomy":"product_tag","embeddable":true,"href":"https:\/\/abinox-chr-clim.com\/index.php\/wp-json\/wp\/v2\/product_tag?post=109550"}],"curies":[{"name":"wp","href":"https:\/\/api.w.org\/{rel}","templated":true}]}}