{"id":109549,"date":"2025-05-29T11:06:26","date_gmt":"2025-05-29T09:06:26","guid":{"rendered":"https:\/\/abinox-chr-clim.com\/index.php\/product\/gril-de-contact-extra-large-buffalo-plaques-rainuree-lisse\/"},"modified":"2026-04-02T10:40:32","modified_gmt":"2026-04-02T08:40:32","slug":"gril-de-contact-extra-large-buffalo-plaques-rainuree-lisse","status":"publish","type":"product","link":"https:\/\/abinox-chr-clim.com\/index.php\/product\/gril-de-contact-extra-large-buffalo-plaques-rainuree-lisse\/","title":{"rendered":"Gril de contact extra large Buffalo plaques rainur\u00e9e\/lisse"},"content":{"rendered":"<p>Donnez de l&rsquo;\u00e9nergie \u00e0 votre cuisine avec les grils de contact extra-larges Buffalo. Con\u00e7us pour \u00eatre utilis\u00e9s dans des cuisines au rythme soutenu, ces grils offrent une zone de cuisson spacieuse et des commandes de chaleur r\u00e9glables, garantissant que de grandes quantit\u00e9s d&rsquo;aliments puissent \u00eatre grill\u00e9es avec pr\u00e9cision. Les mat\u00e9riaux r\u00e9sistants offrent une excellente durabilit\u00e9.<\/p>\n<p>\u2022 Minuterie num\u00e9rique avec 4 r\u00e9glages de programmes pour une cuisson coh\u00e9rente<br \/>\u2022 Plaques de gril en fonte \u00e9maill\u00e9e lourde et durable<br \/>\u2022 Plateau de r\u00e9cup\u00e9ration de graisse amovible &#8211; facile \u00e0 nettoyer sans d\u00e9placer le gril<br \/>\u2022 Plaque sup\u00e9rieure \u00e9quilibr\u00e9e &#8211; positionner la plaque au-dessus des aliments sans effort<br \/>\u2022 Plage de temp\u00e9rature 50-300\u00b0C<br \/>\u2022 La fonte \u00e9maill\u00e9e est facile \u00e0 nettoyer et \u00e0 entretenir<\/p>\n<p><b><u>Caract\u00e9ristiques du produit :<\/u><\/b><br \/>\u2022 Dim. : 200(H) x 430(L) x 310(P) mm<br \/>\u2022 Mati\u00e8re : Inox<br \/>\u2022 Voltage : 220-240V<br \/>\u2022 Poids : 19,3 kg<br \/>\u2022 Temp\u00e9rature ambiante MAX : 50 \u00b0C<br \/>\u2022 Couleur : Argent.<\/p>\n","protected":false},"excerpt":{"rendered":"<p>2,5 kW. Base lisse, dessus rainur\u00e9. Largeur : 430 mm<\/p>\n","protected":false},"featured_media":106537,"comment_status":"open","ping_status":"closed","template":"","meta":[],"product_brand":[],"product_cat":[1184,1160,1296,1179],"product_tag":[],"class_list":{"0":"post-109549","1":"product","2":"type-product","3":"status-publish","4":"has-post-thumbnail","6":"product_cat-grils-de-contact","7":"product_cat-materiel-electrique-et-de-cuisson","8":"product_cat-palettisable","9":"product_cat-petit-materiel","10":"product_shipping_class-free-shipping","12":"first","13":"instock","14":"featured","15":"taxable","16":"shipping-taxable","17":"purchasable","18":"product-type-simple"},"_links":{"self":[{"href":"https:\/\/abinox-chr-clim.com\/index.php\/wp-json\/wp\/v2\/product\/109549","targetHints":{"allow":["GET"]}}],"collection":[{"href":"https:\/\/abinox-chr-clim.com\/index.php\/wp-json\/wp\/v2\/product"}],"about":[{"href":"https:\/\/abinox-chr-clim.com\/index.php\/wp-json\/wp\/v2\/types\/product"}],"replies":[{"embeddable":true,"href":"https:\/\/abinox-chr-clim.com\/index.php\/wp-json\/wp\/v2\/comments?post=109549"}],"wp:featuredmedia":[{"embeddable":true,"href":"https:\/\/abinox-chr-clim.com\/index.php\/wp-json\/wp\/v2\/media\/106537"}],"wp:attachment":[{"href":"https:\/\/abinox-chr-clim.com\/index.php\/wp-json\/wp\/v2\/media?parent=109549"}],"wp:term":[{"taxonomy":"product_brand","embeddable":true,"href":"https:\/\/abinox-chr-clim.com\/index.php\/wp-json\/wp\/v2\/product_brand?post=109549"},{"taxonomy":"product_cat","embeddable":true,"href":"https:\/\/abinox-chr-clim.com\/index.php\/wp-json\/wp\/v2\/product_cat?post=109549"},{"taxonomy":"product_tag","embeddable":true,"href":"https:\/\/abinox-chr-clim.com\/index.php\/wp-json\/wp\/v2\/product_tag?post=109549"}],"curies":[{"name":"wp","href":"https:\/\/api.w.org\/{rel}","templated":true}]}}