{"id":109546,"date":"2025-05-29T11:06:21","date_gmt":"2025-05-29T09:06:21","guid":{"rendered":"https:\/\/abinox-chr-clim.com\/index.php\/product\/buffalo-bistro-grill-a-double-contact-2\/"},"modified":"2026-04-02T10:28:47","modified_gmt":"2026-04-02T08:28:47","slug":"buffalo-bistro-grill-a-double-contact-2","status":"publish","type":"product","link":"https:\/\/abinox-chr-clim.com\/index.php\/product\/buffalo-bistro-grill-a-double-contact-2\/","title":{"rendered":"Buffalo Bistro Grill \u00e0 double contact"},"content":{"rendered":"<p>Appareil en acier inoxydable compact d&rsquo;excellent rapport qualit\u00e9\/prix avec plaques en fonte antiadh\u00e9sives rainur\u00e9es ou lisses, au choix, pour des grillades plus saines en quelques minutes. La plaque sup\u00e9rieure avec contrepoids permet une r\u00e9partition uniforme de la chaleur et emp\u00eache les aliments d&rsquo;\u00eatre \u00e9cras\u00e9s par le poids de la plaque. Fourni avec un grattoir pour retirer facilement la graisse et les aliments br\u00fbl\u00e9s.<\/p>\n<p>\u2022 Plaques de gril en fonte robustes et durables<br \/>\u2022 Le bac de r\u00e9cup\u00e9ration des gouttes\/graisses amovible r\u00e9duit les temps de nettoyage<br \/>\u2022 Les plaques sup\u00e9rieures pivotantes r\u00e9glables compriment les aliments et assurent des r\u00e9sultats de cuisson constants<br \/>\u2022 Grattoir \u00e0 gril fourni &#8211; commencez \u00e0 griller imm\u00e9diatement<br \/>\u2022 La plaque sup\u00e9rieure nervur\u00e9e \u00e0 contrepoids facilite le levage et l&rsquo;abaissement.<br \/>\u2022 Contr\u00f4le simple de la temp\u00e9rature par cadran &#8211; r\u00e9glage pr\u00e9cis de la temp\u00e9rature en quelques secondes<br \/>\u2022 Chauffage rapide : cuisinez sur commande et \u00e9conomisez de l&rsquo;\u00e9nergie pendant les heures les plus calmes.<\/p>\n<p><b><u>Caract\u00e9ristiques du produit :<\/u><\/b><br \/>\u2022 Dim. : 210(H) x 550(L) x 395(P) mm<br \/>\u2022 Mati\u00e8re : Inox 430<br \/>\u2022 Temp\u00e9rature : 100 \u00b0C \u00e0 300 \u00b0C<br \/>\u2022 Voltage : 230V<br \/>\u2022 Poids : 28,5 kg<br \/>\u2022 Couleur : Argent.<\/p>\n","protected":false},"excerpt":{"rendered":"<p>Puissance : 2,9 kW. Double grill. Plaques sup\u00e9rieures plates et nervur\u00e9es<\/p>\n","protected":false},"featured_media":105552,"comment_status":"open","ping_status":"closed","template":"","meta":[],"product_brand":[],"product_cat":[1184,1160,1296,1179],"product_tag":[],"class_list":{"0":"post-109546","1":"product","2":"type-product","3":"status-publish","4":"has-post-thumbnail","6":"product_cat-grils-de-contact","7":"product_cat-materiel-electrique-et-de-cuisson","8":"product_cat-palettisable","9":"product_cat-petit-materiel","10":"product_shipping_class-free-shipping","12":"first","13":"instock","14":"featured","15":"taxable","16":"shipping-taxable","17":"purchasable","18":"product-type-simple"},"_links":{"self":[{"href":"https:\/\/abinox-chr-clim.com\/index.php\/wp-json\/wp\/v2\/product\/109546","targetHints":{"allow":["GET"]}}],"collection":[{"href":"https:\/\/abinox-chr-clim.com\/index.php\/wp-json\/wp\/v2\/product"}],"about":[{"href":"https:\/\/abinox-chr-clim.com\/index.php\/wp-json\/wp\/v2\/types\/product"}],"replies":[{"embeddable":true,"href":"https:\/\/abinox-chr-clim.com\/index.php\/wp-json\/wp\/v2\/comments?post=109546"}],"wp:featuredmedia":[{"embeddable":true,"href":"https:\/\/abinox-chr-clim.com\/index.php\/wp-json\/wp\/v2\/media\/105552"}],"wp:attachment":[{"href":"https:\/\/abinox-chr-clim.com\/index.php\/wp-json\/wp\/v2\/media?parent=109546"}],"wp:term":[{"taxonomy":"product_brand","embeddable":true,"href":"https:\/\/abinox-chr-clim.com\/index.php\/wp-json\/wp\/v2\/product_brand?post=109546"},{"taxonomy":"product_cat","embeddable":true,"href":"https:\/\/abinox-chr-clim.com\/index.php\/wp-json\/wp\/v2\/product_cat?post=109546"},{"taxonomy":"product_tag","embeddable":true,"href":"https:\/\/abinox-chr-clim.com\/index.php\/wp-json\/wp\/v2\/product_tag?post=109546"}],"curies":[{"name":"wp","href":"https:\/\/api.w.org\/{rel}","templated":true}]}}