{"id":109544,"date":"2025-05-29T11:06:18","date_gmt":"2025-05-29T09:06:18","guid":{"rendered":"https:\/\/abinox-chr-clim.com\/index.php\/product\/gril-de-contact-double-bistro-buffalo-rainure-rainure-2\/"},"modified":"2026-04-02T10:36:55","modified_gmt":"2026-04-02T08:36:55","slug":"gril-de-contact-double-bistro-buffalo-rainure-rainure-2","status":"publish","type":"product","link":"https:\/\/abinox-chr-clim.com\/index.php\/product\/gril-de-contact-double-bistro-buffalo-rainure-rainure-2\/","title":{"rendered":"Gril de contact double Bistro Buffalo rainur\u00e9\/rainur\u00e9"},"content":{"rendered":"<p>Gril de contact polyvalent \u00e0 deux plaques avec commandes ind\u00e9pendantes pour chaque c\u00f4t\u00e9. Plaques rainur\u00e9es en fonte pour une cuisson saine et des marques de gril.<\/p>\n<p>\u2022 Plaques de gril en fonte robuste pour une longue dur\u00e9e de vie<br \/>\u2022 R\u00e9f\u00e9rence soumise \u00e0 une Eco-participation de 1.38\u20ac par unit\u00e9 vendue applicable en France uniquement\u00a0<br \/>\u2022 Plaque sup\u00e9rieure \u00e9quilibr\u00e9e pour une cuisson sans tracas<br \/>\u2022 Commandes manuelles r\u00e9actives en fa\u00e7ade<br \/>\u2022 Plaques contr\u00f4l\u00e9es ind\u00e9pendamment avec chauffage rapide<br \/>\u2022 Bac de r\u00e9cup\u00e9ration de graisse amovible<br \/>\u2022 Plaques sup\u00e9rieures pivotantes r\u00e9glables pour maximiser la zone de cuisson<br \/>\u2022 Racleur de gril inclus pour un nettoyage efficace<br \/>\u2022 Veuillez noter que cet article d\u00e9passe 30 kg et qu&rsquo;en tant que tel, le transporteur peut n\u00e9cessiter une aide au moment de la livraison<\/p>\n<p><b><u>Caract\u00e9ristiques du produit :<\/u><\/b><br \/>\u2022 Dim. : 210(H) x 550(L) x 395(P) mm<br \/>\u2022 Mati\u00e8re : Inox 430<br \/>\u2022 Temp\u00e9rature : 100 \u00b0C \u00e0 300 \u00b0C<br \/>\u2022 Voltage : 230V<br \/>\u2022 Poids : 28 kg<br \/>\u2022 Couleur : Argent.<\/p>\n","protected":false},"excerpt":{"rendered":"<p>Puissance : 2,9kW. Gril double. Plaques sup\u00e9rieures et inf\u00e9rieures rainur\u00e9es<\/p>\n","protected":false},"featured_media":108325,"comment_status":"open","ping_status":"closed","template":"","meta":[],"product_brand":[],"product_cat":[1184,1160,1296,1179],"product_tag":[],"class_list":{"0":"post-109544","1":"product","2":"type-product","3":"status-publish","4":"has-post-thumbnail","6":"product_cat-grils-de-contact","7":"product_cat-materiel-electrique-et-de-cuisson","8":"product_cat-palettisable","9":"product_cat-petit-materiel","10":"product_shipping_class-free-shipping","12":"first","13":"instock","14":"featured","15":"taxable","16":"shipping-taxable","17":"purchasable","18":"product-type-simple"},"_links":{"self":[{"href":"https:\/\/abinox-chr-clim.com\/index.php\/wp-json\/wp\/v2\/product\/109544","targetHints":{"allow":["GET"]}}],"collection":[{"href":"https:\/\/abinox-chr-clim.com\/index.php\/wp-json\/wp\/v2\/product"}],"about":[{"href":"https:\/\/abinox-chr-clim.com\/index.php\/wp-json\/wp\/v2\/types\/product"}],"replies":[{"embeddable":true,"href":"https:\/\/abinox-chr-clim.com\/index.php\/wp-json\/wp\/v2\/comments?post=109544"}],"wp:featuredmedia":[{"embeddable":true,"href":"https:\/\/abinox-chr-clim.com\/index.php\/wp-json\/wp\/v2\/media\/108325"}],"wp:attachment":[{"href":"https:\/\/abinox-chr-clim.com\/index.php\/wp-json\/wp\/v2\/media?parent=109544"}],"wp:term":[{"taxonomy":"product_brand","embeddable":true,"href":"https:\/\/abinox-chr-clim.com\/index.php\/wp-json\/wp\/v2\/product_brand?post=109544"},{"taxonomy":"product_cat","embeddable":true,"href":"https:\/\/abinox-chr-clim.com\/index.php\/wp-json\/wp\/v2\/product_cat?post=109544"},{"taxonomy":"product_tag","embeddable":true,"href":"https:\/\/abinox-chr-clim.com\/index.php\/wp-json\/wp\/v2\/product_tag?post=109544"}],"curies":[{"name":"wp","href":"https:\/\/api.w.org\/{rel}","templated":true}]}}