{"id":109543,"date":"2025-05-29T11:06:16","date_gmt":"2025-05-29T09:06:16","guid":{"rendered":"https:\/\/abinox-chr-clim.com\/index.php\/product\/grand-gril-de-contact-simple-bistro-buffalo-lisse-lisse-2\/"},"modified":"2026-04-02T10:34:22","modified_gmt":"2026-04-02T08:34:22","slug":"grand-gril-de-contact-simple-bistro-buffalo-lisse-lisse-2","status":"publish","type":"product","link":"https:\/\/abinox-chr-clim.com\/index.php\/product\/grand-gril-de-contact-simple-bistro-buffalo-lisse-lisse-2\/","title":{"rendered":"Grand gril de contact simple Bistro Buffalo lisse\/lisse"},"content":{"rendered":"<p>Gril de comptoir puissant et professionnel avec des plaques en fonte antiadh\u00e9sives tr\u00e8s r\u00e9sistantes. Facile \u00e0 utiliser et \u00e0 nettoyer, avec une seule commande de temp\u00e9rature et une plaque sup\u00e9rieure \u00e9quilibr\u00e9e.<\/p>\n<p>\u2022 Plaques en fonte r\u00e9sistantes<br \/>\u2022 Plaque sup\u00e9rieure avec contrepoids<br \/>\u2022 Contr\u00f4le simple de la temp\u00e9rature<br \/>\u2022 R\u00e9f\u00e9rence soumise \u00e0 une Eco-participation de 1.13\u20ac par unit\u00e9 vendue applicable en France uniquement\u00a0<br \/>\u2022 Surface de cuisson : 300 x 226mm<br \/>\u2022 Plaque sup\u00e9rieure pivotante r\u00e9glable<br \/>\u2022 Bac de r\u00e9cup\u00e9ration des graisses amovible<br \/>\u2022 Plaque sup\u00e9rieure pivotante r\u00e9glable<br \/>\u2022 Contr\u00f4le du thermostat et voyant lumineux<br \/>\u2022 Avec grattoir<\/p>\n<p><b><u>Caract\u00e9ristiques du produit :<\/u><\/b><br \/>\u2022 Dim. : 210(H) x 380(L) x 395(P) mm<br \/>\u2022 Mati\u00e8re : Inox 430<br \/>\u2022 Temp\u00e9rature : 100 \u00b0C \u00e0 300 \u00b0C<br \/>\u2022 Voltage : 230V<br \/>\u2022 Poids : 19,6 kg<br \/>\u2022 Couleur : Argent.<\/p>\n","protected":false},"excerpt":{"rendered":"<p>Puissance : 2,2kW. Grand. Plaques sup\u00e9rieures et inf\u00e9rieures lisses<\/p>\n","protected":false},"featured_media":106075,"comment_status":"open","ping_status":"closed","template":"","meta":[],"product_brand":[],"product_cat":[1184,1160,1296,1179],"product_tag":[],"class_list":{"0":"post-109543","1":"product","2":"type-product","3":"status-publish","4":"has-post-thumbnail","6":"product_cat-grils-de-contact","7":"product_cat-materiel-electrique-et-de-cuisson","8":"product_cat-palettisable","9":"product_cat-petit-materiel","10":"product_shipping_class-free-shipping","12":"first","13":"instock","14":"featured","15":"taxable","16":"shipping-taxable","17":"purchasable","18":"product-type-simple"},"_links":{"self":[{"href":"https:\/\/abinox-chr-clim.com\/index.php\/wp-json\/wp\/v2\/product\/109543","targetHints":{"allow":["GET"]}}],"collection":[{"href":"https:\/\/abinox-chr-clim.com\/index.php\/wp-json\/wp\/v2\/product"}],"about":[{"href":"https:\/\/abinox-chr-clim.com\/index.php\/wp-json\/wp\/v2\/types\/product"}],"replies":[{"embeddable":true,"href":"https:\/\/abinox-chr-clim.com\/index.php\/wp-json\/wp\/v2\/comments?post=109543"}],"wp:featuredmedia":[{"embeddable":true,"href":"https:\/\/abinox-chr-clim.com\/index.php\/wp-json\/wp\/v2\/media\/106075"}],"wp:attachment":[{"href":"https:\/\/abinox-chr-clim.com\/index.php\/wp-json\/wp\/v2\/media?parent=109543"}],"wp:term":[{"taxonomy":"product_brand","embeddable":true,"href":"https:\/\/abinox-chr-clim.com\/index.php\/wp-json\/wp\/v2\/product_brand?post=109543"},{"taxonomy":"product_cat","embeddable":true,"href":"https:\/\/abinox-chr-clim.com\/index.php\/wp-json\/wp\/v2\/product_cat?post=109543"},{"taxonomy":"product_tag","embeddable":true,"href":"https:\/\/abinox-chr-clim.com\/index.php\/wp-json\/wp\/v2\/product_tag?post=109543"}],"curies":[{"name":"wp","href":"https:\/\/api.w.org\/{rel}","templated":true}]}}