{"id":109542,"date":"2025-05-29T11:06:15","date_gmt":"2025-05-29T09:06:15","guid":{"rendered":"https:\/\/abinox-chr-clim.com\/index.php\/product\/gril-de-contact-simple-bistro-buffalo-rainure-rainure-2\/"},"modified":"2026-04-02T10:52:11","modified_gmt":"2026-04-02T08:52:11","slug":"gril-de-contact-simple-bistro-buffalo-rainure-rainure-2","status":"publish","type":"product","link":"https:\/\/abinox-chr-clim.com\/index.php\/product\/gril-de-contact-simple-bistro-buffalo-rainure-rainure-2\/","title":{"rendered":"Gril de contact simple Bistro Buffalo rainur\u00e9\/rainur\u00e9"},"content":{"rendered":"<p>Gril de contact professionnel compact de 1,5 kW, puissant et fiable, avec plaques sup\u00e9rieure et inf\u00e9rieure rainur\u00e9es.<\/p>\n<p>\u2022 Plaques de gril en fonte \u00e9maill\u00e9e pour une excellente r\u00e9tention de la chaleur<br \/>\u2022 Plaque sup\u00e9rieure \u00e0 contrepoids pour une cuisson uniforme et sans contrainte<br \/>\u2022 Commandes manuelles r\u00e9actives mont\u00e9es \u00e0 l&rsquo;avant<br \/>\u2022 R\u00e9f\u00e9rence soumise \u00e0 une Eco-participation de 0.81\u20ac par unit\u00e9 vendue applicable en France uniquement\u00a0<br \/>\u2022 Bac de r\u00e9cup\u00e9ration des graisses amovible et facile \u00e0 nettoyer<br \/>\u2022 Plaques sup\u00e9rieures pivotantes r\u00e9glables pour maximiser la surface de cuisson<br \/>\u2022 Plaque sup\u00e9rieure \u00e9quilibr\u00e9e pour une cuisson homog\u00e8ne et sans souci<br \/>\u2022 Commandes manuelles r\u00e9actives en fa\u00e7ade<br \/>\u2022 Chauffe rapide &#8211; commencez \u00e0 cuisiner plus vite<br \/>\u2022 Plaques en fonte \u00e9maill\u00e9e &#8211; pas besoin de culottage et r\u00e9sistantes \u00e0 la rouille<br \/>\u2022 Dimensions de la plaque de cuisson : Sup\u00e9rieure : 215x215mm. Inf\u00e9rieure : 230&#215;225 mm<\/p>\n<p><b><u>Caract\u00e9ristiques du produit :<\/u><\/b><br \/>\u2022 Dim. : 210(H) x 290(L) x 395(P) mm<br \/>\u2022 Mati\u00e8re : Inox 430<br \/>\u2022 Temp\u00e9rature : 100 \u00b0C \u00e0 300 \u00b0C<br \/>\u2022 Voltage : 230V<br \/>\u2022 Poids : 14 kg<br \/>\u2022 Couleur : Argent.<\/p>\n","protected":false},"excerpt":{"rendered":"<p>Puissance : 1,5kW. Gril simple. Plaques sup\u00e9rieures et inf\u00e9rieures rainur\u00e9es<\/p>\n","protected":false},"featured_media":106536,"comment_status":"open","ping_status":"closed","template":"","meta":[],"product_brand":[],"product_cat":[1184,1160,1296,1179],"product_tag":[],"class_list":{"0":"post-109542","1":"product","2":"type-product","3":"status-publish","4":"has-post-thumbnail","6":"product_cat-grils-de-contact","7":"product_cat-materiel-electrique-et-de-cuisson","8":"product_cat-palettisable","9":"product_cat-petit-materiel","10":"product_shipping_class-free-shipping","12":"first","13":"instock","14":"featured","15":"taxable","16":"shipping-taxable","17":"purchasable","18":"product-type-simple"},"_links":{"self":[{"href":"https:\/\/abinox-chr-clim.com\/index.php\/wp-json\/wp\/v2\/product\/109542","targetHints":{"allow":["GET"]}}],"collection":[{"href":"https:\/\/abinox-chr-clim.com\/index.php\/wp-json\/wp\/v2\/product"}],"about":[{"href":"https:\/\/abinox-chr-clim.com\/index.php\/wp-json\/wp\/v2\/types\/product"}],"replies":[{"embeddable":true,"href":"https:\/\/abinox-chr-clim.com\/index.php\/wp-json\/wp\/v2\/comments?post=109542"}],"wp:featuredmedia":[{"embeddable":true,"href":"https:\/\/abinox-chr-clim.com\/index.php\/wp-json\/wp\/v2\/media\/106536"}],"wp:attachment":[{"href":"https:\/\/abinox-chr-clim.com\/index.php\/wp-json\/wp\/v2\/media?parent=109542"}],"wp:term":[{"taxonomy":"product_brand","embeddable":true,"href":"https:\/\/abinox-chr-clim.com\/index.php\/wp-json\/wp\/v2\/product_brand?post=109542"},{"taxonomy":"product_cat","embeddable":true,"href":"https:\/\/abinox-chr-clim.com\/index.php\/wp-json\/wp\/v2\/product_cat?post=109542"},{"taxonomy":"product_tag","embeddable":true,"href":"https:\/\/abinox-chr-clim.com\/index.php\/wp-json\/wp\/v2\/product_tag?post=109542"}],"curies":[{"name":"wp","href":"https:\/\/api.w.org\/{rel}","templated":true}]}}