{"id":109540,"date":"2025-05-29T11:06:11","date_gmt":"2025-05-29T09:06:11","guid":{"rendered":"https:\/\/abinox-chr-clim.com\/index.php\/product\/soubassement-buffalo-serie-600-400-mm\/"},"modified":"2026-04-29T11:06:45","modified_gmt":"2026-04-29T09:06:45","slug":"soubassement-buffalo-serie-600-400-mm","status":"publish","type":"product","link":"https:\/\/abinox-chr-clim.com\/index.php\/product\/soubassement-buffalo-serie-600-400-mm\/","title":{"rendered":"Soubassement Buffalo S\u00e9rie 600 400 mm"},"content":{"rendered":"<p>Soubassement ind\u00e9pendant avec rangement int\u00e9rieur. Construction solide en acier inoxydable. Con\u00e7u pour poser des appareils de cuisine sur le dessus.<\/p>\n<p>\u2022 \u00c9quip\u00e9 de pieds solides de 150 mm et r\u00e9glables en hauteur pour une installation plane<br \/>\u2022 Soubassement grande capacit\u00e9, id\u00e9al pour le rangement des batteries de cuisine et des ustensiles<br \/>\u2022 Portes double paroi avec poign\u00e9e ergonomique et serrure magn\u00e9tique &#8211; faciles \u00e0 ouvrir et \u00e0 maintenir ferm\u00e9es<br \/>\u2022 Construit en acier inoxydable solide &#8211; facile \u00e0 entretenir et \u00e0 nettoyer<br \/>\u2022 Sp\u00e9cialement con\u00e7u pour poser sur le dessus les appareils Buffalo s\u00e9rie 600 de 400 mm de large<\/p>\n<p><b><u>Caract\u00e9ristiques du produit :<\/u><\/b><br \/>\u2022 Dim. : 610(H) x 400(L) x 550(P) mm<br \/>\u2022 Poids : 12,8 kg.<\/p>\n","protected":false},"excerpt":{"rendered":"<p>Largeur : 400 mm<\/p>\n","protected":false},"featured_media":106074,"comment_status":"open","ping_status":"closed","template":"","meta":[],"product_brand":[],"product_cat":[1147,1153,1146,1297],"product_tag":[],"class_list":{"0":"post-109540","1":"product","2":"type-product","3":"status-publish","4":"has-post-thumbnail","6":"product_cat-chariots-et-rayonnages","7":"product_cat-etageres-murales-et-placards","8":"product_cat-mobilier-de-cuisine-chariots-et-echelles","9":"product_cat-non-palettisable","10":"product_shipping_class-free-shipping","12":"first","13":"instock","14":"featured","15":"taxable","16":"shipping-taxable","17":"purchasable","18":"product-type-simple"},"_links":{"self":[{"href":"https:\/\/abinox-chr-clim.com\/index.php\/wp-json\/wp\/v2\/product\/109540","targetHints":{"allow":["GET"]}}],"collection":[{"href":"https:\/\/abinox-chr-clim.com\/index.php\/wp-json\/wp\/v2\/product"}],"about":[{"href":"https:\/\/abinox-chr-clim.com\/index.php\/wp-json\/wp\/v2\/types\/product"}],"replies":[{"embeddable":true,"href":"https:\/\/abinox-chr-clim.com\/index.php\/wp-json\/wp\/v2\/comments?post=109540"}],"wp:featuredmedia":[{"embeddable":true,"href":"https:\/\/abinox-chr-clim.com\/index.php\/wp-json\/wp\/v2\/media\/106074"}],"wp:attachment":[{"href":"https:\/\/abinox-chr-clim.com\/index.php\/wp-json\/wp\/v2\/media?parent=109540"}],"wp:term":[{"taxonomy":"product_brand","embeddable":true,"href":"https:\/\/abinox-chr-clim.com\/index.php\/wp-json\/wp\/v2\/product_brand?post=109540"},{"taxonomy":"product_cat","embeddable":true,"href":"https:\/\/abinox-chr-clim.com\/index.php\/wp-json\/wp\/v2\/product_cat?post=109540"},{"taxonomy":"product_tag","embeddable":true,"href":"https:\/\/abinox-chr-clim.com\/index.php\/wp-json\/wp\/v2\/product_tag?post=109540"}],"curies":[{"name":"wp","href":"https:\/\/api.w.org\/{rel}","templated":true}]}}