{"id":109537,"date":"2025-05-29T11:06:05","date_gmt":"2025-05-29T09:06:05","guid":{"rendered":"https:\/\/abinox-chr-clim.com\/index.php\/product\/bain-marie-buffalo-serie-600\/"},"modified":"2026-04-02T10:12:15","modified_gmt":"2026-04-02T08:12:15","slug":"bain-marie-buffalo-serie-600","status":"publish","type":"product","link":"https:\/\/abinox-chr-clim.com\/index.php\/product\/bain-marie-buffalo-serie-600\/","title":{"rendered":"Bain-marie Buffalo S\u00e9rie 600"},"content":{"rendered":"<p>Bain-marie fiable format GN 1\/1, avec cadran de r\u00e9glage de la temp\u00e9rature facile \u00e0 utiliser. \u00c9quip\u00e9 d&rsquo;un robinet de vidange en fa\u00e7ade.<\/p>\n<p>\u2022 Contr\u00f4le de temp\u00e9rature \u00e0 cadran convivial &#8211; eau jusqu&rsquo;\u00e0 90\u00b0C<br \/>\u2022 Cuve en acier inoxydable soud\u00e9 sans joints<br \/>\u2022 Grande capacit\u00e9 GN 1\/1<br \/>\u2022 Robinet de vidange en fa\u00e7ade &#8211; le bain-marie est vid\u00e9 rapidement<br \/>\u2022 Protection contre la surchauffe avec fonction de r\u00e9initialisation simple<br \/>\u2022 Fonctionnement \u00e0 chaleur humide douce (uniquement)<br \/>\u2022 Id\u00e9al pour les aliments liquides tels que les soupes, les sauces et les pur\u00e9es<br \/>\u2022 Bacs\/entretoises GN vendus s\u00e9par\u00e9ment &#8211; configurez les bacs en fonction de votre menu<\/p>\n<p><b><u>Caract\u00e9ristiques du produit :<\/u><\/b><br \/>\u2022 Dim. : 240(H) x 400(L) x 600(P) mm<br \/>\u2022 Temp\u00e9rature : 30 \u00b0C \u00e0 90 \u00b0C<br \/>\u2022 Voltage : 230V<br \/>\u2022 Poids : 11,5 kg<br \/>\u2022 Type : Electrique<br \/>\u2022 Couleur : Argent.<\/p>\n","protected":false},"excerpt":{"rendered":"<p>1,5 kW. Largeur : 400 mm. Capacit\u00e9 : GN 1\/1. REMARQUE : Unit\u00e9 de comptoir uniquement. Soubassement vendu s\u00e9par\u00e9ment.<\/p>\n","protected":false},"featured_media":106073,"comment_status":"open","ping_status":"closed","template":"","meta":[],"product_brand":[],"product_cat":[1198,1160,1296,1197],"product_tag":[],"class_list":{"0":"post-109537","1":"product","2":"type-product","3":"status-publish","4":"has-post-thumbnail","6":"product_cat-bain-marie","7":"product_cat-materiel-electrique-et-de-cuisson","8":"product_cat-palettisable","9":"product_cat-service-presentation","10":"product_shipping_class-free-shipping","12":"first","13":"instock","14":"featured","15":"taxable","16":"shipping-taxable","17":"purchasable","18":"product-type-simple"},"_links":{"self":[{"href":"https:\/\/abinox-chr-clim.com\/index.php\/wp-json\/wp\/v2\/product\/109537","targetHints":{"allow":["GET"]}}],"collection":[{"href":"https:\/\/abinox-chr-clim.com\/index.php\/wp-json\/wp\/v2\/product"}],"about":[{"href":"https:\/\/abinox-chr-clim.com\/index.php\/wp-json\/wp\/v2\/types\/product"}],"replies":[{"embeddable":true,"href":"https:\/\/abinox-chr-clim.com\/index.php\/wp-json\/wp\/v2\/comments?post=109537"}],"wp:featuredmedia":[{"embeddable":true,"href":"https:\/\/abinox-chr-clim.com\/index.php\/wp-json\/wp\/v2\/media\/106073"}],"wp:attachment":[{"href":"https:\/\/abinox-chr-clim.com\/index.php\/wp-json\/wp\/v2\/media?parent=109537"}],"wp:term":[{"taxonomy":"product_brand","embeddable":true,"href":"https:\/\/abinox-chr-clim.com\/index.php\/wp-json\/wp\/v2\/product_brand?post=109537"},{"taxonomy":"product_cat","embeddable":true,"href":"https:\/\/abinox-chr-clim.com\/index.php\/wp-json\/wp\/v2\/product_cat?post=109537"},{"taxonomy":"product_tag","embeddable":true,"href":"https:\/\/abinox-chr-clim.com\/index.php\/wp-json\/wp\/v2\/product_tag?post=109537"}],"curies":[{"name":"wp","href":"https:\/\/api.w.org\/{rel}","templated":true}]}}