{"id":109535,"date":"2025-05-29T11:06:01","date_gmt":"2025-05-29T09:06:01","guid":{"rendered":"https:\/\/abinox-chr-clim.com\/index.php\/product\/cuiseur-a-pates-electrique-buffalo-serie-600\/"},"modified":"2026-04-13T07:56:18","modified_gmt":"2026-04-13T05:56:18","slug":"cuiseur-a-pates-electrique-buffalo-serie-600","status":"publish","type":"product","link":"https:\/\/abinox-chr-clim.com\/index.php\/product\/cuiseur-a-pates-electrique-buffalo-serie-600\/","title":{"rendered":"Cuiseur \u00e0 p\u00e2tes \u00e9lectrique Buffalo S\u00e9rie 600"},"content":{"rendered":"<p>Cuiseur \u00e0 p\u00e2tes grande capacit\u00e9 avec contr\u00f4le pr\u00e9cis de la temp\u00e9rature de l&rsquo;eau. Se raccorde \u00e0 une source d&rsquo;eau permanente pour un remplissage facile. Vidange par un robinet mont\u00e9 \u00e0 l&rsquo;avant.<\/p>\n<p>\u2022 Id\u00e9al pour les p\u00e2tes, les nouilles, le riz, les raviolis et les l\u00e9gumes<br \/>\u2022 R\u00e9servoir grande capacit\u00e9 de 15 litres<br \/>\u2022 Robinet de vidange frontal pour une \u00e9vacuation rapide et facile de l&rsquo;eau<br \/>\u2022 Cuve et \u00e9l\u00e9ments en acier inoxydable r\u00e9sistant \u00e0 la corrosion pour une longue dur\u00e9e de vie<br \/>\u2022 Le contr\u00f4le de temp\u00e9rature \u00e0 cadran convivial maintient une temp\u00e9rature pr\u00e9cise de l&rsquo;eau<br \/>\u2022 3 paniers en acier inoxydable &#8211; cuisinez des portions sur commande<br \/>\u2022 Le dispositif de coupure thermique emp\u00eache la surchauffe et les dommages<br \/>\u2022 Raccordement 3\/4&Prime; \u00e0 l&rsquo;alimentation en eau pour un remplissage rapide et facile<\/p>\n<p><b><u>Caract\u00e9ristiques du produit :<\/u><\/b><br \/>\u2022 Dim. : 240(H) x 400(L) x 600(P) mm<br \/>\u2022 Temp\u00e9rature : 30 \u00b0C \u00e0 110 \u00b0C<br \/>\u2022 Voltage : 230V<br \/>\u2022 Poids : 14 kg<br \/>\u2022 Type : Electrique<br \/>\u2022 Couleur : Argent.<\/p>\n","protected":false},"excerpt":{"rendered":"<p>3,4 kW. Largeur : 400 mm. REMARQUE : Unit\u00e9 de comptoir uniquement. Soubassement vendu s\u00e9par\u00e9ment.<\/p>\n","protected":false},"featured_media":108322,"comment_status":"open","ping_status":"closed","template":"","meta":[],"product_brand":[],"product_cat":[1181,1160,1297,1179],"product_tag":[],"class_list":{"0":"post-109535","1":"product","2":"type-product","3":"status-publish","4":"has-post-thumbnail","6":"product_cat-cuiseurs-a-riz-et-pates","7":"product_cat-materiel-electrique-et-de-cuisson","8":"product_cat-non-palettisable","9":"product_cat-petit-materiel","10":"product_shipping_class-free-shipping","12":"first","13":"instock","14":"featured","15":"taxable","16":"shipping-taxable","17":"purchasable","18":"product-type-simple"},"_links":{"self":[{"href":"https:\/\/abinox-chr-clim.com\/index.php\/wp-json\/wp\/v2\/product\/109535","targetHints":{"allow":["GET"]}}],"collection":[{"href":"https:\/\/abinox-chr-clim.com\/index.php\/wp-json\/wp\/v2\/product"}],"about":[{"href":"https:\/\/abinox-chr-clim.com\/index.php\/wp-json\/wp\/v2\/types\/product"}],"replies":[{"embeddable":true,"href":"https:\/\/abinox-chr-clim.com\/index.php\/wp-json\/wp\/v2\/comments?post=109535"}],"wp:featuredmedia":[{"embeddable":true,"href":"https:\/\/abinox-chr-clim.com\/index.php\/wp-json\/wp\/v2\/media\/108322"}],"wp:attachment":[{"href":"https:\/\/abinox-chr-clim.com\/index.php\/wp-json\/wp\/v2\/media?parent=109535"}],"wp:term":[{"taxonomy":"product_brand","embeddable":true,"href":"https:\/\/abinox-chr-clim.com\/index.php\/wp-json\/wp\/v2\/product_brand?post=109535"},{"taxonomy":"product_cat","embeddable":true,"href":"https:\/\/abinox-chr-clim.com\/index.php\/wp-json\/wp\/v2\/product_cat?post=109535"},{"taxonomy":"product_tag","embeddable":true,"href":"https:\/\/abinox-chr-clim.com\/index.php\/wp-json\/wp\/v2\/product_tag?post=109535"}],"curies":[{"name":"wp","href":"https:\/\/api.w.org\/{rel}","templated":true}]}}