{"id":109532,"date":"2025-05-29T11:05:55","date_gmt":"2025-05-29T09:05:55","guid":{"rendered":"https:\/\/abinox-chr-clim.com\/index.php\/product\/plaque-chauffante-electrique-double-zone-buffalo-serie-600-600-mm\/"},"modified":"2026-04-20T10:31:30","modified_gmt":"2026-04-20T08:31:30","slug":"plaque-chauffante-electrique-double-zone-buffalo-serie-600-600-mm","status":"publish","type":"product","link":"https:\/\/abinox-chr-clim.com\/index.php\/product\/plaque-chauffante-electrique-double-zone-buffalo-serie-600-600-mm\/","title":{"rendered":"Plaque chauffante \u00e9lectrique double zone Buffalo s\u00e9rie 600, 600 mm"},"content":{"rendered":"<p>Planchas de comptoir fiables avec mont\u00e9e et retour en temp\u00e9rature rapides. Comprend un tiroir de r\u00e9cup\u00e9ration des graisses grande capacit\u00e9.<\/p>\n<p>\u2022 La plaque en acier doux durable de 10 mm d&rsquo;\u00e9paisseur retient la chaleur plus longtemps<br \/>\u2022 Grand tiroir de r\u00e9cup\u00e9ration des graisses d&rsquo;une capacit\u00e9 de 1 litre<br \/>\u2022 Commande \u00e0 molette conviviale 50-300\u00b0C<br \/>\u2022 Les r\u00e9sistances plac\u00e9es sous la plaque de cuisson assurent une r\u00e9partition homog\u00e8ne de la chaleur et une mont\u00e9e en temp\u00e9rature rapide<br \/>\u2022 Hautes protections anti-\u00e9claboussures en acier inoxydable \u00e0 l&rsquo;arri\u00e8re et sur les c\u00f4t\u00e9s de la surface de cuisson<br \/>\u2022 Les plaques enti\u00e8rement soud\u00e9es \u00e9vitent de pi\u00e9ger la salet\u00e9 et permettent un nettoyage facile<br \/>\u2022 La plaque lisse maximise le contact entre les aliments et la surface de cuisson, r\u00e9duisant ainsi les temps de cuisson<br \/>\u2022 Deux zones de chaleur avec commandes ind\u00e9pendantes pour une cuisson polyvalente<\/p>\n<p><b><u>Caract\u00e9ristiques du produit :<\/u><\/b><br \/>\u2022 Dim. : 240(H) x 600(L) x 600(P) mm<br \/>\u2022 Temp\u00e9rature : 50 \u00b0C \u00e0 300 \u00b0C<br \/>\u2022 Voltage : 400V<br \/>\u2022 Poids : 35,1 kg<br \/>\u2022 Type : Electrique<br \/>\u2022 Couleur : Argent.<\/p>\n","protected":false},"excerpt":{"rendered":"<p>4,5 kW. Largeur : 600 mm. Assiette lisse. REMARQUE : Unit\u00e9 de comptoir uniquement. Soubassement vendu s\u00e9par\u00e9ment.<\/p>\n","protected":false},"featured_media":108319,"comment_status":"open","ping_status":"closed","template":"","meta":[],"product_brand":[],"product_cat":[1180,1160,1297,1179],"product_tag":[],"class_list":{"0":"post-109532","1":"product","2":"type-product","3":"status-publish","4":"has-post-thumbnail","6":"product_cat-chauffe-aliments","7":"product_cat-materiel-electrique-et-de-cuisson","8":"product_cat-non-palettisable","9":"product_cat-petit-materiel","10":"product_shipping_class-free-shipping","12":"first","13":"instock","14":"featured","15":"taxable","16":"shipping-taxable","17":"purchasable","18":"product-type-simple"},"_links":{"self":[{"href":"https:\/\/abinox-chr-clim.com\/index.php\/wp-json\/wp\/v2\/product\/109532","targetHints":{"allow":["GET"]}}],"collection":[{"href":"https:\/\/abinox-chr-clim.com\/index.php\/wp-json\/wp\/v2\/product"}],"about":[{"href":"https:\/\/abinox-chr-clim.com\/index.php\/wp-json\/wp\/v2\/types\/product"}],"replies":[{"embeddable":true,"href":"https:\/\/abinox-chr-clim.com\/index.php\/wp-json\/wp\/v2\/comments?post=109532"}],"wp:featuredmedia":[{"embeddable":true,"href":"https:\/\/abinox-chr-clim.com\/index.php\/wp-json\/wp\/v2\/media\/108319"}],"wp:attachment":[{"href":"https:\/\/abinox-chr-clim.com\/index.php\/wp-json\/wp\/v2\/media?parent=109532"}],"wp:term":[{"taxonomy":"product_brand","embeddable":true,"href":"https:\/\/abinox-chr-clim.com\/index.php\/wp-json\/wp\/v2\/product_brand?post=109532"},{"taxonomy":"product_cat","embeddable":true,"href":"https:\/\/abinox-chr-clim.com\/index.php\/wp-json\/wp\/v2\/product_cat?post=109532"},{"taxonomy":"product_tag","embeddable":true,"href":"https:\/\/abinox-chr-clim.com\/index.php\/wp-json\/wp\/v2\/product_tag?post=109532"}],"curies":[{"name":"wp","href":"https:\/\/api.w.org\/{rel}","templated":true}]}}