{"id":109527,"date":"2025-05-29T11:05:45","date_gmt":"2025-05-29T09:05:45","guid":{"rendered":"https:\/\/abinox-chr-clim.com\/index.php\/product\/four-a-convection-dessous-de-comptoir-buffalo-serie-600\/"},"modified":"2026-04-02T10:12:07","modified_gmt":"2026-04-02T08:12:07","slug":"four-a-convection-dessous-de-comptoir-buffalo-serie-600","status":"publish","type":"product","link":"https:\/\/abinox-chr-clim.com\/index.php\/product\/four-a-convection-dessous-de-comptoir-buffalo-serie-600\/","title":{"rendered":"Four \u00e0 convection dessous de comptoir Buffalo S\u00e9rie 600"},"content":{"rendered":"<p>Four ventil\u00e9 modulaire pour comptoir avec base int\u00e9gr\u00e9e et pieds r\u00e9glables. La partie sup\u00e9rieure permet l&rsquo;installation de n&rsquo;importe quel appareil de comptoir de la s\u00e9rie 600. Inclut la fonction grill.<\/p>\n<p>\u2022 Large plage de temp\u00e9rature de 50 \u00e0 300\u00b0C<br \/>\u2022 Porte du four de 40 mm d&rsquo;\u00e9paisseur \u00e9quip\u00e9e d&rsquo;une poign\u00e9e ergonomique solide<br \/>\u2022 Fonction gril &#8211; cuire et dorer les plats<br \/>\u2022 Ventilateur puissant pour une cuisson homog\u00e8ne<br \/>\u2022 3 \u00e9tag\u00e8res format GN 1\/1 et 1 grille<br \/>\u2022 Utilisez tout l&rsquo;espace disponible dans votre cuisine &#8211; Permet d&rsquo;installer un appareil de la s\u00e9rie 600 (600 mm de large) sur le dessus<br \/>\u2022 Commandes \u00e0 cadran conviviales<\/p>\n<p><b><u>Caract\u00e9ristiques du produit :<\/u><\/b><br \/>\u2022 Dim. : 610(H) x 600(L) x 550(P) mm<br \/>\u2022 Temp\u00e9rature : 60 \u00b0C \u00e0 300 \u00b0C<br \/>\u2022 Voltage : 230V<br \/>\u2022 Poids : 37 kg<br \/>\u2022 Type : Electrique<br \/>\u2022 Couleur : Argent.<\/p>\n","protected":false},"excerpt":{"rendered":"<p>3 kW. Capacit\u00e9 : 3x GN 1\/1<\/p>\n","protected":false},"featured_media":108316,"comment_status":"open","ping_status":"closed","template":"","meta":[],"product_brand":[],"product_cat":[1176,1160,1175,1297],"product_tag":[],"class_list":{"0":"post-109527","1":"product","2":"type-product","3":"status-publish","4":"has-post-thumbnail","6":"product_cat-fours-a-convection","7":"product_cat-materiel-electrique-et-de-cuisson","8":"product_cat-micro-ondes-et-fours","9":"product_cat-non-palettisable","10":"product_shipping_class-free-shipping","12":"first","13":"instock","14":"featured","15":"taxable","16":"shipping-taxable","17":"purchasable","18":"product-type-simple"},"_links":{"self":[{"href":"https:\/\/abinox-chr-clim.com\/index.php\/wp-json\/wp\/v2\/product\/109527","targetHints":{"allow":["GET"]}}],"collection":[{"href":"https:\/\/abinox-chr-clim.com\/index.php\/wp-json\/wp\/v2\/product"}],"about":[{"href":"https:\/\/abinox-chr-clim.com\/index.php\/wp-json\/wp\/v2\/types\/product"}],"replies":[{"embeddable":true,"href":"https:\/\/abinox-chr-clim.com\/index.php\/wp-json\/wp\/v2\/comments?post=109527"}],"wp:featuredmedia":[{"embeddable":true,"href":"https:\/\/abinox-chr-clim.com\/index.php\/wp-json\/wp\/v2\/media\/108316"}],"wp:attachment":[{"href":"https:\/\/abinox-chr-clim.com\/index.php\/wp-json\/wp\/v2\/media?parent=109527"}],"wp:term":[{"taxonomy":"product_brand","embeddable":true,"href":"https:\/\/abinox-chr-clim.com\/index.php\/wp-json\/wp\/v2\/product_brand?post=109527"},{"taxonomy":"product_cat","embeddable":true,"href":"https:\/\/abinox-chr-clim.com\/index.php\/wp-json\/wp\/v2\/product_cat?post=109527"},{"taxonomy":"product_tag","embeddable":true,"href":"https:\/\/abinox-chr-clim.com\/index.php\/wp-json\/wp\/v2\/product_tag?post=109527"}],"curies":[{"name":"wp","href":"https:\/\/api.w.org\/{rel}","templated":true}]}}