{"id":109516,"date":"2025-05-29T11:05:25","date_gmt":"2025-05-29T09:05:25","guid":{"rendered":"https:\/\/abinox-chr-clim.com\/index.php\/product\/sacs-de-mise-sous-vide-gaufres-vogue-200x250mm-lot-de-50\/"},"modified":"2025-08-26T14:54:45","modified_gmt":"2025-08-26T12:54:45","slug":"sacs-de-mise-sous-vide-gaufres-vogue-200x250mm-lot-de-50","status":"publish","type":"product","link":"https:\/\/abinox-chr-clim.com\/index.php\/product\/sacs-de-mise-sous-vide-gaufres-vogue-200x250mm-lot-de-50\/","title":{"rendered":"Sacs de mise sous vide gaufr\u00e9s Vogue 200x250mm (lot de 50)"},"content":{"rendered":"<p>Sacs d&#8217;emballage sous vide gaufr\u00e9s pr\u00eats \u00e0 sceller, pour la cong\u00e9lation, la r\u00e9frig\u00e9ration, le micro-ondes et l&rsquo;\u00e9bullition. Plage de temp\u00e9rature de -18\u00b0C \u00e0 +100\u00b0C. Epaisseur : c\u00f4t\u00e9 lisse 75 \u00b5, c\u00f4t\u00e9 gaufr\u00e9 90 \u00b5. Sacs adapt\u00e9s pour toutes nos machines de mise sous vide.<\/p>\n<p>\u2022 Construction durable emp\u00eachant les fuites ou la contamination<br \/>\u2022 \u00c9paisseur 75 microns<br \/>\u2022 Id\u00e9al pour la pr\u00e9paration avant un service, gain de temps<br \/>\u2022 Convient pour une utilisation avec les machines sous vide<br \/>\u2022 Peut aider \u00e0 conserver les aliments jusqu&rsquo;\u00e0 3 \u00e0 5 fois plus longtemps que le stockage non sous vide, r\u00e9duisant le gaspillage alimentaire<br \/>\u2022 Aide \u00e0 r\u00e9duire la d\u00e9shydratation des aliments et les br\u00fblures de cong\u00e9lation<br \/>\u2022 Stockage exceptionnel &#8211; \u00e0 l&rsquo;\u00e9preuve de la moisissure, de l&rsquo;humidit\u00e9, des insectes et des odeurs<br \/>\u2022 Convient aux machines \u00e0 emballage sous vide externes<br \/>\u2022 Transparent pour identifier facilement le contenu<\/p>\n<p><b><u>Caract\u00e9ristiques du produit :<\/u><\/b><br \/>\u2022 Lot : 50.0<br \/>\u2022 Dim. : 22(H) x 252(L) x 202(P) mm<br \/>\u2022 Mati\u00e8re : Polyester et Polyamide<br \/>\u2022 Poids : 392 g<br \/>\u2022 Couleur : Transparent.<\/p>\n","protected":false},"excerpt":{"rendered":"<p>200(l)x250(L)mm. \u00c9paisseur 75 microns<\/p>\n","protected":false},"featured_media":107013,"comment_status":"open","ping_status":"closed","template":"","meta":[],"product_brand":[],"product_cat":[1277,1297],"product_tag":[],"class_list":{"0":"post-109516","1":"product","2":"type-product","3":"status-publish","4":"has-post-thumbnail","6":"product_cat-divers-principal","7":"product_cat-non-palettisable","8":"product_shipping_class-free-shipping","10":"first","11":"outofstock","12":"featured","13":"taxable","14":"shipping-taxable","15":"purchasable","16":"product-type-simple"},"_links":{"self":[{"href":"https:\/\/abinox-chr-clim.com\/index.php\/wp-json\/wp\/v2\/product\/109516","targetHints":{"allow":["GET"]}}],"collection":[{"href":"https:\/\/abinox-chr-clim.com\/index.php\/wp-json\/wp\/v2\/product"}],"about":[{"href":"https:\/\/abinox-chr-clim.com\/index.php\/wp-json\/wp\/v2\/types\/product"}],"replies":[{"embeddable":true,"href":"https:\/\/abinox-chr-clim.com\/index.php\/wp-json\/wp\/v2\/comments?post=109516"}],"wp:featuredmedia":[{"embeddable":true,"href":"https:\/\/abinox-chr-clim.com\/index.php\/wp-json\/wp\/v2\/media\/107013"}],"wp:attachment":[{"href":"https:\/\/abinox-chr-clim.com\/index.php\/wp-json\/wp\/v2\/media?parent=109516"}],"wp:term":[{"taxonomy":"product_brand","embeddable":true,"href":"https:\/\/abinox-chr-clim.com\/index.php\/wp-json\/wp\/v2\/product_brand?post=109516"},{"taxonomy":"product_cat","embeddable":true,"href":"https:\/\/abinox-chr-clim.com\/index.php\/wp-json\/wp\/v2\/product_cat?post=109516"},{"taxonomy":"product_tag","embeddable":true,"href":"https:\/\/abinox-chr-clim.com\/index.php\/wp-json\/wp\/v2\/product_tag?post=109516"}],"curies":[{"name":"wp","href":"https:\/\/api.w.org\/{rel}","templated":true}]}}