{"id":109514,"date":"2025-05-29T11:05:21","date_gmt":"2025-05-29T09:05:21","guid":{"rendered":"https:\/\/abinox-chr-clim.com\/index.php\/product\/couteaux-a-steak-amefa-royal-palissandre-lot-de-6\/"},"modified":"2026-04-02T10:30:58","modified_gmt":"2026-04-02T08:30:58","slug":"couteaux-a-steak-amefa-royal-palissandre-lot-de-6","status":"publish","type":"product","link":"https:\/\/abinox-chr-clim.com\/index.php\/product\/couteaux-a-steak-amefa-royal-palissandre-lot-de-6\/","title":{"rendered":"Couteaux \u00e0 steak Amefa Royal palissandre (lot de 6)"},"content":{"rendered":"<p>Am\u00e9liorez votre service de steak avec les couteaux \u00e0 steak Amefa Virgule. Dot\u00e9s d&rsquo;une conception pleine soie avec une poign\u00e9e rivet\u00e9e, ces couteaux sont extr\u00eamement durables et peuvent supporter une utilisation intensive sans montrer de signes d&rsquo;usure. Gr\u00e2ce \u00e0 leurs lames dentel\u00e9es, les couteaux Amefa coupent facilement les steaks &#8211; facilitant ainsi l&rsquo;exp\u00e9rience culinaire pour les convives.La poign\u00e9e \u00e0 effet bois de rose \u00e9l\u00e9gant ajoute une touche de sophistication qui contribue \u00e0 embellir vos pr\u00e9sentations de table. De plus, la poign\u00e9e ergonomique suit la forme naturelle de la main, ce qui les rend confortables \u00e0 utiliser.<br \/><b><u>Caract\u00e9ristiques du produit :<\/u><\/b><br \/>\u2022 Lot : 6.0<br \/>\u2022 Dim. : 255(L) mm<br \/>\u2022 Mati\u00e8re : Inox<br \/>\u2022 Poids : 86 g.<\/p>\n","protected":false},"excerpt":{"rendered":"<p>Manche palissandre.<\/p>\n","protected":false},"featured_media":108312,"comment_status":"open","ping_status":"closed","template":"","meta":[],"product_brand":[],"product_cat":[1023,1035,1031,1297],"product_tag":[],"class_list":{"0":"post-109514","1":"product","2":"type-product","3":"status-publish","4":"has-post-thumbnail","6":"product_cat-art-de-la-table","7":"product_cat-couteaux-et-fourchettes-a-steak","8":"product_cat-couverts","9":"product_cat-non-palettisable","10":"product_shipping_class-free-shipping","12":"first","13":"outofstock","14":"featured","15":"taxable","16":"shipping-taxable","17":"purchasable","18":"product-type-simple"},"_links":{"self":[{"href":"https:\/\/abinox-chr-clim.com\/index.php\/wp-json\/wp\/v2\/product\/109514","targetHints":{"allow":["GET"]}}],"collection":[{"href":"https:\/\/abinox-chr-clim.com\/index.php\/wp-json\/wp\/v2\/product"}],"about":[{"href":"https:\/\/abinox-chr-clim.com\/index.php\/wp-json\/wp\/v2\/types\/product"}],"replies":[{"embeddable":true,"href":"https:\/\/abinox-chr-clim.com\/index.php\/wp-json\/wp\/v2\/comments?post=109514"}],"wp:featuredmedia":[{"embeddable":true,"href":"https:\/\/abinox-chr-clim.com\/index.php\/wp-json\/wp\/v2\/media\/108312"}],"wp:attachment":[{"href":"https:\/\/abinox-chr-clim.com\/index.php\/wp-json\/wp\/v2\/media?parent=109514"}],"wp:term":[{"taxonomy":"product_brand","embeddable":true,"href":"https:\/\/abinox-chr-clim.com\/index.php\/wp-json\/wp\/v2\/product_brand?post=109514"},{"taxonomy":"product_cat","embeddable":true,"href":"https:\/\/abinox-chr-clim.com\/index.php\/wp-json\/wp\/v2\/product_cat?post=109514"},{"taxonomy":"product_tag","embeddable":true,"href":"https:\/\/abinox-chr-clim.com\/index.php\/wp-json\/wp\/v2\/product_tag?post=109514"}],"curies":[{"name":"wp","href":"https:\/\/api.w.org\/{rel}","templated":true}]}}