{"id":109511,"date":"2025-05-29T11:05:16","date_gmt":"2025-05-29T09:05:16","guid":{"rendered":"https:\/\/abinox-chr-clim.com\/index.php\/product\/gril-salamandre-nisbets-essentials\/"},"modified":"2026-04-23T09:34:16","modified_gmt":"2026-04-23T07:34:16","slug":"gril-salamandre-nisbets-essentials","status":"publish","type":"product","link":"https:\/\/abinox-chr-clim.com\/index.php\/product\/gril-salamandre-nisbets-essentials\/","title":{"rendered":"Gril salamandre Nisbets Essentials"},"content":{"rendered":"<p>Gril en acier inoxydable avec r\u00e9sistance quartz \u00e0 chauffe rapide, thermostat r\u00e9glable en fa\u00e7ade et minuterie. Plage de temp\u00e9rature de 100\u00b0C \u00e0 300\u00b0C.<\/p>\n<p>\u2022 Commande de temp\u00e9rature \u00e0\u00a0 simple cadran<br \/>\u2022 Six tubes chauffants en quartz r\u00e9sistants ; 3 en haut et 3 en bas<br \/>\u2022 Minuterie manuelle int\u00e9gr\u00e9e<br \/>\u2022 R\u00e9f\u00e9rence soumise \u00e0 une Eco-participation de 0.5\u20ac par unit\u00e9 vendue applicable en France uniquement\u00a0<br \/>\u2022 A\u00e9ration lat\u00e9rale<br \/>\u2022 Grille amovible une position<\/p>\n<p><b><u>Caract\u00e9ristiques du produit :<\/u><\/b><br \/>\u2022 Dim. : 275(H) x 440(L) x 280(P) mm<br \/>\u2022 Mati\u00e8re : Inox<br \/>\u2022 Puissance : 2100 W<br \/>\u2022 Voltage : 230V<br \/>\u2022 Poids : 7 kg<br \/>\u2022 Couleur : Argent.<\/p>\n","protected":false},"excerpt":{"rendered":"<p>Electrique. Puissance : 2,1kW. Largeur : 440mm<\/p>\n","protected":false},"featured_media":107463,"comment_status":"open","ping_status":"closed","template":"","meta":[],"product_brand":[],"product_cat":[1180,1160,1297,1179],"product_tag":[],"class_list":{"0":"post-109511","1":"product","2":"type-product","3":"status-publish","4":"has-post-thumbnail","6":"product_cat-chauffe-aliments","7":"product_cat-materiel-electrique-et-de-cuisson","8":"product_cat-non-palettisable","9":"product_cat-petit-materiel","10":"product_shipping_class-free-shipping","12":"first","13":"instock","14":"featured","15":"taxable","16":"shipping-taxable","17":"purchasable","18":"product-type-simple"},"_links":{"self":[{"href":"https:\/\/abinox-chr-clim.com\/index.php\/wp-json\/wp\/v2\/product\/109511","targetHints":{"allow":["GET"]}}],"collection":[{"href":"https:\/\/abinox-chr-clim.com\/index.php\/wp-json\/wp\/v2\/product"}],"about":[{"href":"https:\/\/abinox-chr-clim.com\/index.php\/wp-json\/wp\/v2\/types\/product"}],"replies":[{"embeddable":true,"href":"https:\/\/abinox-chr-clim.com\/index.php\/wp-json\/wp\/v2\/comments?post=109511"}],"wp:featuredmedia":[{"embeddable":true,"href":"https:\/\/abinox-chr-clim.com\/index.php\/wp-json\/wp\/v2\/media\/107463"}],"wp:attachment":[{"href":"https:\/\/abinox-chr-clim.com\/index.php\/wp-json\/wp\/v2\/media?parent=109511"}],"wp:term":[{"taxonomy":"product_brand","embeddable":true,"href":"https:\/\/abinox-chr-clim.com\/index.php\/wp-json\/wp\/v2\/product_brand?post=109511"},{"taxonomy":"product_cat","embeddable":true,"href":"https:\/\/abinox-chr-clim.com\/index.php\/wp-json\/wp\/v2\/product_cat?post=109511"},{"taxonomy":"product_tag","embeddable":true,"href":"https:\/\/abinox-chr-clim.com\/index.php\/wp-json\/wp\/v2\/product_tag?post=109511"}],"curies":[{"name":"wp","href":"https:\/\/api.w.org\/{rel}","templated":true}]}}