{"id":109510,"date":"2025-05-29T11:05:14","date_gmt":"2025-05-29T09:05:14","guid":{"rendered":"https:\/\/abinox-chr-clim.com\/index.php\/product\/assiettes-coupes-rondes-churchill-stonecast-samphire-green-182mm-lot-de-12\/"},"modified":"2026-04-02T10:15:07","modified_gmt":"2026-04-02T08:15:07","slug":"assiettes-coupes-rondes-churchill-stonecast-samphire-green-182mm-lot-de-12","status":"publish","type":"product","link":"https:\/\/abinox-chr-clim.com\/index.php\/product\/assiettes-coupes-rondes-churchill-stonecast-samphire-green-182mm-lot-de-12\/","title":{"rendered":"Assiettes coupes rondes Churchill Stonecast Samphire Green 182mm (Lot de 12)"},"content":{"rendered":"<p>\u00c9levez vos pr\u00e9sentations de table \u00e0 de nouveaux sommets avec la beaut\u00e9 de ces coupes Churchill.Le magnifique et somptueux vert salicorne de ces bols est assez splendide pour porter vos tables \u00e0 un tout autre niveau de luxe. Rendre vos tables attrayantes et s\u00e9duisantes est un excellent moyen d&rsquo;impressionner vos invit\u00e9s avant m\u00eame qu&rsquo;ils n&rsquo;aient go\u00fbt\u00e9 \u00e0 la nourriture ou aux boissons. Faisant partie de la collection Stonecast, cela signifie que chaque produit est d\u00e9cor\u00e9 \u00e0 la main avec de fines taches et un bord rustique d&rsquo;une riche couleur brun dor\u00e9 &#8211; rendant chaque pi\u00e8ce unique pour cette v\u00e9ritable exclusivit\u00e9 si importante de nos jours. La couleur et la brillance de ces bols ont vraiment le pouvoir d&rsquo;\u00e9pater vos invit\u00e9s. Compatibles avec le micro-ondes et le lave-vaisselle pour vous faire gagner du temps, les bols sont \u00e9galement des pi\u00e8ces de vaisselle tr\u00e8s pratiques pour vos tables.Amenez d\u00e8s maintenant vos pr\u00e9sentations de table \u00e0 un nouveau niveau avec ces bols de la marque experte de vaisselle Churchill.<\/p>\n<p>\u2022 Lave-vaisselle<br \/>\u2022 Passe au micro-ondes<br \/>\u2022 D\u00e9cor\u00e9 \u00e0 la main<br \/>\u2022 Inspir\u00e9 par les saisons changeantes et les ingr\u00e9dients frais<br \/>\u2022 Chaque pi\u00e8ce est unique<br \/>\u2022 Pied vitr\u00e9<br \/>\u2022 De la marque sp\u00e9cialis\u00e9e en vaisselle Churchill<\/p>\n<p><b><u>Caract\u00e9ristiques du produit :<\/u><\/b><br \/>\u2022 Lot : 12.0<br \/>\u2022 Capacit\u00e9 : 430 ml<br \/>\u2022 Dim. : 182(L) mm<br \/>\u2022 Mati\u00e8re : C\u00e9ramique super vitrifi\u00e9e<br \/>\u2022 Poids : 440 g<br \/>\u2022 Couleur : Vert.<\/p>\n","protected":false},"excerpt":{"rendered":"<p>182(\u00d8)mm. Quantit\u00e9 par paquet : 12<\/p>\n","protected":false},"featured_media":108310,"comment_status":"open","ping_status":"closed","template":"","meta":[],"product_brand":[],"product_cat":[1023,1045,1297,1043],"product_tag":[],"class_list":{"0":"post-109510","1":"product","2":"type-product","3":"status-publish","4":"has-post-thumbnail","6":"product_cat-art-de-la-table","7":"product_cat-divers-vaisselle","8":"product_cat-non-palettisable","9":"product_cat-vaisselle","10":"product_shipping_class-free-shipping","12":"first","13":"outofstock","14":"featured","15":"taxable","16":"shipping-taxable","17":"purchasable","18":"product-type-simple"},"_links":{"self":[{"href":"https:\/\/abinox-chr-clim.com\/index.php\/wp-json\/wp\/v2\/product\/109510","targetHints":{"allow":["GET"]}}],"collection":[{"href":"https:\/\/abinox-chr-clim.com\/index.php\/wp-json\/wp\/v2\/product"}],"about":[{"href":"https:\/\/abinox-chr-clim.com\/index.php\/wp-json\/wp\/v2\/types\/product"}],"replies":[{"embeddable":true,"href":"https:\/\/abinox-chr-clim.com\/index.php\/wp-json\/wp\/v2\/comments?post=109510"}],"wp:featuredmedia":[{"embeddable":true,"href":"https:\/\/abinox-chr-clim.com\/index.php\/wp-json\/wp\/v2\/media\/108310"}],"wp:attachment":[{"href":"https:\/\/abinox-chr-clim.com\/index.php\/wp-json\/wp\/v2\/media?parent=109510"}],"wp:term":[{"taxonomy":"product_brand","embeddable":true,"href":"https:\/\/abinox-chr-clim.com\/index.php\/wp-json\/wp\/v2\/product_brand?post=109510"},{"taxonomy":"product_cat","embeddable":true,"href":"https:\/\/abinox-chr-clim.com\/index.php\/wp-json\/wp\/v2\/product_cat?post=109510"},{"taxonomy":"product_tag","embeddable":true,"href":"https:\/\/abinox-chr-clim.com\/index.php\/wp-json\/wp\/v2\/product_tag?post=109510"}],"curies":[{"name":"wp","href":"https:\/\/api.w.org\/{rel}","templated":true}]}}