{"id":109508,"date":"2025-05-29T11:05:10","date_gmt":"2025-05-29T09:05:10","guid":{"rendered":"https:\/\/abinox-chr-clim.com\/index.php\/product\/moule-a-quiche-crusty-bake-masterclass-250mm\/"},"modified":"2026-04-02T10:37:06","modified_gmt":"2026-04-02T08:37:06","slug":"moule-a-quiche-crusty-bake-masterclass-250mm","status":"publish","type":"product","link":"https:\/\/abinox-chr-clim.com\/index.php\/product\/moule-a-quiche-crusty-bake-masterclass-250mm\/","title":{"rendered":"Moule \u00e0 quiche Crusty Bake Masterclass 250mm"},"content":{"rendered":"<p>Le fond perfor\u00e9 garantit une cro\u00fbte croustillante. Peut \u00eatre lav\u00e9 au lave-vaisselle.<\/p>\n<p>\u2022 Perforations pour assurer une cuisson homog\u00e8ne<br \/>\u2022 Fond amovible pour un d\u00e9moulage facile<br \/>\u2022 Le rev\u00eatement antiadh\u00e9sif garantit un retrait parfait<br \/>\u2022 L&rsquo;acier carbone offre une excellente r\u00e9partition de la chaleur<br \/>\u2022 Compatible lave-vaisselle, four, r\u00e9frig\u00e9rateur et cong\u00e9lateur pour une utilisation polyvalente<br \/>\u2022 Sans BPA<\/p>\n<p><b><u>Caract\u00e9ristiques du produit :<\/u><\/b><br \/>\u2022 Dim. : 30(H) x 250(\u00d8) mm<br \/>\u2022 Mati\u00e8re : Acier au carbone<br \/>\u2022 Poids : 436 g.<\/p>\n","protected":false},"excerpt":{"rendered":"<p>Diam\u00e8tre: 250mm<\/p>\n","protected":false},"featured_media":106069,"comment_status":"open","ping_status":"closed","template":"","meta":[],"product_brand":[],"product_cat":[1064,1091,1297,1087],"product_tag":[],"class_list":{"0":"post-109508","1":"product","2":"type-product","3":"status-publish","4":"has-post-thumbnail","6":"product_cat-cuisine","7":"product_cat-moules-a-gateaux","8":"product_cat-non-palettisable","9":"product_cat-patisserie","10":"product_shipping_class-free-shipping","12":"first","13":"outofstock","14":"featured","15":"taxable","16":"shipping-taxable","17":"purchasable","18":"product-type-simple"},"_links":{"self":[{"href":"https:\/\/abinox-chr-clim.com\/index.php\/wp-json\/wp\/v2\/product\/109508","targetHints":{"allow":["GET"]}}],"collection":[{"href":"https:\/\/abinox-chr-clim.com\/index.php\/wp-json\/wp\/v2\/product"}],"about":[{"href":"https:\/\/abinox-chr-clim.com\/index.php\/wp-json\/wp\/v2\/types\/product"}],"replies":[{"embeddable":true,"href":"https:\/\/abinox-chr-clim.com\/index.php\/wp-json\/wp\/v2\/comments?post=109508"}],"wp:featuredmedia":[{"embeddable":true,"href":"https:\/\/abinox-chr-clim.com\/index.php\/wp-json\/wp\/v2\/media\/106069"}],"wp:attachment":[{"href":"https:\/\/abinox-chr-clim.com\/index.php\/wp-json\/wp\/v2\/media?parent=109508"}],"wp:term":[{"taxonomy":"product_brand","embeddable":true,"href":"https:\/\/abinox-chr-clim.com\/index.php\/wp-json\/wp\/v2\/product_brand?post=109508"},{"taxonomy":"product_cat","embeddable":true,"href":"https:\/\/abinox-chr-clim.com\/index.php\/wp-json\/wp\/v2\/product_cat?post=109508"},{"taxonomy":"product_tag","embeddable":true,"href":"https:\/\/abinox-chr-clim.com\/index.php\/wp-json\/wp\/v2\/product_tag?post=109508"}],"curies":[{"name":"wp","href":"https:\/\/api.w.org\/{rel}","templated":true}]}}