{"id":109507,"date":"2025-05-29T11:05:09","date_gmt":"2025-05-29T09:05:09","guid":{"rendered":"https:\/\/abinox-chr-clim.com\/index.php\/product\/plaque-a-patisserie-antiadhesive-masterclass-crusty-bake-12-godets\/"},"modified":"2026-04-20T10:56:42","modified_gmt":"2026-04-20T08:56:42","slug":"plaque-a-patisserie-antiadhesive-masterclass-crusty-bake-12-godets","status":"publish","type":"product","link":"https:\/\/abinox-chr-clim.com\/index.php\/product\/plaque-a-patisserie-antiadhesive-masterclass-crusty-bake-12-godets\/","title":{"rendered":"Plaque \u00e0 p\u00e2tisserie antiadh\u00e9sive Masterclass Crusty Bake 12 godets"},"content":{"rendered":"<p>Acier carbone perfor\u00e9. Dimensions de la plaque (mm) : 240(L) x 320(P). Taille des godets (mm) : 24(H) x 32(\u00d8).<\/p>\n<p>\u2022 Compatible lave-vaisselle, four, r\u00e9frig\u00e9rateur et cong\u00e9lateur<br \/>\u2022 Rev\u00eatement antiadh\u00e9sif Quantum 2<br \/>\u2022 Perforations<br \/>\u2022 Sans BPA<\/p>\n<p><b><u>Caract\u00e9ristiques du produit :<\/u><\/b><br \/>\u2022 Dim. : 14(H) x 240(L) x 320(P) mm<br \/>\u2022 Mati\u00e8re : Acier au carbone<br \/>\u2022 Poids : 494 g.<\/p>\n","protected":false},"excerpt":{"rendered":"<p>Taille : 14(H) x 240(L) x 320(P)mm. 12 godets<\/p>\n","protected":false},"featured_media":108308,"comment_status":"open","ping_status":"closed","template":"","meta":[],"product_brand":[],"product_cat":[1277,1297],"product_tag":[],"class_list":{"0":"post-109507","1":"product","2":"type-product","3":"status-publish","4":"has-post-thumbnail","6":"product_cat-divers-principal","7":"product_cat-non-palettisable","8":"product_shipping_class-free-shipping","10":"first","11":"outofstock","12":"featured","13":"taxable","14":"shipping-taxable","15":"purchasable","16":"product-type-simple"},"_links":{"self":[{"href":"https:\/\/abinox-chr-clim.com\/index.php\/wp-json\/wp\/v2\/product\/109507","targetHints":{"allow":["GET"]}}],"collection":[{"href":"https:\/\/abinox-chr-clim.com\/index.php\/wp-json\/wp\/v2\/product"}],"about":[{"href":"https:\/\/abinox-chr-clim.com\/index.php\/wp-json\/wp\/v2\/types\/product"}],"replies":[{"embeddable":true,"href":"https:\/\/abinox-chr-clim.com\/index.php\/wp-json\/wp\/v2\/comments?post=109507"}],"wp:featuredmedia":[{"embeddable":true,"href":"https:\/\/abinox-chr-clim.com\/index.php\/wp-json\/wp\/v2\/media\/108308"}],"wp:attachment":[{"href":"https:\/\/abinox-chr-clim.com\/index.php\/wp-json\/wp\/v2\/media?parent=109507"}],"wp:term":[{"taxonomy":"product_brand","embeddable":true,"href":"https:\/\/abinox-chr-clim.com\/index.php\/wp-json\/wp\/v2\/product_brand?post=109507"},{"taxonomy":"product_cat","embeddable":true,"href":"https:\/\/abinox-chr-clim.com\/index.php\/wp-json\/wp\/v2\/product_cat?post=109507"},{"taxonomy":"product_tag","embeddable":true,"href":"https:\/\/abinox-chr-clim.com\/index.php\/wp-json\/wp\/v2\/product_tag?post=109507"}],"curies":[{"name":"wp","href":"https:\/\/api.w.org\/{rel}","templated":true}]}}