{"id":109506,"date":"2025-05-29T11:05:07","date_gmt":"2025-05-29T09:05:07","guid":{"rendered":"https:\/\/abinox-chr-clim.com\/index.php\/product\/moule-a-pain-perfore-masterclass-crusty-bake-910g\/"},"modified":"2026-04-02T10:37:02","modified_gmt":"2026-04-02T08:37:02","slug":"moule-a-pain-perfore-masterclass-crusty-bake-910g","status":"publish","type":"product","link":"https:\/\/abinox-chr-clim.com\/index.php\/product\/moule-a-pain-perfore-masterclass-crusty-bake-910g\/","title":{"rendered":"Moule \u00e0 pain perfor\u00e9 Masterclass Crusty Bake 910g"},"content":{"rendered":"<p>Acier carbone. Perfor\u00e9 pour du pain croustillant.<\/p>\n<p>\u2022 Construction en acier carbone pour une cuisson uniforme<br \/>\u2022 Le rev\u00eatement antiadh\u00e9sif permet de retirer facilement les pains<br \/>\u2022 Compatible avec le four et le cong\u00e9lateur pour une utilisation polyvalente<br \/>\u2022 Sans BPA &#8211; s\u00fbr pour une utilisation alimentaire<br \/>\u2022 Compatible lave-vaisselle pour un nettoyage rapide<\/p>\n<p><b><u>Caract\u00e9ristiques du produit :<\/u><\/b><br \/>\u2022 Dim. : 70(H) x 110(L) x 210(P) mm<br \/>\u2022 Mati\u00e8re : Acier au carbone<br \/>\u2022 Poids : 484 g.<\/p>\n","protected":false},"excerpt":{"rendered":"<p>Capacit\u00e9 : 910g<\/p>\n","protected":false},"featured_media":106068,"comment_status":"open","ping_status":"closed","template":"","meta":[],"product_brand":[],"product_cat":[1064,1091,1297,1087],"product_tag":[],"class_list":{"0":"post-109506","1":"product","2":"type-product","3":"status-publish","4":"has-post-thumbnail","6":"product_cat-cuisine","7":"product_cat-moules-a-gateaux","8":"product_cat-non-palettisable","9":"product_cat-patisserie","10":"product_shipping_class-free-shipping","12":"first","13":"instock","14":"featured","15":"taxable","16":"shipping-taxable","17":"purchasable","18":"product-type-simple"},"_links":{"self":[{"href":"https:\/\/abinox-chr-clim.com\/index.php\/wp-json\/wp\/v2\/product\/109506","targetHints":{"allow":["GET"]}}],"collection":[{"href":"https:\/\/abinox-chr-clim.com\/index.php\/wp-json\/wp\/v2\/product"}],"about":[{"href":"https:\/\/abinox-chr-clim.com\/index.php\/wp-json\/wp\/v2\/types\/product"}],"replies":[{"embeddable":true,"href":"https:\/\/abinox-chr-clim.com\/index.php\/wp-json\/wp\/v2\/comments?post=109506"}],"wp:featuredmedia":[{"embeddable":true,"href":"https:\/\/abinox-chr-clim.com\/index.php\/wp-json\/wp\/v2\/media\/106068"}],"wp:attachment":[{"href":"https:\/\/abinox-chr-clim.com\/index.php\/wp-json\/wp\/v2\/media?parent=109506"}],"wp:term":[{"taxonomy":"product_brand","embeddable":true,"href":"https:\/\/abinox-chr-clim.com\/index.php\/wp-json\/wp\/v2\/product_brand?post=109506"},{"taxonomy":"product_cat","embeddable":true,"href":"https:\/\/abinox-chr-clim.com\/index.php\/wp-json\/wp\/v2\/product_cat?post=109506"},{"taxonomy":"product_tag","embeddable":true,"href":"https:\/\/abinox-chr-clim.com\/index.php\/wp-json\/wp\/v2\/product_tag?post=109506"}],"curies":[{"name":"wp","href":"https:\/\/api.w.org\/{rel}","templated":true}]}}