{"id":109505,"date":"2025-05-29T11:05:04","date_gmt":"2025-05-29T09:05:04","guid":{"rendered":"https:\/\/abinox-chr-clim.com\/index.php\/product\/plaque-a-baguettes-antiadhesive-masterclass-crusty-bake\/"},"modified":"2026-04-15T10:53:45","modified_gmt":"2026-04-15T08:53:45","slug":"plaque-a-baguettes-antiadhesive-masterclass-crusty-bake","status":"publish","type":"product","link":"https:\/\/abinox-chr-clim.com\/index.php\/product\/plaque-a-baguettes-antiadhesive-masterclass-crusty-bake\/","title":{"rendered":"Plaque \u00e0 baguettes antiadh\u00e9sive MasterClass Crusty Bake"},"content":{"rendered":"<p>Acier carbone antiadh\u00e9sif avec trous perfor\u00e9s pour la circulation de l&rsquo;air. Peut \u00eatre lav\u00e9 au lave-vaisselle.<\/p>\n<p>\u2022 Compatible lave-vaisselle, four, r\u00e9frig\u00e9rateur et cong\u00e9lateur<br \/>\u2022 &#8211;<br \/>\u2022 &#8211;<br \/>\u2022 &#8211;<br \/>\u2022 &#8211;<br \/>\u2022 &#8211;<br \/>\u2022 &#8211;<\/p>\n<p><b><u>Caract\u00e9ristiques du produit :<\/u><\/b><br \/>\u2022 Dim. : 25(H) x 165(L) x 390(P) mm<br \/>\u2022 Mati\u00e8re : Acier au carbone<br \/>\u2022 Poids : 600 g.<\/p>\n","protected":false},"excerpt":{"rendered":"<p>Taille : 25(H) x 165(L) x 390(P)mm. Mat\u00e9riau : acier carbone<\/p>\n","protected":false},"featured_media":106698,"comment_status":"open","ping_status":"closed","template":"","meta":[],"product_brand":[],"product_cat":[1277,1297],"product_tag":[],"class_list":{"0":"post-109505","1":"product","2":"type-product","3":"status-publish","4":"has-post-thumbnail","6":"product_cat-divers-principal","7":"product_cat-non-palettisable","8":"product_shipping_class-free-shipping","10":"first","11":"outofstock","12":"featured","13":"taxable","14":"shipping-taxable","15":"purchasable","16":"product-type-simple"},"_links":{"self":[{"href":"https:\/\/abinox-chr-clim.com\/index.php\/wp-json\/wp\/v2\/product\/109505","targetHints":{"allow":["GET"]}}],"collection":[{"href":"https:\/\/abinox-chr-clim.com\/index.php\/wp-json\/wp\/v2\/product"}],"about":[{"href":"https:\/\/abinox-chr-clim.com\/index.php\/wp-json\/wp\/v2\/types\/product"}],"replies":[{"embeddable":true,"href":"https:\/\/abinox-chr-clim.com\/index.php\/wp-json\/wp\/v2\/comments?post=109505"}],"wp:featuredmedia":[{"embeddable":true,"href":"https:\/\/abinox-chr-clim.com\/index.php\/wp-json\/wp\/v2\/media\/106698"}],"wp:attachment":[{"href":"https:\/\/abinox-chr-clim.com\/index.php\/wp-json\/wp\/v2\/media?parent=109505"}],"wp:term":[{"taxonomy":"product_brand","embeddable":true,"href":"https:\/\/abinox-chr-clim.com\/index.php\/wp-json\/wp\/v2\/product_brand?post=109505"},{"taxonomy":"product_cat","embeddable":true,"href":"https:\/\/abinox-chr-clim.com\/index.php\/wp-json\/wp\/v2\/product_cat?post=109505"},{"taxonomy":"product_tag","embeddable":true,"href":"https:\/\/abinox-chr-clim.com\/index.php\/wp-json\/wp\/v2\/product_tag?post=109505"}],"curies":[{"name":"wp","href":"https:\/\/api.w.org\/{rel}","templated":true}]}}